{"id":2899,"date":"2024-05-19T01:21:04","date_gmt":"2024-05-18T23:21:04","guid":{"rendered":"https:\/\/vonia24.com\/?page_id=2899"},"modified":"2024-05-19T01:25:06","modified_gmt":"2024-05-18T23:25:06","slug":"grazinimo-salygos","status":"publish","type":"page","link":"https:\/\/vonia24.com\/en\/grazinimo-salygos\/","title":{"rendered":"Return conditions"},"content":{"rendered":"<div data-elementor-type=\"wp-page\" data-elementor-id=\"2899\" class=\"elementor elementor-2899\" data-elementor-post-type=\"page\">\n\t\t\t\t\t\t<section class=\"elementor-section elementor-top-section elementor-element elementor-element-255281da elementor-section-boxed elementor-section-height-default elementor-section-height-default\" data-id=\"255281da\" data-element_type=\"section\" data-settings=\"{&quot;background_background&quot;:&quot;classic&quot;}\">\n\t\t\t\t\t\t\t<div class=\"elementor-background-overlay\"><\/div>\n\t\t\t\t\t\t\t<div class=\"elementor-container elementor-column-gap-default\">\n\t\t\t\t\t<div class=\"elementor-column elementor-col-100 elementor-top-column elementor-element elementor-element-7161f297\" data-id=\"7161f297\" data-element_type=\"column\">\n\t\t\t<div class=\"elementor-widget-wrap elementor-element-populated\">\n\t\t\t\t\t\t<div class=\"elementor-element elementor-element-7a471f92 elementor-invisible elementor-widget elementor-widget-heading\" data-id=\"7a471f92\" data-element_type=\"widget\" data-settings=\"{&quot;_animation&quot;:&quot;fadeInUp&quot;}\" data-widget_type=\"heading.default\">\n\t\t\t\t<div class=\"elementor-widget-container\">\n\t\t\t<h1 class=\"elementor-heading-title elementor-size-default\">Return conditions<\/h1>\t\t<\/div>\n\t\t\t\t<\/div>\n\t\t\t\t\t<\/div>\n\t\t<\/div>\n\t\t\t\t\t<\/div>\n\t\t<\/section>\n\t\t\t\t<section class=\"elementor-section elementor-top-section elementor-element elementor-element-17fab25d elementor-section-boxed elementor-section-height-default elementor-section-height-default\" data-id=\"17fab25d\" data-element_type=\"section\" data-settings=\"{&quot;background_background&quot;:&quot;classic&quot;}\">\n\t\t\t\t\t\t<div class=\"elementor-container elementor-column-gap-default\">\n\t\t\t\t\t<div class=\"elementor-column elementor-col-100 elementor-top-column elementor-element elementor-element-4220fb82 elementor-invisible\" data-id=\"4220fb82\" data-element_type=\"column\" data-settings=\"{&quot;animation&quot;:&quot;fadeInLeft&quot;}\">\n\t\t\t<div class=\"elementor-widget-wrap elementor-element-populated\">\n\t\t\t\t\t\t<div class=\"elementor-element elementor-element-52c31310 elementor-widget elementor-widget-heading\" data-id=\"52c31310\" data-element_type=\"widget\" data-widget_type=\"heading.default\">\n\t\t\t\t<div class=\"elementor-widget-container\">\n\t\t\t<h2 class=\"elementor-heading-title elementor-size-default\">Ugnisirvanduo return policy<\/h2>\t\t<\/div>\n\t\t\t\t<\/div>\n\t\t\t\t<div class=\"elementor-element elementor-element-6ad36ada elementor-widget elementor-widget-text-editor\" data-id=\"6ad36ada\" data-element_type=\"widget\" data-widget_type=\"text-editor.default\">\n\t\t\t\t<div class=\"elementor-widget-container\">\n\t\t\t\t\t\t\t<p>The Buyer (consumer) shall have the right to withdraw from the contract for the purchase and sale of the goods, without giving any reason, by notifying the Seller in writing within 14 days from the date of delivery of the goods, under the following conditions:<\/p><p>If the Seller receives a notice of withdrawal, the goods shall be returned at the Buyer's expense (i.e. the Buyer shall be liable for the cost of returning the goods) within 14 days of receipt of the notice.<\/p><p>Once the Seller has received the returned goods and assessed their quality, the price of the goods shall be refunded within 14 days of receipt of the written notice of withdrawal from the sale and purchase contract. If the Seller agrees to accept the returned goods, the Buyer must compensate for any loss incurred in returning the goods.<\/p><p>The product must be returned in the original packaging of the product and the parcel (including the instructions and warranty card, if they came with the product). When returning the goods, you must present the VAT invoice or any other document confirming the purchase and sale of the goods from the Seller and a completed and signed withdrawal form.<\/p><p>The buyer is responsible for assembling the returned goods. If the goods are not complete, the seller will not accept the returned goods.<\/p>\t\t\t\t\t\t<\/div>\n\t\t\t\t<\/div>\n\t\t\t\t\t<\/div>\n\t\t<\/div>\n\t\t\t\t\t<\/div>\n\t\t<\/section>\n\t\t\t\t<\/div>","protected":false},"excerpt":{"rendered":"<p>Ugnisirvanduo parduotuv\u0117s gr\u0105\u017einimo s\u0105lygos Pirk\u0117jas (vartotojas) turi teis\u0119, nenurod\u0119s prie\u017easties, atsisakyti prek\u0117s pirkimo ir pardavimo sutarties, prane\u0161\u0119s apie tai Pardav\u0117jui ra\u0161tu per 14 dien\u0173 nuo prek\u0117s pristatymo, \u0161iomis s\u0105lygomis: Pardav\u0117jui gavus prane\u0161im\u0105 apie atsisakym\u0105 pirkimo ir pardavimo sutarties, prek\u0117 gr\u0105\u017einama Pirk\u0117jo s\u0105skaita (t.y. Pirk\u0117jas privalo padengti prek\u0117s gr\u0105\u017einimo i\u0161laidas) per 14 dien\u0173 nuo prane\u0161imo gavimo. [&hellip;]<\/p>","protected":false},"author":1,"featured_media":0,"parent":0,"menu_order":0,"comment_status":"closed","ping_status":"closed","template":"elementor_header_footer","meta":{"footnotes":""},"class_list":["post-2899","page","type-page","status-publish","hentry"],"_links":{"self":[{"href":"https:\/\/vonia24.com\/en\/wp-json\/wp\/v2\/pages\/2899","targetHints":{"allow":["GET"]}}],"collection":[{"href":"https:\/\/vonia24.com\/en\/wp-json\/wp\/v2\/pages"}],"about":[{"href":"https:\/\/vonia24.com\/en\/wp-json\/wp\/v2\/types\/page"}],"author":[{"embeddable":true,"href":"https:\/\/vonia24.com\/en\/wp-json\/wp\/v2\/users\/1"}],"replies":[{"embeddable":true,"href":"https:\/\/vonia24.com\/en\/wp-json\/wp\/v2\/comments?post=2899"}],"version-history":[{"count":4,"href":"https:\/\/vonia24.com\/en\/wp-json\/wp\/v2\/pages\/2899\/revisions"}],"predecessor-version":[{"id":2903,"href":"https:\/\/vonia24.com\/en\/wp-json\/wp\/v2\/pages\/2899\/revisions\/2903"}],"wp:attachment":[{"href":"https:\/\/vonia24.com\/en\/wp-json\/wp\/v2\/media?parent=2899"}],"curies":[{"name":"wp","href":"https:\/\/api.w.org\/{rel}","templated":true}]}}