{"id":434,"date":"2023-09-26T14:15:58","date_gmt":"2023-09-26T12:15:58","guid":{"rendered":"https:\/\/vonia24.com\/?post_type=product&#038;p=434"},"modified":"2024-07-24T11:52:03","modified_gmt":"2024-07-24T09:52:03","slug":"heat-pump-york-ykf16arbw-split-16kw-ykf160anbe9","status":"publish","type":"product","link":"https:\/\/vonia24.com\/en\/product\/heat-pump-york-ykf16arbw-split-16kw-ykf160anbe9\/","title":{"rendered":"HEAT PUMP YORK YKF16ARBW SPLIT 16KW + YKF160ANBE9"},"content":{"rendered":"<p>I\u0161sami informacija apie gamin\u012f<\/p>\n<div><\/div>\n<div>Siurblio tipas<\/div>\n<div>Splitas<\/div>\n<div>\u012erenginio galia<\/div>\n<div>16 kW<\/div>\n<div>Elektrinis \u0161ildytuvas<\/div>\n<div>3 kW<\/div>\n<div>La\u0161\u0117jimo pad\u0117klo \u0161ildymas<\/div>\n<div>NE (pasirinktinai)<\/div>\n<div>Wi-Fi valdymas<\/div>\n<div>TAIP<\/div>\n<div>COP (A7\/W35)<\/div>\n<div>4,50<\/div>\n<div>Colour<\/div>\n<div>Balta<\/div>\n<div>Garantija<\/div>\n<div>2 metai (standartin\u0117)<\/div>\n<div><\/div>\n<div>\u0160ildymas A7\/W35<\/div>\n<div>Maitinimas<\/div>\n<div>16,00 kW<\/div>\n<div>Nominaliosios galios s\u0105naudos<\/div>\n<div>3,56 kW<\/div>\n<div>COP<\/div>\n<div>4,50<\/div>\n<div><\/div>\n<div>\u0160ildymas A7\/W55<\/div>\n<div>Power<\/div>\n<div>16,00 kW<\/div>\n<div>Vardin\u0117 \u012fvadin\u0117 galia<\/div>\n<div>5,52 kW<\/div>\n<div>COP<\/div>\n<div>2,90<\/div>\n<div><\/div>\n<div>\u0160ildymas A-7\/W35<\/div>\n<div>Maitinimas<\/div>\n<div>13,30 kW<\/div>\n<div>Vardin\u0117 \u012f\u0117jimo galia<\/div>\n<div>4,93 kW<\/div>\n<div>COP<\/div>\n<div>2,70<\/div>\n<div><\/div>\n<div>\u0160ildymas A-7\/W55<\/div>\n<div>Maitinimas<\/div>\n<div>12,50 kW<\/div>\n<div>Vardin\u0117 \u012fvadin\u0117 galia<\/div>\n<div>6,19 kW<\/div>\n<div>COP<\/div>\n<div>2,02<\/div>\n<div><\/div>\n<div>Au\u0161inimas A35\/W18<\/div>\n<div>Maitinimas<\/div>\n<div>14,90 kW<\/div>\n<div>Vardin\u0117 \u012f\u0117jimo galia<\/div>\n<div>4,38 kW<\/div>\n<div>EER<\/div>\n<div>3,40<\/div>\n<div><\/div>\n<div>Au\u0161inimas A35\/W7<\/div>\n<div>Maitinimas<\/div>\n<div>14,00 kW<\/div>\n<div>Nominaliosios galios s\u0105naudos<\/div>\n<div>5,71 kW<\/div>\n<div>EER<\/div>\n<div>2,45<\/div>\n<div><\/div>\n<div>Maitinimo \u0161altinis (V\/PF\/Hz)<\/div>\n<div>380-415\/3\/50<\/div>\n<div><\/div>\n<div>Rekomenduojamas saugiklis<\/div>\n<div>16 A<\/div>\n<div><\/div>\n<div>Rekomenduojamas kabelio skerspj\u016bvis<\/div>\n<div>5 x 2,5 mm2<\/div>\n<div><\/div>\n<div>Energijos vartojimo efektyvumo klas\u0117<\/div>\n<div>I\u0161leid\u017eiamas vanduo (35 \u00b0C)<\/div>\n<div>A+++<\/div>\n<div>I\u0161leid\u017eiamas vanduo (55 \u00b0C)<\/div>\n<div>A++<\/div>\n<div><\/div>\n<div>\u0160altne\u0161is<\/div>\n<div>Tipas (GWP)<\/div>\n<div>R32 (675)<\/div>\n<div>\u0160altne\u0161io \u012fkrovos kiekis<\/div>\n<div>1,65 kg<\/div>\n<div>Garso galios lygis<\/div>\n<div>68 dB<\/div>\n<div><\/div>\n<div>\u012erenginio matmenys<\/div>\n<div>Plotis<\/div>\n<div>1118 mm<\/div>\n<div>Auk\u0161tis<\/div>\n<div>865 mm<\/div>\n<div>Gylis<\/div>\n<div>523 mm<\/div>\n<div><\/div>\n<div>Pakuot\u0117s matmenys<\/div>\n<div>Plotis<\/div>\n<div>1180 mm<\/div>\n<div>Auk\u0161tis<\/div>\n<div>890 mm<\/div>\n<div>Gylis<\/div>\n<div>560 mm<\/div>\n<div><\/div>\n<div>Grynasis \/ bendrasis svoris<\/div>\n<div>112 \/ 125 kg<\/div>\n<div><\/div>\n<div>Vandens siurblys<\/div>\n<div>Did\u017eiausias vandens stulpas<\/div>\n<div>9 m<\/div>\n<div>Vandens pus\u0117s jungtis<\/div>\n<div>R1&#8243;<\/div>\n<div><\/div>\n<div>Darbinis diapazonas &#8211; lauko oro temperat\u016bra<\/div>\n<div>\u0160ildymas<\/div>\n<div>-25 \u00f7 35\u00b0C<\/div>\n<div>Kar\u0161to vandens ruo\u0161imas<\/div>\n<div>-25 \u00f7 43\u00b0C<\/div>\n<div>V\u0117sinimas<\/div>\n<div>-5 \u00f7 43\u00b0C<\/div>\n<div><\/div>\n<div>Vandens temperat\u016bros nustatymo diapazonas<\/div>\n<div>\u0160ildymas<\/div>\n<div>25 \u00f7 65\u00b0C<\/div>\n<div>Kar\u0161to vandens ruo\u0161imas<\/div>\n<div>30 \u00f7 60\u00b0C<\/div>\n<div>V\u0117sinimas<\/div>\n<div>5 \u00f7 25\u00b0C<\/div>","protected":false},"excerpt":{"rendered":"<p>SKU: YKF16ARB160E9<\/p>\n<p>Weight: 125.0 kg<\/p>","protected":false},"featured_media":435,"comment_status":"closed","ping_status":"closed","template":"","meta":[],"product_cat":[29,129,130],"product_tag":[],"class_list":{"0":"post-434","1":"product","2":"type-product","3":"status-publish","4":"has-post-thumbnail","6":"produktu-serija-split","7":"produkto-gamintojas-york","8":"product_cat-sildymas-vedinimas","9":"product_cat-silumos-siurbliai-sildymas","10":"product_cat-silumos-siurbliai-split","12":"first","13":"instock","14":"sale","15":"taxable","16":"shipping-taxable","17":"purchasable","18":"product-type-simple"},"_links":{"self":[{"href":"https:\/\/vonia24.com\/en\/wp-json\/wp\/v2\/product\/434","targetHints":{"allow":["GET"]}}],"collection":[{"href":"https:\/\/vonia24.com\/en\/wp-json\/wp\/v2\/product"}],"about":[{"href":"https:\/\/vonia24.com\/en\/wp-json\/wp\/v2\/types\/product"}],"replies":[{"embeddable":true,"href":"https:\/\/vonia24.com\/en\/wp-json\/wp\/v2\/comments?post=434"}],"wp:featuredmedia":[{"embeddable":true,"href":"https:\/\/vonia24.com\/en\/wp-json\/wp\/v2\/media\/435"}],"wp:attachment":[{"href":"https:\/\/vonia24.com\/en\/wp-json\/wp\/v2\/media?parent=434"}],"wp:term":[{"taxonomy":"product_cat","embeddable":true,"href":"https:\/\/vonia24.com\/en\/wp-json\/wp\/v2\/product_cat?post=434"},{"taxonomy":"product_tag","embeddable":true,"href":"https:\/\/vonia24.com\/en\/wp-json\/wp\/v2\/product_tag?post=434"}],"curies":[{"name":"wp","href":"https:\/\/api.w.org\/{rel}","templated":true}]}}