{"id":1526,"date":"2023-10-24T22:14:44","date_gmt":"2023-10-24T20:14:44","guid":{"rendered":"https:\/\/vonia24.com\/?page_id=1526"},"modified":"2023-10-24T22:19:45","modified_gmt":"2023-10-24T20:19:45","slug":"uzsisakykite","status":"publish","type":"page","link":"https:\/\/vonia24.com\/ru\/uzsisakykite\/","title":{"rendered":"U\u017esisakykite"},"content":{"rendered":"<div data-elementor-type=\"wp-page\" data-elementor-id=\"1526\" class=\"elementor elementor-1526\" data-elementor-post-type=\"page\">\n\t\t\t\t\t\t<section class=\"elementor-section elementor-top-section elementor-element elementor-element-3848c6c9 elementor-section-boxed elementor-section-height-default elementor-section-height-default\" data-id=\"3848c6c9\" data-element_type=\"section\" data-settings=\"{&quot;background_background&quot;:&quot;classic&quot;}\">\n\t\t\t\t\t\t\t<div class=\"elementor-background-overlay\"><\/div>\n\t\t\t\t\t\t\t<div class=\"elementor-container elementor-column-gap-default\">\n\t\t\t\t\t<div class=\"elementor-column elementor-col-100 elementor-top-column elementor-element elementor-element-1f3b7815\" data-id=\"1f3b7815\" data-element_type=\"column\">\n\t\t\t<div class=\"elementor-widget-wrap elementor-element-populated\">\n\t\t\t\t\t\t<div class=\"elementor-element elementor-element-6de80ef6 elementor-invisible elementor-widget elementor-widget-heading\" data-id=\"6de80ef6\" data-element_type=\"widget\" data-settings=\"{&quot;_animation&quot;:&quot;fadeInUp&quot;}\" data-widget_type=\"heading.default\">\n\t\t\t\t<div class=\"elementor-widget-container\">\n\t\t\t<h1 class=\"elementor-heading-title elementor-size-default\">U\u017esisakykite<\/h1>\t\t<\/div>\n\t\t\t\t<\/div>\n\t\t\t\t\t<\/div>\n\t\t<\/div>\n\t\t\t\t\t<\/div>\n\t\t<\/section>\n\t\t\t\t<section class=\"elementor-section elementor-top-section elementor-element elementor-element-770533b4 elementor-section-boxed elementor-section-height-default elementor-section-height-default\" data-id=\"770533b4\" data-element_type=\"section\">\n\t\t\t\t\t\t<div class=\"elementor-container elementor-column-gap-default\">\n\t\t\t\t\t<div class=\"elementor-column elementor-col-100 elementor-top-column elementor-element elementor-element-75a2e091\" data-id=\"75a2e091\" data-element_type=\"column\">\n\t\t\t<div class=\"elementor-widget-wrap elementor-element-populated\">\n\t\t\t\t\t\t<div class=\"elementor-element elementor-element-59a078a4 e-checkout-layout-two-column elementor-widget elementor-widget-woocommerce-checkout-page\" data-id=\"59a078a4\" data-element_type=\"widget\" data-settings=\"{&quot;sticky_right_column&quot;:&quot;yes&quot;}\" data-widget_type=\"woocommerce-checkout-page.default\">\n\t\t\t\t<div class=\"elementor-widget-container\">\n\t\t\t<div class=\"woocommerce\"><div class=\"woocommerce-notices-wrapper\"><\/div><\/div>\t\t<\/div>\n\t\t\t\t<\/div>\n\t\t\t\t\t<\/div>\n\t\t<\/div>\n\t\t\t\t\t<\/div>\n\t\t<\/section>\n\t\t\t\t<\/div>","protected":false},"excerpt":{"rendered":"<p>Atsiskaitymo informacija Vardas&nbsp;* Pavard\u0117&nbsp;* \u012emon\u0117s pavadinimas&nbsp;(opcjonalne) Kraj \/ region&nbsp;*Wybierz kraj\/region&hellip;AfganistanAlbaniaAlgieriaAndoraAngolaAnguillaAntarktydaAntigua i BarbudaArabia SaudyjskaArgentynaArmeniaArubaAustraliaAustriaAzerbejd\u017canBahamyBahrajnBangladeszBarbadosBelauBelgiaBelizeBeninBermudyBhutanBia\u0142oru\u015bBoliwiaBo\u015bnia i HercegowinaBotswanaBrazyliaBrazzavilleBrytyjskie Terytorium Oceanu IndyjskiegoBruneiBu\u0142gariaBurkina FasoBurundiChileChinyChorwacjaCyprCura&ccedil;aoCzadCzarnog\u00f3raDalekie Wyspy Mniejsze Stan\u00f3w ZjednoczonychDaniaDemokratyczna Republika KongaD\u017cibutiEgiptEkwadorErytreaEstoniaEswatiniEtiopiaFalklandyFid\u017ciFilipinyFinlandiaFrancjaFrancuskie Terytoria Po\u0142udniowe i AntarktyczneGabonGambiaGeorgia Po\u0142udniowa i Sandwich Po\u0142udniowyGhanaGibraltarGrecjaGrenadaGrenlandiaGruzjaGuamGuernseyGujanaGujana FrancuskaGwadelupaGwatemalaGwineaGwinea BissauGwinea R\u00f3wnikowaHaitiHiszpaniaHolandiaHolandia KaraibskaHondurasHongkongIndieIndonezjaIrakIranIrlandiaIslandiaIzraelJamajkaJaponiaJemenJerseyJordaniaKajmanyKambod\u017caKamerunKanadaKatarKazachstanKeniaKirgistanKiribatiKolumbiaKomoryKorea P\u00f3\u0142nocnaKorea Po\u0142udniowaKostarykaKubaKuwejtLaosLesotoLibanLiberiaLibiaLiechtensteinLitwa\u0141otwaLuksemburgMadagaskarMajottaMakauMalawiMalediwyMalezjaMaliMaltaMariany P\u00f3\u0142nocneMarokoMartynikaMauretaniaMauritiusMeksykMikronezjaMjanmaMo\u0142dawiaMonakoMongoliaMontserratMozambikNamibiaNauruNepalNiemcyNigerNigeriaNikaraguaNiueNorfolkNorwegiaNowa KaledoniaNowa ZelandiaOmanPakistanPanamaPapua-Nowa GwineaParagwajPeruPitcairnPolinezja FrancuskaP\u00f3\u0142nocna MacedoniaPolskaPortorykoPortugaliaRepublika CzeskaRepublika Dominika\u0144skaRepublika Po\u0142udniowej AfrykiRepublika \u015arodkowoafryka\u0144skaRepublika Zielonego Przyl\u0105dkaReunionRosjaRumuniaRwandaSahara ZachodniaSaint Kitts i [&hellip;]<\/p>","protected":false},"author":1,"featured_media":0,"parent":0,"menu_order":0,"comment_status":"closed","ping_status":"closed","template":"elementor_header_footer","meta":{"footnotes":""},"class_list":["post-1526","page","type-page","status-publish","hentry"],"_links":{"self":[{"href":"https:\/\/vonia24.com\/ru\/wp-json\/wp\/v2\/pages\/1526","targetHints":{"allow":["GET"]}}],"collection":[{"href":"https:\/\/vonia24.com\/ru\/wp-json\/wp\/v2\/pages"}],"about":[{"href":"https:\/\/vonia24.com\/ru\/wp-json\/wp\/v2\/types\/page"}],"author":[{"embeddable":true,"href":"https:\/\/vonia24.com\/ru\/wp-json\/wp\/v2\/users\/1"}],"replies":[{"embeddable":true,"href":"https:\/\/vonia24.com\/ru\/wp-json\/wp\/v2\/comments?post=1526"}],"version-history":[{"count":4,"href":"https:\/\/vonia24.com\/ru\/wp-json\/wp\/v2\/pages\/1526\/revisions"}],"predecessor-version":[{"id":1531,"href":"https:\/\/vonia24.com\/ru\/wp-json\/wp\/v2\/pages\/1526\/revisions\/1531"}],"wp:attachment":[{"href":"https:\/\/vonia24.com\/ru\/wp-json\/wp\/v2\/media?parent=1526"}],"curies":[{"name":"wp","href":"https:\/\/api.w.org\/{rel}","templated":true}]}}