{"id":3091,"date":"2026-04-28T00:50:25","date_gmt":"2026-04-27T22:50:25","guid":{"rendered":"https:\/\/vonia24.com\/?page_id=3091"},"modified":"2026-04-28T00:55:07","modified_gmt":"2026-04-27T22:55:07","slug":"pristatymo-salygos","status":"publish","type":"page","link":"https:\/\/vonia24.com\/ru\/pristatymo-salygos\/","title":{"rendered":"Pristatymo s\u0105lygos"},"content":{"rendered":"<div data-elementor-type=\"wp-page\" data-elementor-id=\"3091\" class=\"elementor elementor-3091\" data-elementor-post-type=\"page\">\n\t\t\t\t\t\t<section class=\"elementor-section elementor-top-section elementor-element elementor-element-255281da elementor-section-boxed elementor-section-height-default elementor-section-height-default\" data-id=\"255281da\" data-element_type=\"section\" data-settings=\"{&quot;background_background&quot;:&quot;classic&quot;}\">\n\t\t\t\t\t\t\t<div class=\"elementor-background-overlay\"><\/div>\n\t\t\t\t\t\t\t<div class=\"elementor-container elementor-column-gap-default\">\n\t\t\t\t\t<div class=\"elementor-column elementor-col-100 elementor-top-column elementor-element elementor-element-7161f297\" data-id=\"7161f297\" data-element_type=\"column\">\n\t\t\t<div class=\"elementor-widget-wrap elementor-element-populated\">\n\t\t\t\t\t\t<div class=\"elementor-element elementor-element-7a471f92 elementor-invisible elementor-widget elementor-widget-heading\" data-id=\"7a471f92\" data-element_type=\"widget\" data-settings=\"{&quot;_animation&quot;:&quot;fadeInUp&quot;}\" data-widget_type=\"heading.default\">\n\t\t\t\t<div class=\"elementor-widget-container\">\n\t\t\t<h1 class=\"elementor-heading-title elementor-size-default\">Pristatymo s\u0105lygos<\/h1>\t\t<\/div>\n\t\t\t\t<\/div>\n\t\t\t\t\t<\/div>\n\t\t<\/div>\n\t\t\t\t\t<\/div>\n\t\t<\/section>\n\t\t\t\t<section class=\"elementor-section elementor-top-section elementor-element elementor-element-17fab25d elementor-section-boxed elementor-section-height-default elementor-section-height-default\" data-id=\"17fab25d\" data-element_type=\"section\" data-settings=\"{&quot;background_background&quot;:&quot;classic&quot;}\">\n\t\t\t\t\t\t<div class=\"elementor-container elementor-column-gap-default\">\n\t\t\t\t\t<div class=\"elementor-column elementor-col-100 elementor-top-column elementor-element elementor-element-4220fb82 elementor-invisible\" data-id=\"4220fb82\" data-element_type=\"column\" data-settings=\"{&quot;animation&quot;:&quot;fadeInLeft&quot;}\">\n\t\t\t<div class=\"elementor-widget-wrap elementor-element-populated\">\n\t\t\t\t\t\t<div class=\"elementor-element elementor-element-52c31310 elementor-widget elementor-widget-heading\" data-id=\"52c31310\" data-element_type=\"widget\" data-widget_type=\"heading.default\">\n\t\t\t\t<div class=\"elementor-widget-container\">\n\t\t\t<h2 class=\"elementor-heading-title elementor-size-default\">Siuntimo kainos i Lietuva<\/h2>\t\t<\/div>\n\t\t\t\t<\/div>\n\t\t\t\t<div class=\"elementor-element elementor-element-6ad36ada elementor-widget elementor-widget-text-editor\" data-id=\"6ad36ada\" data-element_type=\"widget\" data-widget_type=\"text-editor.default\">\n\t\t\t\t<div class=\"elementor-widget-container\">\n\t\t\t\t\t\t\t<h3>Omniva &#8211; pristatymas kurjeriu<\/h3><h4>1 zona: Vilnius, Kaunas, Klaip\u0117da, \u0160iauliai, Panev\u0117\u017eys, Alytus, Marijampol\u0117, Taurag\u0117, Tel\u0161iai, Utena<\/h4><ul><li>Iki 0,01 m\u00b3 \u2014 6,90 EUR be PVM<\/li><li>Iki 0,02 m\u00b3 \u2014 7,60 EUR be PVM<\/li><li>Iki 0,04 m\u00b3 \u2014 9,80 EUR be PVM<\/li><li>Iki 0,06 m\u00b3 \u2014 10,60 EUR be PVM<\/li><li>Iki 0,08 m\u00b3 \u2014 11,70 EUR be PVM<\/li><li>Iki 0,10 m\u00b3 \u2014 13,30 EUR be PVM<\/li><li>Iki 0,12 m\u00b3 \u2014 17,20 EUR be PVM<\/li><li>Iki 0,20 m\u00b3 \u2014 22,70 EUR be PVM<\/li><li>Iki 0,30 m\u00b3 \u2014 26,30 EUR be PVM<\/li><li>Iki 0,40 m\u00b3 \u2014 30,00 EUR be PVM<\/li><\/ul><h4>2 zona: kiti didesni Lietuvos miestai ir miesteliai<\/h4><ul><li>Iki 0,01 m\u00b3 \u2014 7,60 EUR be PVM<\/li><li>Iki 0,02 m\u00b3 \u2014 9,80 EUR be PVM<\/li><li>Iki 0,04 m\u00b3 \u2014 10,60 EUR be PVM<\/li><li>Iki 0,06 m\u00b3 \u2014 11,70 EUR be PVM<\/li><li>Iki 0,08 m\u00b3 \u2014 12,80 EUR be PVM<\/li><li>Iki 0,10 m\u00b3 \u2014 17,20 EUR be PVM<\/li><li>Iki 0,12 m\u00b3 \u2014 20,50 EUR be PVM<\/li><li>Iki 0,20 m\u00b3 \u2014 26,30 EUR be PVM<\/li><li>Iki 0,30 m\u00b3 \u2014 30,00 EUR be PVM<\/li><li>Iki 0,40 m\u00b3 \u2014 37,30 EUR be PVM<\/li><\/ul><h4>Kiti Lietuvos regionai, i\u0161skyrus Nering\u0105<\/h4><ul><li>Iki 0,01 m\u00b3 \u2014 10,60 EUR be PVM<\/li><li>Iki 0,02 m\u00b3 \u2014 11,70 EUR be PVM<\/li><li>Iki 0,04 m\u00b3 \u2014 12,80 EUR be PVM<\/li><li>Iki 0,06 m\u00b3 \u2014 17,20 EUR be PVM<\/li><li>Iki 0,08 m\u00b3 \u2014 20,50 EUR be PVM<\/li><li>Iki 0,10 m\u00b3 \u2014 26,30 EUR be PVM<\/li><li>Iki 0,12 m\u00b3 \u2014 30,00 EUR be PVM<\/li><li>Iki 0,20 m\u00b3 \u2014 37,30 EUR be PVM<\/li><li>Iki 0,30 m\u00b3 \u2014 41,00 EUR be PVM<\/li><li>Iki 0,40 m\u00b3 \u2014 53,80 EUR be PVM<\/li><\/ul><h4>Neringa<\/h4><ul><li>Iki 0,01 m\u00b3 \u2014 42,60 EUR be PVM<\/li><li>Iki 0,02 m\u00b3 \u2014 43,70 EUR be PVM<\/li><li>Iki 0,04 m\u00b3 \u2014 44,80 EUR be PVM<\/li><li>Iki 0,06 m\u00b3 \u2014 49,20 EUR be PVM<\/li><li>Iki 0,08 m\u00b3 \u2014 52,50 EUR be PVM<\/li><li>Iki 0,10 m\u00b3 \u2014 58,30 EUR be PVM<\/li><li>Iki 0,12 m\u00b3 \u2014 62,00 EUR be PVM<\/li><li>Iki 0,20 m\u00b3 \u2014 69,30 EUR be PVM<\/li><li>Iki 0,30 m\u00b3 \u2014 73,00 EUR be PVM<\/li><li>Iki 0,40 m\u00b3 \u2014 85,80 EUR be PVM<\/li><\/ul><h3>Omniva &#8211; pa\u0161tomatai<\/h3><h4>Pa\u0161tomatas\u2013pa\u0161tomatas, iki 30 kg<\/h4><ul><li>S, 38 \u00d7 64 \u00d7 9 cm \u2014 2,30 EUR be PVM<\/li><li>M, 38 \u00d7 64 \u00d7 19 cm \u2014 3,00 EUR be PVM<\/li><li>L, 38 \u00d7 64 \u00d7 39 cm \u2014 3,70 EUR be PVM<\/li><\/ul><h4>Kurjeris\u2013pa\u0161tomatas, iki 30 kg<\/h4><ul><li>S, 38 \u00d7 64 \u00d7 9 cm \u2014 3,30 EUR be PVM<\/li><li>M, 38 \u00d7 64 \u00d7 19 cm \u2014 4,00 EUR be PVM<\/li><li>L, 38 \u00d7 64 \u00d7 39 cm \u2014 4,70 EUR be PVM<\/li><\/ul><h3>LP EXPRESS \u2014 pa\u0161tomatai<\/h3><h4>Pa\u0161tomatas\u2013pa\u0161tomatas, iki 30 kg<\/h4><ul><li>XS, 18,5 \u00d7 61 \u00d7 8 cm \u2014 1,70 EUR be PVM<\/li><li>S, 35 \u00d7 61 \u00d7 8 cm \u2014 1,90 EUR be PVM<\/li><li>M, 35 \u00d7 61 \u00d7 17,5 cm \u2014 2,45 EUR be PVM<\/li><li>L, 35 \u00d7 61 \u00d7 36,5 cm \u2014 3,35 EUR be PVM<\/li><li>XL, 35 \u00d7 61 \u00d7 74,5 cm \u2014 4,50 EUR be PVM<\/li><\/ul><h4>Kurjeris\u2013pa\u0161tomatas, iki 30 kg<\/h4><ul><li>XS, 18,5 \u00d7 61 \u00d7 8 cm \u2014 3,00 EUR be PVM<\/li><li>S, 35 \u00d7 61 \u00d7 8 cm \u2014 3,10 EUR be PVM<\/li><li>M, 35 \u00d7 61 \u00d7 17,5 cm \u2014 4,10 EUR be PVM<\/li><li>L, 35 \u00d7 61 \u00d7 36,5 cm \u2014 5,00 EUR be PVM<\/li><li>XL, 35 \u00d7 61 \u00d7 74,5 cm \u2014 6,00 EUR be PVM<\/li><\/ul><h4>Pa\u0161tomatas\u2013kurjeris, iki 30 kg<\/h4><ul><li>XS, 18,5 \u00d7 61 \u00d7 8 cm \u2014 3,60 EUR be PVM<\/li><li>S, 35 \u00d7 61 \u00d7 8 cm \u2014 3,70 EUR be PVM<\/li><li>M, 35 \u00d7 61 \u00d7 17,5 cm \u2014 4,55 EUR be PVM<\/li><li>L, 35 \u00d7 61 \u00d7 36,5 cm \u2014 5,50 EUR be PVM<\/li><li>XL, 35 \u00d7 61 \u00d7 74,5 cm \u2014 6,30 EUR be PVM<\/li><\/ul><h3>Venipak \u2014 pristatymas kurjeriu<\/h3><h4>Kurjeris\u2013kurjeris, iki 74,99 kg<\/h4><ul><li>Iki 0,006 m\u00b3 \u2014 4,70 EUR be PVM<\/li><li>Iki 0,015 m\u00b3 \u2014 5,20 EUR be PVM<\/li><li>Iki 0,030 m\u00b3 \u2014 6,20 EUR be PVM<\/li><li>Iki 0,060 m\u00b3 \u2014 8,50 EUR be PVM<\/li><li>Iki 0,105 m\u00b3 \u2014 9,60 EUR be PVM<\/li><li>Iki 0,150 m\u00b3 \u2014 12,40 EUR be PVM<\/li><li>Iki 0,225 m\u00b3 \u2014 16,70 EUR be PVM<\/li><\/ul><h3>Venipak \u2014 pristatymas \u012f pa\u0161tomat\u0105<\/h3><h4>Kurjeris\u2013pa\u0161tomatas, 0\u201330 kg<\/h4><ul><li>XS, 19 \u00d7 61 \u00d7 8 cm \u2014 2,50 EUR be PVM<\/li><li>S, 35 \u00d7 61 \u00d7 8 cm \u2014 2,50 EUR be PVM<\/li><li>M, 35 \u00d7 61 \u00d7 18 cm \u2014 2,50 EUR be PVM<\/li><li>L, 35 \u00d7 61 \u00d7 32 cm \u2014 2,50 EUR be PVM<\/li><li>XL, 35 \u00d7 61 \u00d7 75 cm \u2014 2,50 EUR be PVM<\/li><\/ul><h3>SmartPosti \u2014 pristatymas \u012f pa\u0161tomat\u0105<\/h3><h4>Kurjeris\u2013pa\u0161tomatas<\/h4><ul><li>0\u20135 kg, 34 \u00d7 42 \u00d7 5 cm \u2014 1,50 EUR be PVM<\/li><li>0\u201335 kg, 34 \u00d7 42 \u00d7 12 cm \u2014 1,50 EUR be PVM<\/li><li>0\u201335 kg, 34 \u00d7 42 \u00d7 20 cm \u2014 1,50 EUR be PVM<\/li><li>0\u201335 kg, 36 \u00d7 42 \u00d7 34 cm \u2014 1,50 EUR be PVM<\/li><\/ul>\t\t\t\t\t\t<\/div>\n\t\t\t\t<\/div>\n\t\t\t\t\t<\/div>\n\t\t<\/div>\n\t\t\t\t\t<\/div>\n\t\t<\/section>\n\t\t\t\t<\/div>","protected":false},"excerpt":{"rendered":"<p>Siuntimo kainos i Lietuva Omniva &#8211; pristatymas kurjeriu 1 zona: Vilnius, Kaunas, Klaip\u0117da, \u0160iauliai, Panev\u0117\u017eys, Alytus, Marijampol\u0117, Taurag\u0117, Tel\u0161iai, Utena Iki 0,01 m\u00b3 \u2014 6,90 EUR be PVM Iki 0,02 m\u00b3 \u2014 7,60 EUR be PVM Iki 0,04 m\u00b3 \u2014 9,80 EUR be PVM Iki 0,06 m\u00b3 \u2014 10,60 EUR be PVM Iki 0,08 m\u00b3 [&hellip;]<\/p>","protected":false},"author":1,"featured_media":0,"parent":0,"menu_order":0,"comment_status":"closed","ping_status":"closed","template":"elementor_header_footer","meta":{"footnotes":""},"class_list":["post-3091","page","type-page","status-publish","hentry"],"_links":{"self":[{"href":"https:\/\/vonia24.com\/ru\/wp-json\/wp\/v2\/pages\/3091","targetHints":{"allow":["GET"]}}],"collection":[{"href":"https:\/\/vonia24.com\/ru\/wp-json\/wp\/v2\/pages"}],"about":[{"href":"https:\/\/vonia24.com\/ru\/wp-json\/wp\/v2\/types\/page"}],"author":[{"embeddable":true,"href":"https:\/\/vonia24.com\/ru\/wp-json\/wp\/v2\/users\/1"}],"replies":[{"embeddable":true,"href":"https:\/\/vonia24.com\/ru\/wp-json\/wp\/v2\/comments?post=3091"}],"version-history":[{"count":4,"href":"https:\/\/vonia24.com\/ru\/wp-json\/wp\/v2\/pages\/3091\/revisions"}],"predecessor-version":[{"id":3095,"href":"https:\/\/vonia24.com\/ru\/wp-json\/wp\/v2\/pages\/3091\/revisions\/3095"}],"wp:attachment":[{"href":"https:\/\/vonia24.com\/ru\/wp-json\/wp\/v2\/media?parent=3091"}],"curies":[{"name":"wp","href":"https:\/\/api.w.org\/{rel}","templated":true}]}}