{"id":1006,"date":"2023-10-09T15:49:30","date_gmt":"2023-10-09T13:49:30","guid":{"rendered":"https:\/\/vonia24.com\/?post_type=product&#038;p=1006"},"modified":"2024-07-22T12:08:29","modified_gmt":"2024-07-22T10:08:29","slug":"grohe-euphoria-bath-and-shower-system-with-thermostat-wall-mounted-chrome-rain-shower-3-jets-with-flow-limiter-9-5l-min-hand-3-jets-with-flow-limiter-9-5l-min-450mm-shower-arm-safety-lock","status":"publish","type":"product","link":"https:\/\/vonia24.com\/ru\/product\/grohe-euphoria-bath-and-shower-system-with-thermostat-wall-mounted-chrome-rain-shower-3-jets-with-flow-limiter-9-5l-min-hand-3-jets-with-flow-limiter-9-5l-min-450mm-shower-arm-safety-lock\/","title":{"rendered":"GROHE EUPHORIA 260- VONIOS IR DU\u0160O SISTEMA SU TERMOSTATU, MONTUOJAMA ANT SIENOS, MONTUOJAMA ANT POTINKINIS, CHROMAS, LIETVAMZDIS SU 3 PUR\u0160KIMO RE\u017dIMAIS IR SRAUTO RIBOTUVU 9,5 L\/MIN, RANKINIS DU\u0160AS SU 3 PUR\u0160KIMO RE\u017dIMAIS IR SRAUTO RIBOTUVU 9,5 L\/MIN, DU\u0160O RANKENA 450 MM, APSAUGINIS U\u017dRAKTAS"},"content":{"rendered":"<p>Sudedamosios dalys:<br \/>\nhorizontalus pasukamas petys 450 mm<br \/>\natviras termostatas su Aquadimmer funkcija<br \/>\njungiklis: lietaus du\u0161o galva \/rankinis du\u0161as<br \/>\nRainshower Euphoria 260 (26 457)<br \/>\nRain SmartRain, Jet<br \/>\nsu rutuliniu ir lizdiniu \u0161arnyru<br \/>\npasukimo kampas \u00b1 15\u00b0<br \/>\nvonios u\u017epildas<br \/>\natskiras rankinio du\u0161o nukreipiklis<br \/>\nEuphoria 110 Massage rankinis du\u0161as (27 239)<br \/>\n3 purk\u0161tuk\u0173 tipai:<br \/>\nRain, Massage, SmartRain<br \/>\nReguliuojamas du\u0161o laikiklis<br \/>\nSilverflex du\u0161o \u017earna 1750 mm (28 388)<br \/>\nGROHE TurboStat termostatin\u0117 du\u0161o galvut\u0117<br \/>\nGROHE SafeStop u\u017erakto mechanizmas esant 38 \u00b0C temperat\u016brai<br \/>\nGROHE SafeStop Plus \u012ftrauktas pasirenkamas temperat\u016bros ribotuvas 43\u00b0C<br \/>\nGROHE DreamSpray &#8211; tobulas du\u0161as<br \/>\nGROHE StarLight chromo apdaila<br \/>\nGROHE SprayDimmer (bepakopis<br \/>\nsrauto suma\u017einimas)<br \/>\nGROHE EcoJoy srauto ribotuvas 9,5 l\/min<br \/>\nGROHE FastFixation reguliuojamas vir\u0161utinis laikiklis<br \/>\nVidinis vandens kanalas<br \/>\nSpeedClean apsaugos nuo apna\u0161\u0173 sistema<br \/>\nTwistfree sistema, apsauganti du\u0161o \u017earn\u0105 nuo susisukimo<br \/>\nPritaikomas momentiniams vandens \u0161ildytuvams<br \/>\nminimali galia 18 kW<br \/>\nmin. srautas 7 l\/min.<br \/>\nProdukto variantas: Professional<\/p>","protected":false},"excerpt":{"rendered":"<p>EAN: 4005176647840<\/p>\n<p>SKU:27475002<\/p>\n<p>Svoris: 8.29 kg<\/p>","protected":false},"featured_media":1007,"comment_status":"closed","ping_status":"closed","template":"","meta":[],"product_cat":[26,146,163,213],"product_tag":[],"class_list":{"0":"post-1006","1":"product","2":"type-product","3":"status-publish","4":"has-post-thumbnail","6":"produktu-serija-euphoria-system","7":"produkto-gamintojas-grohe","8":"product_cat-vonios-kambarys","9":"product_cat-dusai","10":"product_cat-duso-komplektai-ir-sistemos","11":"product_cat-virstinkines-duso-sistemos","13":"first","14":"instock","15":"sale","16":"taxable","17":"shipping-taxable","18":"purchasable","19":"product-type-simple"},"_links":{"self":[{"href":"https:\/\/vonia24.com\/ru\/wp-json\/wp\/v2\/product\/1006","targetHints":{"allow":["GET"]}}],"collection":[{"href":"https:\/\/vonia24.com\/ru\/wp-json\/wp\/v2\/product"}],"about":[{"href":"https:\/\/vonia24.com\/ru\/wp-json\/wp\/v2\/types\/product"}],"replies":[{"embeddable":true,"href":"https:\/\/vonia24.com\/ru\/wp-json\/wp\/v2\/comments?post=1006"}],"wp:featuredmedia":[{"embeddable":true,"href":"https:\/\/vonia24.com\/ru\/wp-json\/wp\/v2\/media\/1007"}],"wp:attachment":[{"href":"https:\/\/vonia24.com\/ru\/wp-json\/wp\/v2\/media?parent=1006"}],"wp:term":[{"taxonomy":"product_cat","embeddable":true,"href":"https:\/\/vonia24.com\/ru\/wp-json\/wp\/v2\/product_cat?post=1006"},{"taxonomy":"product_tag","embeddable":true,"href":"https:\/\/vonia24.com\/ru\/wp-json\/wp\/v2\/product_tag?post=1006"}],"curies":[{"name":"wp","href":"https:\/\/api.w.org\/{rel}","templated":true}]}}