{"id":1035,"date":"2023-10-10T16:29:37","date_gmt":"2023-10-10T14:29:37","guid":{"rendered":"https:\/\/vonia24.com\/?post_type=product&#038;p=1035"},"modified":"2024-07-22T12:16:26","modified_gmt":"2024-07-22T10:16:26","slug":"rainshower-cosmopolitan-310-arm-380mm-1-jet-brushed-cool-sunrise-flow-limiter-9-5-l-min-metal","status":"publish","type":"product","link":"https:\/\/vonia24.com\/ru\/product\/rainshower-cosmopolitan-310-arm-380mm-1-jet-brushed-cool-sunrise-flow-limiter-9-5-l-min-metal\/","title":{"rendered":"RAINSHOWER COSMOPOLITAN 310 &#8211; LIETAUS DU\u0160AS SU 380 MM RANKENA, 1 SROV\u0116, BRUSHED COOL SUNRISE, SRAUTO RIBOTUVAS 9,5 L\/MIN, METALINIS"},"content":{"rendered":"<p>Sudedamosios dalys:<br \/>\nLietaus du\u0161as Rainshower Cosmopolitan 310 (27 478)<br \/>\nmed\u017eiaga: metalas<br \/>\nRain srov\u0117<br \/>\nRainshower du\u0161o rankena 380 mm (28 361)<br \/>\nGROHE EcoJoy, srauto ribotuvas 9,5 l\/min<br \/>\nGROHE DreamSpray tobulas purk\u0161tuvas<br \/>\nGROHE StarLight chromuota danga<br \/>\nSpeedClean sistema nuo kalki\u0173 nuos\u0117d\u0173<br \/>\nTinka momentiniams vandens \u0161ildytuvams<br \/>\nminimalus rekomenduojamas sl\u0117gis 1,0 bar<\/p>","protected":false},"excerpt":{"rendered":"<p>EAN: 4005176427190<\/p>\n<p>SKU:26066GN0<\/p>\n<p>Svoris: 4.91 kg<\/p>","protected":false},"featured_media":1036,"comment_status":"closed","ping_status":"closed","template":"","meta":[],"product_cat":[26,166,164,146,215],"product_tag":[],"class_list":{"0":"post-1035","1":"product","2":"type-product","3":"status-publish","4":"has-post-thumbnail","6":"produktu-serija-rainshower-cosmopolitan-metal","7":"produkto-gamintojas-grohe","8":"product_cat-vonios-kambarys","9":"product_cat-vandens-maisytuvai","10":"product_cat-lietaus-duso-galvos","11":"product_cat-dusai","12":"product_cat-lietaus-duso-galvos-dusai","14":"first","15":"instock","16":"sale","17":"taxable","18":"shipping-taxable","19":"purchasable","20":"product-type-simple"},"_links":{"self":[{"href":"https:\/\/vonia24.com\/ru\/wp-json\/wp\/v2\/product\/1035","targetHints":{"allow":["GET"]}}],"collection":[{"href":"https:\/\/vonia24.com\/ru\/wp-json\/wp\/v2\/product"}],"about":[{"href":"https:\/\/vonia24.com\/ru\/wp-json\/wp\/v2\/types\/product"}],"replies":[{"embeddable":true,"href":"https:\/\/vonia24.com\/ru\/wp-json\/wp\/v2\/comments?post=1035"}],"wp:featuredmedia":[{"embeddable":true,"href":"https:\/\/vonia24.com\/ru\/wp-json\/wp\/v2\/media\/1036"}],"wp:attachment":[{"href":"https:\/\/vonia24.com\/ru\/wp-json\/wp\/v2\/media?parent=1035"}],"wp:term":[{"taxonomy":"product_cat","embeddable":true,"href":"https:\/\/vonia24.com\/ru\/wp-json\/wp\/v2\/product_cat?post=1035"},{"taxonomy":"product_tag","embeddable":true,"href":"https:\/\/vonia24.com\/ru\/wp-json\/wp\/v2\/product_tag?post=1035"}],"curies":[{"name":"wp","href":"https:\/\/api.w.org\/{rel}","templated":true}]}}