{"id":1063,"date":"2023-10-11T11:56:33","date_gmt":"2023-10-11T09:56:33","guid":{"rendered":"https:\/\/vonia24.com\/?post_type=product&#038;p=1063"},"modified":"2024-07-22T12:16:15","modified_gmt":"2024-07-22T10:16:15","slug":"rainshower-smartactive-130-hand-shower-3-jets-chrome","status":"publish","type":"product","link":"https:\/\/vonia24.com\/ru\/product\/rainshower-smartactive-130-hand-shower-3-jets-chrome\/","title":{"rendered":"RAINSHOWER SMARTACTIVE 130 RANKINIS DU\u0160AS, 3 PURK\u0160TUKAI, CHROMAS"},"content":{"rendered":"<p>Chromuotas lietaus skydas<br \/>\nRain ir Jet srov\u0117s su DripStop ir ActiveMassage funkcijomis<br \/>\nGROHE EcoJoy, srauto ribotuvas 9,5 l\/min<br \/>\nGROHE DreamSpray &#8211; tobulas du\u0161as<br \/>\nGROHE SmartTip, leid\u017eiantis pasirinkti pur\u0161kimo re\u017eim\u0105 tiesiog paspaud\u017eiant rankenos \u017eied\u0105<br \/>\nGROHE StarLight chromo apdaila<br \/>\nSpeedClean sistema nuo apna\u0161\u0173 susidarymo<br \/>\nVidinis vandens kanalas<br \/>\nUniversalus montavimas, tinka visiems standartin\u0117ms du\u0161o \u017earnoms<br \/>\nTinka momentiniams vandens \u0161ildytuvams<\/p>","protected":false},"excerpt":{"rendered":"<p>EAN: 4005176637865<\/p>\n<p>SKU:26574000<\/p>\n<p>Svoris: 0.34 kg<\/p>","protected":false},"featured_media":1064,"comment_status":"closed","ping_status":"closed","template":"","meta":[],"product_cat":[26,146,161],"product_tag":[],"class_list":{"0":"post-1063","1":"product","2":"type-product","3":"status-publish","4":"has-post-thumbnail","6":"produktu-serija-rainshower-smartactive","7":"produkto-gamintojas-grohe","8":"product_cat-vonios-kambarys","9":"product_cat-dusai","10":"product_cat-duso-kabinu-priedai","12":"first","13":"instock","14":"sale","15":"taxable","16":"shipping-taxable","17":"purchasable","18":"product-type-simple"},"_links":{"self":[{"href":"https:\/\/vonia24.com\/ru\/wp-json\/wp\/v2\/product\/1063","targetHints":{"allow":["GET"]}}],"collection":[{"href":"https:\/\/vonia24.com\/ru\/wp-json\/wp\/v2\/product"}],"about":[{"href":"https:\/\/vonia24.com\/ru\/wp-json\/wp\/v2\/types\/product"}],"replies":[{"embeddable":true,"href":"https:\/\/vonia24.com\/ru\/wp-json\/wp\/v2\/comments?post=1063"}],"wp:featuredmedia":[{"embeddable":true,"href":"https:\/\/vonia24.com\/ru\/wp-json\/wp\/v2\/media\/1064"}],"wp:attachment":[{"href":"https:\/\/vonia24.com\/ru\/wp-json\/wp\/v2\/media?parent=1063"}],"wp:term":[{"taxonomy":"product_cat","embeddable":true,"href":"https:\/\/vonia24.com\/ru\/wp-json\/wp\/v2\/product_cat?post=1063"},{"taxonomy":"product_tag","embeddable":true,"href":"https:\/\/vonia24.com\/ru\/wp-json\/wp\/v2\/product_tag?post=1063"}],"curies":[{"name":"wp","href":"https:\/\/api.w.org\/{rel}","templated":true}]}}