{"id":1068,"date":"2023-10-11T12:13:39","date_gmt":"2023-10-11T10:13:39","guid":{"rendered":"https:\/\/vonia24.com\/?post_type=product&#038;p=1068"},"modified":"2024-07-22T12:16:14","modified_gmt":"2024-07-22T10:16:14","slug":"skate-cosmopolitan-s-chrome-start-button","status":"publish","type":"product","link":"https:\/\/vonia24.com\/ru\/product\/skate-cosmopolitan-s-chrome-start-button\/","title":{"rendered":"SKATE COSMOPOLITAN S &#8211; PRAPLOVIMO MYGTUKAS, CHROMAS"},"content":{"rendered":"<p>Skirtas 2 talp\u0173 \u012fjungimui arba Start\/Stop<br \/>\nPneumatiniam nuleidimo vo\u017etuvui AV1<br \/>\nGD 2 bakelis<br \/>\nVertikalus montavimas<br \/>\n130 x 172 mm<br \/>\nABS<br \/>\nGROHE StarLight chromo apdaila<br \/>\nGROHE EcoJoy suma\u017eintas vandens suvartojimas<br \/>\nmagnetinis laikiklis ir montavimo laikikliai, skirti montuoti su ma\u017ea ap\u017ei\u016bros d\u0117\u017eute 40 911 000 (u\u017esakoma atskirai)<br \/>\nchromo spalva<\/p>","protected":false},"excerpt":{"rendered":"<p>EAN: 4005176416019<\/p>\n<p>SKU:37535000<\/p>\n<p>Svoris: 0.42 kg<\/p>","protected":false},"featured_media":1069,"comment_status":"closed","ping_status":"closed","template":"","meta":[],"product_cat":[26,178,193,195,200],"product_tag":[],"class_list":{"0":"post-1068","1":"product","2":"type-product","3":"status-publish","4":"has-post-thumbnail","6":"produktu-serija-skate-cosmopolitan-s","7":"produkto-gamintojas-grohe","8":"product_cat-vonios-kambarys","9":"product_cat-santechnine-keramika","10":"product_cat-potinkiniai-remai-ir-klavisai","11":"product_cat-potinkiniai-remai","12":"product_cat-klavisai-ir-tvirtinimai","14":"first","15":"instock","16":"sale","17":"taxable","18":"shipping-taxable","19":"purchasable","20":"product-type-simple"},"_links":{"self":[{"href":"https:\/\/vonia24.com\/ru\/wp-json\/wp\/v2\/product\/1068","targetHints":{"allow":["GET"]}}],"collection":[{"href":"https:\/\/vonia24.com\/ru\/wp-json\/wp\/v2\/product"}],"about":[{"href":"https:\/\/vonia24.com\/ru\/wp-json\/wp\/v2\/types\/product"}],"replies":[{"embeddable":true,"href":"https:\/\/vonia24.com\/ru\/wp-json\/wp\/v2\/comments?post=1068"}],"wp:featuredmedia":[{"embeddable":true,"href":"https:\/\/vonia24.com\/ru\/wp-json\/wp\/v2\/media\/1069"}],"wp:attachment":[{"href":"https:\/\/vonia24.com\/ru\/wp-json\/wp\/v2\/media?parent=1068"}],"wp:term":[{"taxonomy":"product_cat","embeddable":true,"href":"https:\/\/vonia24.com\/ru\/wp-json\/wp\/v2\/product_cat?post=1068"},{"taxonomy":"product_tag","embeddable":true,"href":"https:\/\/vonia24.com\/ru\/wp-json\/wp\/v2\/product_tag?post=1068"}],"curies":[{"name":"wp","href":"https:\/\/api.w.org\/{rel}","templated":true}]}}