{"id":1071,"date":"2023-10-11T12:26:25","date_gmt":"2023-10-11T10:26:25","guid":{"rendered":"https:\/\/vonia24.com\/?post_type=product&#038;p=1071"},"modified":"2024-07-22T12:08:23","modified_gmt":"2024-07-22T10:08:23","slug":"bauloop-bath-mixer","status":"publish","type":"product","link":"https:\/\/vonia24.com\/ru\/product\/bauloop-bath-mixer\/","title":{"rendered":"BAULOOP VONIOS MAI\u0160YTUVAS"},"content":{"rendered":"<p>BauLoop<br \/>\nVienos svirties vonios mai\u0161ytuvas sieninis metalinis svertas<br \/>\n46 mm keramin\u0117 galvut\u0117 su GROHE SilkMove<br \/>\nChromuota danga su GROHE StarLight reguliuojamu srauto ribotuvu<br \/>\nautomatinis vonios\/du\u0161o perjungimas 1\/2&#8243; du\u0161o i\u0161vestis<br \/>\nsu integruotu atbulinio vo\u017etuvo aeratoriumi<br \/>\nS jung\u010di\u0173 metalin\u0117 sienin\u0117 rozet\u0117<\/p>","protected":false},"excerpt":{"rendered":"<p>EAN: 4005176934469<\/p>\n<p>SKU:23341000<\/p>\n<p>Svoris: 2.18 kg<\/p>","protected":false},"featured_media":1072,"comment_status":"closed","ping_status":"closed","template":"","meta":[],"product_cat":[26,166,169],"product_tag":[],"class_list":{"0":"post-1071","1":"product","2":"type-product","3":"status-publish","4":"has-post-thumbnail","6":"produktu-serija-bauloop","7":"produkto-gamintojas-grohe","8":"product_cat-vonios-kambarys","9":"product_cat-vandens-maisytuvai","10":"product_cat-vonios-maisytuvai-vandens-maisytuvai","12":"first","13":"instock","14":"sale","15":"taxable","16":"shipping-taxable","17":"purchasable","18":"product-type-simple"},"_links":{"self":[{"href":"https:\/\/vonia24.com\/ru\/wp-json\/wp\/v2\/product\/1071","targetHints":{"allow":["GET"]}}],"collection":[{"href":"https:\/\/vonia24.com\/ru\/wp-json\/wp\/v2\/product"}],"about":[{"href":"https:\/\/vonia24.com\/ru\/wp-json\/wp\/v2\/types\/product"}],"replies":[{"embeddable":true,"href":"https:\/\/vonia24.com\/ru\/wp-json\/wp\/v2\/comments?post=1071"}],"wp:featuredmedia":[{"embeddable":true,"href":"https:\/\/vonia24.com\/ru\/wp-json\/wp\/v2\/media\/1072"}],"wp:attachment":[{"href":"https:\/\/vonia24.com\/ru\/wp-json\/wp\/v2\/media?parent=1071"}],"wp:term":[{"taxonomy":"product_cat","embeddable":true,"href":"https:\/\/vonia24.com\/ru\/wp-json\/wp\/v2\/product_cat?post=1071"},{"taxonomy":"product_tag","embeddable":true,"href":"https:\/\/vonia24.com\/ru\/wp-json\/wp\/v2\/product_tag?post=1071"}],"curies":[{"name":"wp","href":"https:\/\/api.w.org\/{rel}","templated":true}]}}