{"id":1081,"date":"2023-10-11T14:03:00","date_gmt":"2023-10-11T12:03:00","guid":{"rendered":"https:\/\/vonia24.com\/?post_type=product&#038;p=1081"},"modified":"2024-07-22T12:16:07","modified_gmt":"2024-07-22T10:16:07","slug":"skate-cosmopolitan-flush-button-brushed-cool-sunrise","status":"publish","type":"product","link":"https:\/\/vonia24.com\/ru\/product\/skate-cosmopolitan-flush-button-brushed-cool-sunrise\/","title":{"rendered":"SKATE COSMOPOLITAN PRAPLOVIMO MYGTUKAS, BRUSHED COOL SUNRISE"},"content":{"rendered":"<p>2 talp\u0173 paleidimo atveju<br \/>\narba Start\/Stop<br \/>\nar pneumatinis vo\u017etuvas<br \/>\ni\u0161plaukite AV1<br \/>\nVertikalus ir horizontalus montavimas<br \/>\n156 x 197 mm<br \/>\nsu ABS<br \/>\nGROHE StarLight chromuotas<br \/>\nGROHE EcoJoy suma\u017eina vandens suvartojim\u0105<br \/>\nskirtas naudoti su Rapid SL ir Uniset su GD2 bakeliu<br \/>\nnaudoti su Rapid SLX, pra\u0161ome u\u017esisakyti ap\u017ei\u016bros d\u0117\u017eut\u0119 66 791 000 (u\u017esakoma atskirai)<\/p>","protected":false},"excerpt":{"rendered":"<p>EAN: 4005176427725<\/p>\n<p>SKU:38732GN0<\/p>\n<p>Svoris: 0.44 kg<\/p>","protected":false},"featured_media":1082,"comment_status":"closed","ping_status":"closed","template":"","meta":[],"product_cat":[26,178,193,195,200],"product_tag":[],"class_list":{"0":"post-1081","1":"product","2":"type-product","3":"status-publish","4":"has-post-thumbnail","6":"produktu-serija-skate-cosmopolitan","7":"produkto-gamintojas-grohe","8":"product_cat-vonios-kambarys","9":"product_cat-santechnine-keramika","10":"product_cat-potinkiniai-remai-ir-klavisai","11":"product_cat-potinkiniai-remai","12":"product_cat-klavisai-ir-tvirtinimai","14":"first","15":"instock","16":"sale","17":"taxable","18":"shipping-taxable","19":"purchasable","20":"product-type-simple"},"_links":{"self":[{"href":"https:\/\/vonia24.com\/ru\/wp-json\/wp\/v2\/product\/1081","targetHints":{"allow":["GET"]}}],"collection":[{"href":"https:\/\/vonia24.com\/ru\/wp-json\/wp\/v2\/product"}],"about":[{"href":"https:\/\/vonia24.com\/ru\/wp-json\/wp\/v2\/types\/product"}],"replies":[{"embeddable":true,"href":"https:\/\/vonia24.com\/ru\/wp-json\/wp\/v2\/comments?post=1081"}],"wp:featuredmedia":[{"embeddable":true,"href":"https:\/\/vonia24.com\/ru\/wp-json\/wp\/v2\/media\/1082"}],"wp:attachment":[{"href":"https:\/\/vonia24.com\/ru\/wp-json\/wp\/v2\/media?parent=1081"}],"wp:term":[{"taxonomy":"product_cat","embeddable":true,"href":"https:\/\/vonia24.com\/ru\/wp-json\/wp\/v2\/product_cat?post=1081"},{"taxonomy":"product_tag","embeddable":true,"href":"https:\/\/vonia24.com\/ru\/wp-json\/wp\/v2\/product_tag?post=1081"}],"curies":[{"name":"wp","href":"https:\/\/api.w.org\/{rel}","templated":true}]}}