{"id":1083,"date":"2023-10-11T14:27:34","date_gmt":"2023-10-11T12:27:34","guid":{"rendered":"https:\/\/vonia24.com\/?post_type=product&#038;p=1083"},"modified":"2024-07-22T12:16:06","modified_gmt":"2024-07-22T10:16:06","slug":"grohe-concetto-single-lever-shower-mixer-wall-mounted","status":"publish","type":"product","link":"https:\/\/vonia24.com\/ru\/product\/grohe-concetto-single-lever-shower-mixer-wall-mounted\/","title":{"rendered":"GROHE CONCETTO SIENINIS VIENO SVERTO DU\u0160O MAI\u0160YTUVAS"},"content":{"rendered":"<p>Prie sienos tvirtinamas<br \/>\nMetalin\u0117 svirtis<br \/>\nGROHE SilkMove keramin\u0117 galvut\u0117 46 mm<br \/>\nGROHE StarLight chromo apdaila<br \/>\nReguliuojamas srauto ribotuvas<br \/>\n1\/2&#8243; du\u0161o i\u0161\u0117jimas apa\u010dioje su integruotu atbuliniu vo\u017etuvu<br \/>\nS jungtys<br \/>\nApsauga nuo gr\u012f\u017etamojo srauto<br \/>\npasirenkamas temperat\u016bros ribotuvas (46 308 000)<br \/>\nminimalus rekomenduojamas sl\u0117gis 1,0 bar<br \/>\nI triuk\u0161mo klas\u0117 pagal DIN 4109<br \/>\nchromo spalva<\/p>","protected":false},"excerpt":{"rendered":"<p>EAN: 4005176888939<\/p>\n<p>SKU:32210001<\/p>\n<p>Svoris: 1.92 kg<\/p>","protected":false},"featured_media":1084,"comment_status":"closed","ping_status":"closed","template":"","meta":[],"product_cat":[26,166,170],"product_tag":[],"class_list":{"0":"post-1083","1":"product","2":"type-product","3":"status-publish","4":"has-post-thumbnail","6":"produktu-serija-concetto","7":"produkto-gamintojas-grohe","8":"product_cat-vonios-kambarys","9":"product_cat-vandens-maisytuvai","10":"product_cat-duso-maisytuvai-vandens-maisytuvai","12":"first","13":"instock","14":"sale","15":"taxable","16":"shipping-taxable","17":"purchasable","18":"product-type-simple"},"_links":{"self":[{"href":"https:\/\/vonia24.com\/ru\/wp-json\/wp\/v2\/product\/1083","targetHints":{"allow":["GET"]}}],"collection":[{"href":"https:\/\/vonia24.com\/ru\/wp-json\/wp\/v2\/product"}],"about":[{"href":"https:\/\/vonia24.com\/ru\/wp-json\/wp\/v2\/types\/product"}],"replies":[{"embeddable":true,"href":"https:\/\/vonia24.com\/ru\/wp-json\/wp\/v2\/comments?post=1083"}],"wp:featuredmedia":[{"embeddable":true,"href":"https:\/\/vonia24.com\/ru\/wp-json\/wp\/v2\/media\/1084"}],"wp:attachment":[{"href":"https:\/\/vonia24.com\/ru\/wp-json\/wp\/v2\/media?parent=1083"}],"wp:term":[{"taxonomy":"product_cat","embeddable":true,"href":"https:\/\/vonia24.com\/ru\/wp-json\/wp\/v2\/product_cat?post=1083"},{"taxonomy":"product_tag","embeddable":true,"href":"https:\/\/vonia24.com\/ru\/wp-json\/wp\/v2\/product_tag?post=1083"}],"curies":[{"name":"wp","href":"https:\/\/api.w.org\/{rel}","templated":true}]}}