{"id":1158,"date":"2023-10-13T10:46:57","date_gmt":"2023-10-13T08:46:57","guid":{"rendered":"https:\/\/vonia24.com\/?post_type=product&#038;p=1158"},"modified":"2024-07-22T12:15:16","modified_gmt":"2024-07-22T10:15:16","slug":"essence-single-lever-kitchen-mixer-1-2","status":"publish","type":"product","link":"https:\/\/vonia24.com\/ru\/product\/essence-single-lever-kitchen-mixer-1-2\/","title":{"rendered":"ESSENCE VIENO SVERTO VIRTUV\u0116S MAI\u0160YTUVAS 1\/2"},"content":{"rendered":"<p>Montavimas per vien\u0105 skyl\u0119<br \/>\nGROHE StarLight chromo apdaila<br \/>\nGROHE SilkMove 28 mm keramin\u0117 galvut\u0117<br \/>\nsrauto reguliatorius su integruotu temperat\u016bros ribotuvu<br \/>\nProfesionalus du\u0161as su 2 pur\u0161kimo re\u017eimais<br \/>\nGROHFlexx lanksti higieni\u0161ka santopreno \u017earna<br \/>\nJungiklis: aeratorius \/ du\u0161as SpeedClean,<br \/>\nautomatinis perjungimas \u012f aeratori\u0173<br \/>\nMetalin\u0117 pur\u0161kimo galvut\u0117<br \/>\nGROHE Magnetic Docking leid\u017eia i\u0161traukiam\u0105j\u012f snapel\u012f lengvai ir tiksliai \u012fstatyti \u012f pradin\u0119 pad\u0117t\u012f<br \/>\nPasukamas snapelis, 360\u00b0 pasisukimo kampas<br \/>\nApsauga nuo gr\u012f\u017etamojo srauto<br \/>\nlanks\u010dios prijungimo \u017earnos<br \/>\nGreito montavimo sistema<br \/>\nchromo spalva<\/p>","protected":false},"excerpt":{"rendered":"<p>EAN: 4005176341472<\/p>\n<p>SKU:30294000<\/p>\n<p>Svoris: 3.7 kg<\/p>","protected":false},"featured_media":1159,"comment_status":"closed","ping_status":"closed","template":"","meta":[],"product_cat":[27,201],"product_tag":[],"class_list":{"0":"post-1158","1":"product","2":"type-product","3":"status-publish","4":"has-post-thumbnail","6":"produktu-serija-essence-new","7":"produkto-gamintojas-grohe","8":"product_cat-virtuve","9":"product_cat-virtuves-maisytuvai","11":"first","12":"instock","13":"sale","14":"taxable","15":"shipping-taxable","16":"purchasable","17":"product-type-simple"},"_links":{"self":[{"href":"https:\/\/vonia24.com\/ru\/wp-json\/wp\/v2\/product\/1158","targetHints":{"allow":["GET"]}}],"collection":[{"href":"https:\/\/vonia24.com\/ru\/wp-json\/wp\/v2\/product"}],"about":[{"href":"https:\/\/vonia24.com\/ru\/wp-json\/wp\/v2\/types\/product"}],"replies":[{"embeddable":true,"href":"https:\/\/vonia24.com\/ru\/wp-json\/wp\/v2\/comments?post=1158"}],"wp:featuredmedia":[{"embeddable":true,"href":"https:\/\/vonia24.com\/ru\/wp-json\/wp\/v2\/media\/1159"}],"wp:attachment":[{"href":"https:\/\/vonia24.com\/ru\/wp-json\/wp\/v2\/media?parent=1158"}],"wp:term":[{"taxonomy":"product_cat","embeddable":true,"href":"https:\/\/vonia24.com\/ru\/wp-json\/wp\/v2\/product_cat?post=1158"},{"taxonomy":"product_tag","embeddable":true,"href":"https:\/\/vonia24.com\/ru\/wp-json\/wp\/v2\/product_tag?post=1158"}],"curies":[{"name":"wp","href":"https:\/\/api.w.org\/{rel}","templated":true}]}}