{"id":1166,"date":"2023-10-13T11:42:30","date_gmt":"2023-10-13T09:42:30","guid":{"rendered":"https:\/\/vonia24.com\/?post_type=product&#038;p=1166"},"modified":"2024-07-22T12:15:11","modified_gmt":"2024-07-22T10:15:11","slug":"toilet-standing-bowl-essence-alpine-white-without-flange-545-mm","status":"publish","type":"product","link":"https:\/\/vonia24.com\/ru\/product\/toilet-standing-bowl-essence-alpine-white-without-flange-545-mm\/","title":{"rendered":"ESSENCE TUALETAS, STOVINTIS ANT GRIND\u0172, ALPI\u0172 BALTA SPALVOS, BE FLAN\u0160O, 545 MM"},"content":{"rendered":"<p>Universali horizontali ir vertikali vandens jungtis<br \/>\nnugara \u012f sien\u0105<br \/>\npasl\u0117ptoms cisternoms<br \/>\nbe flan\u0161o<br \/>\nNuplaunamas kiekis 3\/4,5 l<br \/>\ntvirtinimo komplektas pridedamas<br \/>\npagamintas i\u0161 sanitarin\u0117s keramikos<br \/>\npasl\u0117ptas tvirtinimas<br \/>\nPureGuard antibakterin\u0117, lengvai valoma danga<br \/>\nSuderinamas su s\u0117dyne 39 576 000 (standartin\u0117) arba 39 577 000 (laisvai pastatoma)<\/p>","protected":false},"excerpt":{"rendered":"<p>EAN: 4005176485794<\/p>\n<p>SKU:3957300H<\/p>\n<p>Svoris: 29.4 kg<\/p>","protected":false},"featured_media":1168,"comment_status":"closed","ping_status":"closed","template":"","meta":[],"product_cat":[26,178,186,189],"product_tag":[],"class_list":{"0":"post-1166","1":"product","2":"type-product","3":"status-publish","4":"has-post-thumbnail","6":"produktu-serija-essence-ceramic","7":"produkto-gamintojas-grohe","8":"product_cat-vonios-kambarys","9":"product_cat-santechnine-keramika","10":"product_cat-klozetai-ir-dangciai","11":"product_cat-pastatomi-klozetai","13":"first","14":"instock","15":"sale","16":"taxable","17":"shipping-taxable","18":"purchasable","19":"product-type-simple"},"_links":{"self":[{"href":"https:\/\/vonia24.com\/ru\/wp-json\/wp\/v2\/product\/1166","targetHints":{"allow":["GET"]}}],"collection":[{"href":"https:\/\/vonia24.com\/ru\/wp-json\/wp\/v2\/product"}],"about":[{"href":"https:\/\/vonia24.com\/ru\/wp-json\/wp\/v2\/types\/product"}],"replies":[{"embeddable":true,"href":"https:\/\/vonia24.com\/ru\/wp-json\/wp\/v2\/comments?post=1166"}],"wp:featuredmedia":[{"embeddable":true,"href":"https:\/\/vonia24.com\/ru\/wp-json\/wp\/v2\/media\/1168"}],"wp:attachment":[{"href":"https:\/\/vonia24.com\/ru\/wp-json\/wp\/v2\/media?parent=1166"}],"wp:term":[{"taxonomy":"product_cat","embeddable":true,"href":"https:\/\/vonia24.com\/ru\/wp-json\/wp\/v2\/product_cat?post=1166"},{"taxonomy":"product_tag","embeddable":true,"href":"https:\/\/vonia24.com\/ru\/wp-json\/wp\/v2\/product_tag?post=1166"}],"curies":[{"name":"wp","href":"https:\/\/api.w.org\/{rel}","templated":true}]}}