{"id":1196,"date":"2023-10-13T15:27:00","date_gmt":"2023-10-13T13:27:00","guid":{"rendered":"https:\/\/vonia24.com\/?post_type=product&#038;p=1196"},"modified":"2024-07-22T12:14:56","modified_gmt":"2024-07-22T10:14:56","slug":"euphoria-cube-shower-system-230-with-thermostat-for-wall-mounting","status":"publish","type":"product","link":"https:\/\/vonia24.com\/ru\/product\/euphoria-cube-shower-system-230-with-thermostat-for-wall-mounting\/","title":{"rendered":"EUPHORIA CUBE SYSTEM 230 DU\u0160O SISTEMA SU TERMOSTATU, SKIRTA MONTUOTI ANT SIENOS"},"content":{"rendered":"<p>Sudedamosios dalys:<br \/>\nhorizontalus du\u0161o porankis 400 mm<br \/>\ni\u0161ky\u0161a vir\u0161 snapelio 400 mm<br \/>\natviras termostatas su Aquadimmer funkcija<br \/>\nPerjungiklis: vir\u0161utinis du\u0161as \/ rankinis du\u0161as<br \/>\nLietaus du\u0161o galva Rainshower Allure (27 479 000)<br \/>\nmed\u017eiaga: metalas<br \/>\npurk\u0161tuko tipas: Rain<br \/>\nsu rutuline jungtimi<br \/>\npasukimo kampas \u00b1 15\u00b0<br \/>\nEuphoria Cube rankinis du\u0161as (27 699), reguliuojamas du\u0161o laikiklis<br \/>\nSilverflex du\u0161o \u017earna 1750 mm (28 388)<br \/>\nGROHE EcoJoy suma\u017eintas vandens suvartojimas<br \/>\nGROHE TurboStat termostatinis rankinis du\u0161as<br \/>\nGROHE SafeStop u\u017eraktas, kai temperat\u016bra yra 38 \u00b0C<br \/>\nGROHE SafeStop Plus \u012ftrauktas pasirenkamas temperat\u016bros ribotuvas 43\u00b0C<br \/>\nGROHE DreamSpray, kad du\u0161o poj\u016btis b\u016bt\u0173 tobulas<br \/>\nGROHE StarLight chromo apdaila<br \/>\nSpeedClean sistema nuo apna\u0161\u0173 susidarymo<br \/>\nTwistfree sistema, apsauganti du\u0161o \u017earn\u0105 nuo susisukimo<br \/>\nTinka momentiniams vandens \u0161ildytuvams su min. 18 kW<br \/>\nmin. srautas 7 l\/min.<br \/>\nmin. rekomenduojamas sl\u0117gis 1,0 bar<br \/>\nchromo spalva<\/p>\n<p>&nbsp;<\/p>","protected":false},"excerpt":{"rendered":"<p>EAN: 4005176940828<\/p>\n<p>SKU:26087000<\/p>\n<p>Svoris: 9.487 kg<\/p>","protected":false},"featured_media":1197,"comment_status":"closed","ping_status":"closed","template":"","meta":[],"product_cat":[26,146,163,213],"product_tag":[],"class_list":{"0":"post-1196","1":"product","2":"type-product","3":"status-publish","4":"has-post-thumbnail","6":"produktu-serija-euphoria-cube-system","7":"produkto-gamintojas-grohe","8":"product_cat-vonios-kambarys","9":"product_cat-dusai","10":"product_cat-duso-komplektai-ir-sistemos","11":"product_cat-virstinkines-duso-sistemos","13":"first","14":"instock","15":"sale","16":"taxable","17":"shipping-taxable","18":"purchasable","19":"product-type-simple"},"_links":{"self":[{"href":"https:\/\/vonia24.com\/ru\/wp-json\/wp\/v2\/product\/1196","targetHints":{"allow":["GET"]}}],"collection":[{"href":"https:\/\/vonia24.com\/ru\/wp-json\/wp\/v2\/product"}],"about":[{"href":"https:\/\/vonia24.com\/ru\/wp-json\/wp\/v2\/types\/product"}],"replies":[{"embeddable":true,"href":"https:\/\/vonia24.com\/ru\/wp-json\/wp\/v2\/comments?post=1196"}],"wp:featuredmedia":[{"embeddable":true,"href":"https:\/\/vonia24.com\/ru\/wp-json\/wp\/v2\/media\/1197"}],"wp:attachment":[{"href":"https:\/\/vonia24.com\/ru\/wp-json\/wp\/v2\/media?parent=1196"}],"wp:term":[{"taxonomy":"product_cat","embeddable":true,"href":"https:\/\/vonia24.com\/ru\/wp-json\/wp\/v2\/product_cat?post=1196"},{"taxonomy":"product_tag","embeddable":true,"href":"https:\/\/vonia24.com\/ru\/wp-json\/wp\/v2\/product_tag?post=1196"}],"curies":[{"name":"wp","href":"https:\/\/api.w.org\/{rel}","templated":true}]}}