{"id":1198,"date":"2023-10-13T15:35:22","date_gmt":"2023-10-13T13:35:22","guid":{"rendered":"https:\/\/vonia24.com\/?post_type=product&#038;p=1198"},"modified":"2024-07-22T12:14:55","modified_gmt":"2024-07-22T10:14:55","slug":"rainshower-system-400-shower-system-with-wall-mounted-thermostat","status":"publish","type":"product","link":"https:\/\/vonia24.com\/ru\/product\/rainshower-system-400-shower-system-with-wall-mounted-thermostat\/","title":{"rendered":"RAINSHOWER SYSTEM 400 &#8211; DU\u0160O SISTEMA SU SIENINIU TERMOSTATU"},"content":{"rendered":"<p>Sudedamosios dalys:<br \/>\nhorizontali pasukama ranka 450 mm<br \/>\natviras termostatas su Aquadimmer funkcija<br \/>\nnukreipiklis: lietaus du\u0161as \/ rankinis du\u0161as<br \/>\nRainshower Cosmopolitan 400 du\u0161o galvut\u0117 (28 778 000)<br \/>\nmed\u017eiaga: metalas<br \/>\nsu rutuliniu \u0161arnyru, pasukimo kampas \u00b1 20\u00b0<br \/>\nSena rankinis du\u0161as (28 034 000), reguliuojamas stumdom\u0105ja du\u0161o rankena (12 140 000)<br \/>\nMetalin\u0117 du\u0161o \u017earna 1750 mm (28 025 000)<br \/>\nGROHE TurboStat termostatin\u0117 galvut\u0117<br \/>\nGROHE SafeStop blokavimo mechanizmas esant 38 \u00b0C temperat\u016brai<br \/>\nGROHE SafeStop Plus \u012ftrauktas pasirenkamas temperat\u016bros ribotuvas 43\u00b0C<br \/>\nGROHE CoolTouch<br \/>\nGROHE DreamSpray &#8211; tobulas du\u0161as<br \/>\nGROHE StarLight chromo apdaila<br \/>\nSpeedClean sistema nuo apna\u0161\u0173 susidarymo<br \/>\nVidinis vandens kanalas<br \/>\nTinka momentiniams vandens \u0161ildytuvams min. 18 kW<br \/>\nmin. debitas 7 l\/min.<br \/>\nmin. rekomenduojamas sl\u0117gis 1,0 bar<br \/>\nchromo spalva<\/p>","protected":false},"excerpt":{"rendered":"<p>EAN:4005176877162<\/p>\n<p>SKU:27174001<\/p>\n<p>Svoris: 15.95 kg<\/p>","protected":false},"featured_media":1199,"comment_status":"closed","ping_status":"closed","template":"","meta":[],"product_cat":[26,146,163,213],"product_tag":[],"class_list":{"0":"post-1198","1":"product","2":"type-product","3":"status-publish","4":"has-post-thumbnail","6":"produktu-serija-rainshower-system","7":"produkto-gamintojas-grohe","8":"product_cat-vonios-kambarys","9":"product_cat-dusai","10":"product_cat-duso-komplektai-ir-sistemos","11":"product_cat-virstinkines-duso-sistemos","13":"first","14":"instock","15":"sale","16":"taxable","17":"shipping-taxable","18":"purchasable","19":"product-type-simple"},"_links":{"self":[{"href":"https:\/\/vonia24.com\/ru\/wp-json\/wp\/v2\/product\/1198","targetHints":{"allow":["GET"]}}],"collection":[{"href":"https:\/\/vonia24.com\/ru\/wp-json\/wp\/v2\/product"}],"about":[{"href":"https:\/\/vonia24.com\/ru\/wp-json\/wp\/v2\/types\/product"}],"replies":[{"embeddable":true,"href":"https:\/\/vonia24.com\/ru\/wp-json\/wp\/v2\/comments?post=1198"}],"wp:featuredmedia":[{"embeddable":true,"href":"https:\/\/vonia24.com\/ru\/wp-json\/wp\/v2\/media\/1199"}],"wp:attachment":[{"href":"https:\/\/vonia24.com\/ru\/wp-json\/wp\/v2\/media?parent=1198"}],"wp:term":[{"taxonomy":"product_cat","embeddable":true,"href":"https:\/\/vonia24.com\/ru\/wp-json\/wp\/v2\/product_cat?post=1198"},{"taxonomy":"product_tag","embeddable":true,"href":"https:\/\/vonia24.com\/ru\/wp-json\/wp\/v2\/product_tag?post=1198"}],"curies":[{"name":"wp","href":"https:\/\/api.w.org\/{rel}","templated":true}]}}