{"id":1344,"date":"2023-10-17T11:24:04","date_gmt":"2023-10-17T09:24:04","guid":{"rendered":"https:\/\/vonia24.com\/?post_type=product&#038;p=1344"},"modified":"2024-07-22T12:14:40","modified_gmt":"2024-07-22T10:14:40","slug":"grohe-plus-single-lever-basin-mixer-size-m-chrome-flow-limiter-5-7-l-min-ceramic-head-28-mm-with-push-open-stopper","status":"publish","type":"product","link":"https:\/\/vonia24.com\/ru\/product\/grohe-plus-single-lever-basin-mixer-size-m-chrome-flow-limiter-5-7-l-min-ceramic-head-28-mm-with-push-open-stopper\/","title":{"rendered":"GROHE PLUS VIENO SVERTO PRAUSTUVO MAI\u0160YTUVAS, DYDIS M, CHROMAS, SRAUTO RIBOTUVAS 5,7 L\/MIN, KERAMIN\u0116 GALVUT\u0116 28 MM, SU STUMDOMU KAM\u0160\u010cIU"},"content":{"rendered":"<p>Montavimas per vien\u0105 skyl\u0119<br \/>\nMetalin\u0117 svirtis<br \/>\nGROHE SilkMove 28 mm keramin\u0117 galvut\u0117<br \/>\nsu temperat\u016bros ribotuvu<br \/>\nGROHE StarLight chromo apdaila<br \/>\nGROHE EcoJoy SpeedClean aeratorius 5,7 l\/min<br \/>\nGROHE AquaGuide reguliuojamas aeratorius<br \/>\nGreito montavimo sistema<br \/>\nPasukamas snapelis su lengvu prijungimu<br \/>\n90\u00b0 pasukimo kampas<br \/>\nsu 1 1\/4&#8243; stumiamuoju kam\u0161\u010diu<br \/>\nlanks\u010dios jungiamosios \u017earnos<\/p>","protected":false},"excerpt":{"rendered":"<p>EAN: 4005176529733<\/p>\n<p>SKU:23872003<\/p>\n<p>Svoris: 0.001 kg<\/p>","protected":false},"featured_media":1345,"comment_status":"closed","ping_status":"closed","template":"","meta":[],"product_cat":[26,166,185],"product_tag":[],"class_list":{"0":"post-1344","1":"product","2":"type-product","3":"status-publish","4":"has-post-thumbnail","6":"produktu-serija-grohe-plus","7":"produkto-gamintojas-grohe","8":"product_cat-vonios-kambarys","9":"product_cat-vandens-maisytuvai","10":"product_cat-praustuvo-maisytuvai-praustuvai","12":"first","13":"instock","14":"sale","15":"taxable","16":"shipping-taxable","17":"purchasable","18":"product-type-simple"},"_links":{"self":[{"href":"https:\/\/vonia24.com\/ru\/wp-json\/wp\/v2\/product\/1344","targetHints":{"allow":["GET"]}}],"collection":[{"href":"https:\/\/vonia24.com\/ru\/wp-json\/wp\/v2\/product"}],"about":[{"href":"https:\/\/vonia24.com\/ru\/wp-json\/wp\/v2\/types\/product"}],"replies":[{"embeddable":true,"href":"https:\/\/vonia24.com\/ru\/wp-json\/wp\/v2\/comments?post=1344"}],"wp:featuredmedia":[{"embeddable":true,"href":"https:\/\/vonia24.com\/ru\/wp-json\/wp\/v2\/media\/1345"}],"wp:attachment":[{"href":"https:\/\/vonia24.com\/ru\/wp-json\/wp\/v2\/media?parent=1344"}],"wp:term":[{"taxonomy":"product_cat","embeddable":true,"href":"https:\/\/vonia24.com\/ru\/wp-json\/wp\/v2\/product_cat?post=1344"},{"taxonomy":"product_tag","embeddable":true,"href":"https:\/\/vonia24.com\/ru\/wp-json\/wp\/v2\/product_tag?post=1344"}],"curies":[{"name":"wp","href":"https:\/\/api.w.org\/{rel}","templated":true}]}}