{"id":1351,"date":"2023-10-17T12:23:16","date_gmt":"2023-10-17T10:23:16","guid":{"rendered":"https:\/\/vonia24.com\/?post_type=product&#038;p=1351"},"modified":"2024-07-22T12:14:37","modified_gmt":"2024-07-22T10:14:37","slug":"eurocube-joy-single-lever-shower-mixer","status":"publish","type":"product","link":"https:\/\/vonia24.com\/ru\/product\/eurocube-joy-single-lever-shower-mixer\/","title":{"rendered":"EUROCUBE JOY &#8211; VIENO SVERTO DU\u0160O MAI\u0160YTUVAS"},"content":{"rendered":"<p>Prie sienos tvirtinamas<br \/>\nMetalin\u0117 svirtis<br \/>\nGROHE FeatherControl valdymo svirties galvut\u0117<br \/>\nGROHE StarLight chromo apdaila<br \/>\n1\/2&#8243; du\u0161o i\u0161vestis su integruotu atbulinio vo\u017etuvo<br \/>\napsauga nuo atgalinio srauto<br \/>\nchromuotas<\/p>","protected":false},"excerpt":{"rendered":"<p>EAN: 4005176342219<\/p>\n<p>SKU:23665000<\/p>\n<p>Svoris: 2.21 kg<\/p>","protected":false},"featured_media":1352,"comment_status":"closed","ping_status":"closed","template":"","meta":[],"product_cat":[26,166,170],"product_tag":[],"class_list":{"0":"post-1351","1":"product","2":"type-product","3":"status-publish","4":"has-post-thumbnail","6":"produktu-serija-eurocube-joy","7":"produkto-gamintojas-grohe","8":"product_cat-vonios-kambarys","9":"product_cat-vandens-maisytuvai","10":"product_cat-duso-maisytuvai-vandens-maisytuvai","12":"first","13":"instock","14":"sale","15":"taxable","16":"shipping-taxable","17":"purchasable","18":"product-type-simple"},"_links":{"self":[{"href":"https:\/\/vonia24.com\/ru\/wp-json\/wp\/v2\/product\/1351","targetHints":{"allow":["GET"]}}],"collection":[{"href":"https:\/\/vonia24.com\/ru\/wp-json\/wp\/v2\/product"}],"about":[{"href":"https:\/\/vonia24.com\/ru\/wp-json\/wp\/v2\/types\/product"}],"replies":[{"embeddable":true,"href":"https:\/\/vonia24.com\/ru\/wp-json\/wp\/v2\/comments?post=1351"}],"wp:featuredmedia":[{"embeddable":true,"href":"https:\/\/vonia24.com\/ru\/wp-json\/wp\/v2\/media\/1352"}],"wp:attachment":[{"href":"https:\/\/vonia24.com\/ru\/wp-json\/wp\/v2\/media?parent=1351"}],"wp:term":[{"taxonomy":"product_cat","embeddable":true,"href":"https:\/\/vonia24.com\/ru\/wp-json\/wp\/v2\/product_cat?post=1351"},{"taxonomy":"product_tag","embeddable":true,"href":"https:\/\/vonia24.com\/ru\/wp-json\/wp\/v2\/product_tag?post=1351"}],"curies":[{"name":"wp","href":"https:\/\/api.w.org\/{rel}","templated":true}]}}