{"id":1357,"date":"2023-10-17T13:08:32","date_gmt":"2023-10-17T11:08:32","guid":{"rendered":"https:\/\/vonia24.com\/?post_type=product&#038;p=1357"},"modified":"2024-07-22T12:14:34","modified_gmt":"2024-07-22T10:14:34","slug":"rapid-sl-frame-wall-mounted-flush-toilet","status":"publish","type":"product","link":"https:\/\/vonia24.com\/ru\/product\/rapid-sl-frame-wall-mounted-flush-toilet\/","title":{"rendered":"RAPID SL R\u0116MAS &#8211; SIENINIS TUALETO NULEIDIMAS"},"content":{"rendered":"<p>Su 6 litr\u0173 talpos tualeto praplovimo bakeliu<br \/>\nTualeto dubenims su 70 cm i\u0161ky\u0161a<br \/>\nMontuojamas ant sienos arba r\u0117mo<br \/>\nMilteliais dengtas plieninis r\u0117mas, savaime i\u0161silaikantis, skirtas sausai statybai<br \/>\nPilnas i\u0161ankstinis surinkimas<br \/>\nfiksuotos jungtys prie objekto, tvirtinimo med\u017eiaga<br \/>\n2 WC tvirtinimo var\u017etai<br \/>\nKeramikos tvirtinimas<br \/>\nAtstumas tarp var\u017et\u0173 180\/230 mm,<br \/>\nMontavimo gylio reguliavimas<br \/>\n\u012evado ir drena\u017eo rinkinys<br \/>\nPneumatinis nuleidimo vo\u017etuvas su 3 funkcijomis: 2 t\u016brio, &#8222;Start\/Stop&#8221; arba be pertraukos<br \/>\nI triuk\u0161mo klas\u0117s mai\u0161ytuvas su \u017eiedadulki\u0173 izoliacija<br \/>\n\u00bd&#8221; vandens jungtis su integruotu kampiniu vo\u017etuvu ir jungtimi<br \/>\nmontavimui reikalingas sieninis laikiklis Rapid SL 38 558 00M (u\u017esakomas atskirai)<br \/>\nNe\u012fgaliesiems skirtiems atraminiams b\u0117geliams u\u017esakykite tvirtinimo detal\u0119 38 559 001 (u\u017esakoma atskirai)<\/p>","protected":false},"excerpt":{"rendered":"<p>EAN: 4005176863516<\/p>\n<p>SKU:38675001<\/p>\n<p>Svoris: 14.2 kg<\/p>","protected":false},"featured_media":1358,"comment_status":"closed","ping_status":"closed","template":"","meta":[],"product_cat":[26,178,193,195,196],"product_tag":[],"class_list":{"0":"post-1357","1":"product","2":"type-product","3":"status-publish","4":"has-post-thumbnail","6":"produktu-serija-rapid-sl","7":"produkto-gamintojas-grohe","8":"product_cat-vonios-kambarys","9":"product_cat-santechnine-keramika","10":"product_cat-potinkiniai-remai-ir-klavisai","11":"product_cat-potinkiniai-remai","12":"product_cat-klozetui","14":"first","15":"instock","16":"sale","17":"taxable","18":"shipping-taxable","19":"purchasable","20":"product-type-simple"},"_links":{"self":[{"href":"https:\/\/vonia24.com\/ru\/wp-json\/wp\/v2\/product\/1357","targetHints":{"allow":["GET"]}}],"collection":[{"href":"https:\/\/vonia24.com\/ru\/wp-json\/wp\/v2\/product"}],"about":[{"href":"https:\/\/vonia24.com\/ru\/wp-json\/wp\/v2\/types\/product"}],"replies":[{"embeddable":true,"href":"https:\/\/vonia24.com\/ru\/wp-json\/wp\/v2\/comments?post=1357"}],"wp:featuredmedia":[{"embeddable":true,"href":"https:\/\/vonia24.com\/ru\/wp-json\/wp\/v2\/media\/1358"}],"wp:attachment":[{"href":"https:\/\/vonia24.com\/ru\/wp-json\/wp\/v2\/media?parent=1357"}],"wp:term":[{"taxonomy":"product_cat","embeddable":true,"href":"https:\/\/vonia24.com\/ru\/wp-json\/wp\/v2\/product_cat?post=1357"},{"taxonomy":"product_tag","embeddable":true,"href":"https:\/\/vonia24.com\/ru\/wp-json\/wp\/v2\/product_tag?post=1357"}],"curies":[{"name":"wp","href":"https:\/\/api.w.org\/{rel}","templated":true}]}}