{"id":1361,"date":"2023-10-17T14:32:46","date_gmt":"2023-10-17T12:32:46","guid":{"rendered":"https:\/\/vonia24.com\/?post_type=product&#038;p=1361"},"modified":"2024-07-22T12:14:31","modified_gmt":"2024-07-22T10:14:31","slug":"tempesta-cosmopolitan-bath-and-shower-system-210-with-thermostat-for-wall-mounted-installation-chrome-single-jet-hand-shower-with-2-spray-modes-shower-arm-390-mm-safety-lock","status":"publish","type":"product","link":"https:\/\/vonia24.com\/ru\/product\/tempesta-cosmopolitan-bath-and-shower-system-210-with-thermostat-for-wall-mounted-installation-chrome-single-jet-hand-shower-with-2-spray-modes-shower-arm-390-mm-safety-lock\/","title":{"rendered":"TEMPESTA COSMOPOLITAN SYSTEM 210 TERMOSTATIN\u0116 VONIOS IR DU\u0160O SISTEMA, MONTUOJAMA ANT ATVIROS SIENOS, CHROMAS, VIENO SROVELIO DU\u0160O GALVUT\u0116, DVIEJ\u0172 PURK\u0160TUK\u0172 RANKINIS DU\u0160AS, 390 MM DU\u0160O RANKENA, APSAUGINIS U\u017dRAKTAS"},"content":{"rendered":"<p>Sudedamosios dalys:<br \/>\nhorizontali pasukama rankena 390 mm<br \/>\nGrohtherm 1000 Cosmopolitan termostatas su Aquadimmer<br \/>\njungiklis: lietaus du\u0161as \/ rankinis du\u0161as<br \/>\nDu\u0161o galvut\u0117 Tempesta 210 (26 408 000)<br \/>\npurk\u0161tuvo tipas: Rain<br \/>\nsu rutuline jungtimi<br \/>\nsukimosi kampas \u00b1 15 \u00b0<br \/>\nvonios snapelis<br \/>\natskiras rankinio du\u0161o nukreipiklis<br \/>\nrankinis du\u0161as Tempesta Cosmopolitan 100 (27 571)<br \/>\n2 tip\u0173 srov\u0117s<br \/>\nRain, Jet<br \/>\nreguliuojamas du\u0161o laikiklis<br \/>\nRotaflex du\u0161o \u017earna 1750 mm (28 410 001)<br \/>\nGROHE TurboStat termostatin\u0117 galvut\u0117<br \/>\nGROHE SafeStop u\u017eraktas esant 38 \u00b0C temperat\u016brai<br \/>\nGROHE SafeStop Plus pasirinktinai pridedamas 43 \u00b0C temperat\u016bros ribotuvas<br \/>\nGROHE DreamSpray &#8211; tobulas pur\u0161kimo b\u016bdas<br \/>\nGROHE StarLight chromo apdaila<br \/>\nSpeedClean sistema nuo kalki\u0173<br \/>\nvidinis vandens kanalas<br \/>\nTwistfree sistemos sistema, apsauganti du\u0161o \u017earn\u0105 nuo susisukimo<br \/>\npritaikyta \u0161ildytuvams<br \/>\nsrautas, kurio galia ne ma\u017eesn\u0117 kaip 18 kW<br \/>\nmin. srautas 7 l\/min.<\/p>","protected":false},"excerpt":{"rendered":"<p>EAN: 4005176408144<\/p>\n<p>SKU:26223001<\/p>\n<p>Svoris: 7.52 kg<\/p>","protected":false},"featured_media":1362,"comment_status":"closed","ping_status":"closed","template":"","meta":[],"product_cat":[26,146,163,213],"product_tag":[],"class_list":{"0":"post-1361","1":"product","2":"type-product","3":"status-publish","4":"has-post-thumbnail","6":"produktu-serija-tempesta-cosmopolitan-system-210","7":"produkto-gamintojas-grohe","8":"product_cat-vonios-kambarys","9":"product_cat-dusai","10":"product_cat-duso-komplektai-ir-sistemos","11":"product_cat-virstinkines-duso-sistemos","13":"first","14":"instock","15":"sale","16":"taxable","17":"shipping-taxable","18":"purchasable","19":"product-type-simple"},"_links":{"self":[{"href":"https:\/\/vonia24.com\/ru\/wp-json\/wp\/v2\/product\/1361","targetHints":{"allow":["GET"]}}],"collection":[{"href":"https:\/\/vonia24.com\/ru\/wp-json\/wp\/v2\/product"}],"about":[{"href":"https:\/\/vonia24.com\/ru\/wp-json\/wp\/v2\/types\/product"}],"replies":[{"embeddable":true,"href":"https:\/\/vonia24.com\/ru\/wp-json\/wp\/v2\/comments?post=1361"}],"wp:featuredmedia":[{"embeddable":true,"href":"https:\/\/vonia24.com\/ru\/wp-json\/wp\/v2\/media\/1362"}],"wp:attachment":[{"href":"https:\/\/vonia24.com\/ru\/wp-json\/wp\/v2\/media?parent=1361"}],"wp:term":[{"taxonomy":"product_cat","embeddable":true,"href":"https:\/\/vonia24.com\/ru\/wp-json\/wp\/v2\/product_cat?post=1361"},{"taxonomy":"product_tag","embeddable":true,"href":"https:\/\/vonia24.com\/ru\/wp-json\/wp\/v2\/product_tag?post=1361"}],"curies":[{"name":"wp","href":"https:\/\/api.w.org\/{rel}","templated":true}]}}