{"id":1374,"date":"2023-10-17T15:45:26","date_gmt":"2023-10-17T13:45:26","guid":{"rendered":"https:\/\/vonia24.com\/?post_type=product&#038;p=1374"},"modified":"2024-07-22T12:08:07","modified_gmt":"2024-07-22T10:08:07","slug":"tempesta-cosmopolitan-100-single-lever-shower-head-chrome","status":"publish","type":"product","link":"https:\/\/vonia24.com\/ru\/product\/tempesta-cosmopolitan-100-single-lever-shower-head-chrome\/","title":{"rendered":"TEMPESTA COSMOPOLITAN 100 VIENVAMZDIS RANKINIS DU\u0160AS, CHROMAS"},"content":{"rendered":"<p>Rain srov\u0117<br \/>\nGROHE DreamSpray &#8211; tobulas pur\u0161kimo re\u017eimas<br \/>\nGROHE StarLight chromo apdaila<br \/>\nSpeedClean apsaugos nuo kalki\u0173 sistema<br \/>\nVidinis vandens kanalas<br \/>\ntinka momentiniams vandens \u0161ildytuvams<br \/>\nuniversalus surinkimas, tinka visiems<br \/>\nstandartin\u0117ms du\u0161o \u017earnoms<br \/>\nminimalus rekomenduojamas sl\u0117gis 1,0 bar<\/p>","protected":false},"excerpt":{"rendered":"<p>EAN: 4005176443268<\/p>\n<p>SKU:26082002<\/p>\n<p>Svoris: 0.24 kg<\/p>","protected":false},"featured_media":1375,"comment_status":"closed","ping_status":"closed","template":"","meta":[],"product_cat":[26,146,161],"product_tag":[],"class_list":{"0":"post-1374","1":"product","2":"type-product","3":"status-publish","4":"has-post-thumbnail","6":"produktu-serija-tempesta-cosmopolitan-100","7":"produkto-gamintojas-grohe","8":"product_cat-vonios-kambarys","9":"product_cat-dusai","10":"product_cat-duso-kabinu-priedai","12":"first","13":"instock","14":"sale","15":"taxable","16":"shipping-taxable","17":"purchasable","18":"product-type-simple"},"_links":{"self":[{"href":"https:\/\/vonia24.com\/ru\/wp-json\/wp\/v2\/product\/1374","targetHints":{"allow":["GET"]}}],"collection":[{"href":"https:\/\/vonia24.com\/ru\/wp-json\/wp\/v2\/product"}],"about":[{"href":"https:\/\/vonia24.com\/ru\/wp-json\/wp\/v2\/types\/product"}],"replies":[{"embeddable":true,"href":"https:\/\/vonia24.com\/ru\/wp-json\/wp\/v2\/comments?post=1374"}],"wp:featuredmedia":[{"embeddable":true,"href":"https:\/\/vonia24.com\/ru\/wp-json\/wp\/v2\/media\/1375"}],"wp:attachment":[{"href":"https:\/\/vonia24.com\/ru\/wp-json\/wp\/v2\/media?parent=1374"}],"wp:term":[{"taxonomy":"product_cat","embeddable":true,"href":"https:\/\/vonia24.com\/ru\/wp-json\/wp\/v2\/product_cat?post=1374"},{"taxonomy":"product_tag","embeddable":true,"href":"https:\/\/vonia24.com\/ru\/wp-json\/wp\/v2\/product_tag?post=1374"}],"curies":[{"name":"wp","href":"https:\/\/api.w.org\/{rel}","templated":true}]}}