{"id":1378,"date":"2023-10-18T10:39:40","date_gmt":"2023-10-18T08:39:40","guid":{"rendered":"https:\/\/vonia24.com\/?post_type=product&#038;p=1378"},"modified":"2024-07-22T12:14:27","modified_gmt":"2024-07-22T10:14:27","slug":"rainshower-smartactive-130-cube-set-with-900-mm-shower-rod-3-jets-moon-white","status":"publish","type":"product","link":"https:\/\/vonia24.com\/ru\/product\/rainshower-smartactive-130-cube-set-with-900-mm-shower-rod-3-jets-moon-white\/","title":{"rendered":"RAINSHOWER SMARTACTIVE 130 CUBE &#8211; KOMPLEKTAS SU 900 MM DU\u0160O JUOSTA, 3 PURK\u0160TUKAI, MOON WHITE"},"content":{"rendered":"<p>Sudedamosios dalys:<br \/>\nRainshower SmartActive 130 Cube rankinis du\u0161as (26 582)<br \/>\n900 mm juosta<br \/>\nsu sieniniais laikikliais<br \/>\nSilverflex du\u0161o \u017earna 1750 mm (28 388)<br \/>\nGROHE EasyReach lentyna<br \/>\nGROHE EcoJoy, srauto ribotuvas 9,5 l\/min<br \/>\nGROHE DreamSpray tobulas purk\u0161tuvas<br \/>\nGROHE StarLight chromuota danga<br \/>\nGROHE FastFixation Plus reguliuojamas atstumas tarp ranken\u0173<br \/>\npritaikyti prie esam\u0173 skyli\u0173<br \/>\nGROHE TileFix gylio reguliavimas vir\u0161utin\u0117je ir apatin\u0117je rankenose<br \/>\nSpeedClean sistema nuo apna\u0161\u0173 susidarymo<br \/>\nVidinis vandens kanalas<br \/>\nTwistfree sistema, apsauganti du\u0161o \u017earn\u0105 nuo susisukimo<br \/>\nTinka momentiniams vandens \u0161ildytuvams<\/p>","protected":false},"excerpt":{"rendered":"<p>EAN: 4005176675232<\/p>\n<p>SKU:26587LS0<\/p>\n<p>Svoris: 1.9 kg<\/p>","protected":false},"featured_media":1379,"comment_status":"closed","ping_status":"closed","template":"","meta":[],"product_cat":[26,146,163,213],"product_tag":[],"class_list":{"0":"post-1378","1":"product","2":"type-product","3":"status-publish","4":"has-post-thumbnail","6":"produktu-serija-rainshower-smartactive","7":"produkto-gamintojas-grohe","8":"product_cat-vonios-kambarys","9":"product_cat-dusai","10":"product_cat-duso-komplektai-ir-sistemos","11":"product_cat-virstinkines-duso-sistemos","13":"first","14":"instock","15":"sale","16":"taxable","17":"shipping-taxable","18":"purchasable","19":"product-type-simple"},"_links":{"self":[{"href":"https:\/\/vonia24.com\/ru\/wp-json\/wp\/v2\/product\/1378","targetHints":{"allow":["GET"]}}],"collection":[{"href":"https:\/\/vonia24.com\/ru\/wp-json\/wp\/v2\/product"}],"about":[{"href":"https:\/\/vonia24.com\/ru\/wp-json\/wp\/v2\/types\/product"}],"replies":[{"embeddable":true,"href":"https:\/\/vonia24.com\/ru\/wp-json\/wp\/v2\/comments?post=1378"}],"wp:featuredmedia":[{"embeddable":true,"href":"https:\/\/vonia24.com\/ru\/wp-json\/wp\/v2\/media\/1379"}],"wp:attachment":[{"href":"https:\/\/vonia24.com\/ru\/wp-json\/wp\/v2\/media?parent=1378"}],"wp:term":[{"taxonomy":"product_cat","embeddable":true,"href":"https:\/\/vonia24.com\/ru\/wp-json\/wp\/v2\/product_cat?post=1378"},{"taxonomy":"product_tag","embeddable":true,"href":"https:\/\/vonia24.com\/ru\/wp-json\/wp\/v2\/product_tag?post=1378"}],"curies":[{"name":"wp","href":"https:\/\/api.w.org\/{rel}","templated":true}]}}