{"id":1383,"date":"2023-10-18T10:50:13","date_gmt":"2023-10-18T08:50:13","guid":{"rendered":"https:\/\/vonia24.com\/?post_type=product&#038;p=1383"},"modified":"2024-07-22T12:14:25","modified_gmt":"2024-07-22T10:14:25","slug":"tempesta-210-rainshower-with-arm-286-mm-1-jet-chrome-flow-limiter-9-5-l-min","status":"publish","type":"product","link":"https:\/\/vonia24.com\/ru\/product\/tempesta-210-rainshower-with-arm-286-mm-1-jet-chrome-flow-limiter-9-5-l-min\/","title":{"rendered":"TEMPESTA 210 DU\u0160O GALVUT\u0116 SU 286 MM SVIRTIMI, 1 PURK\u0160TUKAS, CHROMAS, SRAUTO RIBOTUVAS 9,5 L\/MIN."},"content":{"rendered":"<p>Sudedamosios dalys:<br \/>\nTempesta 210 du\u0161o galvut\u0117 9,5 l \/ min (26 410 000)<br \/>\nRain srov\u0117<br \/>\nRainshower 286 mm (28 576 000) du\u0161o rankena<br \/>\nGROHE EcoJoy, srauto ribotuvas 9,5 l \/ min<br \/>\nGROHE DreamSpray &#8211; tobulas pur\u0161kimo b\u016bdas<br \/>\nSpeedClean apsaugos nuo kalki\u0173 sistema<br \/>\nVidinis vandens kanalas<br \/>\ntinka momentiniams vandens \u0161ildytuvams<\/p>","protected":false},"excerpt":{"rendered":"<p>EAN: 4005176390173<\/p>\n<p>SKU:26412000<\/p>\n<p>Svoris: 1.42 kg<\/p>","protected":false},"featured_media":1384,"comment_status":"closed","ping_status":"closed","template":"","meta":[],"product_cat":[26,166,164,146,215],"product_tag":[],"class_list":{"0":"post-1383","1":"product","2":"type-product","3":"status-publish","4":"has-post-thumbnail","6":"produktu-serija-tempesta-210","7":"produkto-gamintojas-grohe","8":"product_cat-vonios-kambarys","9":"product_cat-vandens-maisytuvai","10":"product_cat-lietaus-duso-galvos","11":"product_cat-dusai","12":"product_cat-lietaus-duso-galvos-dusai","14":"first","15":"instock","16":"sale","17":"taxable","18":"shipping-taxable","19":"purchasable","20":"product-type-simple"},"_links":{"self":[{"href":"https:\/\/vonia24.com\/ru\/wp-json\/wp\/v2\/product\/1383","targetHints":{"allow":["GET"]}}],"collection":[{"href":"https:\/\/vonia24.com\/ru\/wp-json\/wp\/v2\/product"}],"about":[{"href":"https:\/\/vonia24.com\/ru\/wp-json\/wp\/v2\/types\/product"}],"replies":[{"embeddable":true,"href":"https:\/\/vonia24.com\/ru\/wp-json\/wp\/v2\/comments?post=1383"}],"wp:featuredmedia":[{"embeddable":true,"href":"https:\/\/vonia24.com\/ru\/wp-json\/wp\/v2\/media\/1384"}],"wp:attachment":[{"href":"https:\/\/vonia24.com\/ru\/wp-json\/wp\/v2\/media?parent=1383"}],"wp:term":[{"taxonomy":"product_cat","embeddable":true,"href":"https:\/\/vonia24.com\/ru\/wp-json\/wp\/v2\/product_cat?post=1383"},{"taxonomy":"product_tag","embeddable":true,"href":"https:\/\/vonia24.com\/ru\/wp-json\/wp\/v2\/product_tag?post=1383"}],"curies":[{"name":"wp","href":"https:\/\/api.w.org\/{rel}","templated":true}]}}