{"id":1406,"date":"2023-10-18T14:56:27","date_gmt":"2023-10-18T12:56:27","guid":{"rendered":"https:\/\/vonia24.com\/?post_type=product&#038;p=1406"},"modified":"2024-07-22T12:14:17","modified_gmt":"2024-07-22T10:14:17","slug":"rainshower-smartactive-130-hand-shower-3-jets-cool-sunrise","status":"publish","type":"product","link":"https:\/\/vonia24.com\/ru\/product\/rainshower-smartactive-130-hand-shower-3-jets-cool-sunrise\/","title":{"rendered":"RAINSHOWER SMARTACTIVE 130 RANKINIS DU\u0160AS 3 PURK\u0160TUKAI, COOL SUNRISE"},"content":{"rendered":"<p>Rain ir Jet srov\u0117s su DripStop ir ActiveMassage funkcijomis<br \/>\nGROHE EcoJoy, srauto ribotuvas 9,5 l\/min<br \/>\nGROHE DreamSpray &#8211; tobula du\u0161o patirtis<br \/>\nGROHE SmartTip, leid\u017eiantis pasirinkti pur\u0161kimo re\u017eim\u0105 tiesiog paspaud\u017eiant rankenos \u017eied\u0105<br \/>\nGROHE RainStart Lietaus purk\u0161tuvas visada \u012fsijungia pirmas<br \/>\nGROHE StarLight chromo danga<br \/>\nSpeedClean sistema nuo apna\u0161\u0173 susidarymo<br \/>\nVidinis vandens kanalas<br \/>\nUniversalus montavimas, tinka visoms standartin\u0117ms du\u0161o \u017earnoms<br \/>\nTinka momentiniams vandens \u0161ildytuvams<\/p>","protected":false},"excerpt":{"rendered":"<p>EAN: 4005176675034<\/p>\n<p>SKU:26574GL0<\/p>\n<p>Svoris: 0.336 kg<\/p>","protected":false},"featured_media":1407,"comment_status":"closed","ping_status":"closed","template":"","meta":[],"product_cat":[26,146,161],"product_tag":[],"class_list":{"0":"post-1406","1":"product","2":"type-product","3":"status-publish","4":"has-post-thumbnail","6":"produktu-serija-rainshower-smartactive","7":"produkto-gamintojas-grohe","8":"product_cat-vonios-kambarys","9":"product_cat-dusai","10":"product_cat-duso-kabinu-priedai","12":"first","13":"instock","14":"sale","15":"taxable","16":"shipping-taxable","17":"purchasable","18":"product-type-simple"},"_links":{"self":[{"href":"https:\/\/vonia24.com\/ru\/wp-json\/wp\/v2\/product\/1406","targetHints":{"allow":["GET"]}}],"collection":[{"href":"https:\/\/vonia24.com\/ru\/wp-json\/wp\/v2\/product"}],"about":[{"href":"https:\/\/vonia24.com\/ru\/wp-json\/wp\/v2\/types\/product"}],"replies":[{"embeddable":true,"href":"https:\/\/vonia24.com\/ru\/wp-json\/wp\/v2\/comments?post=1406"}],"wp:featuredmedia":[{"embeddable":true,"href":"https:\/\/vonia24.com\/ru\/wp-json\/wp\/v2\/media\/1407"}],"wp:attachment":[{"href":"https:\/\/vonia24.com\/ru\/wp-json\/wp\/v2\/media?parent=1406"}],"wp:term":[{"taxonomy":"product_cat","embeddable":true,"href":"https:\/\/vonia24.com\/ru\/wp-json\/wp\/v2\/product_cat?post=1406"},{"taxonomy":"product_tag","embeddable":true,"href":"https:\/\/vonia24.com\/ru\/wp-json\/wp\/v2\/product_tag?post=1406"}],"curies":[{"name":"wp","href":"https:\/\/api.w.org\/{rel}","templated":true}]}}