{"id":1434,"date":"2023-10-19T12:55:41","date_gmt":"2023-10-19T10:55:41","guid":{"rendered":"https:\/\/vonia24.com\/?post_type=product&#038;p=1434"},"modified":"2024-07-22T12:14:08","modified_gmt":"2024-07-22T10:14:08","slug":"essence-single-lever-kitchen-mixer-hard-graphite-spout-rotation-angle-0-150-360-28mm-ceramic-head","status":"publish","type":"product","link":"https:\/\/vonia24.com\/ru\/product\/essence-single-lever-kitchen-mixer-hard-graphite-spout-rotation-angle-0-150-360-28mm-ceramic-head\/","title":{"rendered":"ESSENCE VIENO SVERTO VIRTUV\u0116S MAI\u0160YTUVAS, KIETASIS GRAFITAS, SNAPELIO PASUKIMO KAMPAS 0\u00b0\/150\u00b0\/360\u00b0, 28 MM KERAMIN\u0116 GALVUT\u0116"},"content":{"rendered":"<p>Auk\u0161tas snapelis<br \/>\nmontavimas per vien\u0105 ang\u0105<br \/>\nGROHE StarLight chromuota danga<br \/>\nGROHE SilkMove keramin\u0117 galvut\u0117 28 mm<br \/>\nAeratorius<br \/>\npasukamas snapelis<br \/>\nreguliuojamas pasukimo kampas 0\u00b0 \/ 150\u00b0 \/ 360\u00b0<br \/>\nLanks\u010dios jungiamosios \u017earnos<br \/>\nGreito montavimo sistema<br \/>\nIntegruotas temperat\u016bros ribotuvas<br \/>\nminimalus rekomenduojamas sl\u0117gis 1,0 bar<\/p>","protected":false},"excerpt":{"rendered":"<p>EAN: 4005176428661<\/p>\n<p>SKU:30269A00<\/p>\n<p>Svoris: 1.76 kg<\/p>","protected":false},"featured_media":1435,"comment_status":"closed","ping_status":"closed","template":"","meta":[],"product_cat":[27,201],"product_tag":[],"class_list":{"0":"post-1434","1":"product","2":"type-product","3":"status-publish","4":"has-post-thumbnail","6":"produktu-serija-essence-new","7":"produkto-gamintojas-grohe","8":"product_cat-virtuve","9":"product_cat-virtuves-maisytuvai","11":"first","12":"instock","13":"sale","14":"taxable","15":"shipping-taxable","16":"purchasable","17":"product-type-simple"},"_links":{"self":[{"href":"https:\/\/vonia24.com\/ru\/wp-json\/wp\/v2\/product\/1434","targetHints":{"allow":["GET"]}}],"collection":[{"href":"https:\/\/vonia24.com\/ru\/wp-json\/wp\/v2\/product"}],"about":[{"href":"https:\/\/vonia24.com\/ru\/wp-json\/wp\/v2\/types\/product"}],"replies":[{"embeddable":true,"href":"https:\/\/vonia24.com\/ru\/wp-json\/wp\/v2\/comments?post=1434"}],"wp:featuredmedia":[{"embeddable":true,"href":"https:\/\/vonia24.com\/ru\/wp-json\/wp\/v2\/media\/1435"}],"wp:attachment":[{"href":"https:\/\/vonia24.com\/ru\/wp-json\/wp\/v2\/media?parent=1434"}],"wp:term":[{"taxonomy":"product_cat","embeddable":true,"href":"https:\/\/vonia24.com\/ru\/wp-json\/wp\/v2\/product_cat?post=1434"},{"taxonomy":"product_tag","embeddable":true,"href":"https:\/\/vonia24.com\/ru\/wp-json\/wp\/v2\/product_tag?post=1434"}],"curies":[{"name":"wp","href":"https:\/\/api.w.org\/{rel}","templated":true}]}}