{"id":1436,"date":"2023-10-19T13:49:32","date_gmt":"2023-10-19T11:49:32","guid":{"rendered":"https:\/\/vonia24.com\/?post_type=product&#038;p=1436"},"modified":"2024-07-22T12:14:07","modified_gmt":"2024-07-22T10:14:07","slug":"minta-smartcontrol-sink-mixer-with-smartcontrol-stainless-steel-separate-water-channels-spout-rotation-angle-140-pull-out-spout-temperature-and-pressure-control-ring-on-body","status":"publish","type":"product","link":"https:\/\/vonia24.com\/ru\/product\/minta-smartcontrol-sink-mixer-with-smartcontrol-stainless-steel-separate-water-channels-spout-rotation-angle-140-pull-out-spout-temperature-and-pressure-control-ring-on-body\/","title":{"rendered":"MINTA SMARTCONTROL PLAUTUV\u0116S MAI\u0160YTUVAS SU SMARTCONTROL, NER\u016aDIJANTIS PLIENAS, ATSKIRI VANDENS KANALAI, SNAPELIO PASUKIMO KAMPAS 140\u00b0, I\u0160TRAUKIAMASIS SNAPELIS, TEMPERAT\u016aROS IR SL\u0116GIO REGULIAVIMO \u017dIEDAS ANT KORPUSO"},"content":{"rendered":"<p>Montavimas per vien\u0105 skyl\u0119<br \/>\nGROHE StarLight chromuota danga<br \/>\nI\u0161traukiamasis purk\u0161tuvas su laminariniu srautu<br \/>\nMetalin\u0117 purk\u0161tuvo galvut\u0117<br \/>\nGROHE Magnetic Docking leid\u017eia i\u0161traukiam\u0105j\u012f snapel\u012f lengvai ir tiksliai u\u017esukti \u012f pradin\u0119 pad\u0117t\u012f<br \/>\nVandens temperat\u016bros reguliavimas sukamuoju \u017eiedu ant mai\u0161ytuvo korpuso<br \/>\nPasukamas snapelis<br \/>\n140\u00b0 pasukimo kampas<br \/>\nApsauga nuo atbulinio srauto<br \/>\nLanks\u010dios prijungimo \u017earnos<br \/>\nGreitas ir paprastas GROHE FastFixation Plus montavimas, nereikia joki\u0173 \u012franki\u0173<br \/>\nAtskiri vandens kanalai GROHE Zero &#8211; jokio s\u0105ly\u010dio su \u0161vinu ir nikeliu<\/p>","protected":false},"excerpt":{"rendered":"<div class=\"elementor-element elementor-element-13c1b043 elementor-widget elementor-widget-woocommerce-product-short-description\" data-id=\"13c1b043\" data-element_type=\"widget\" data-widget_type=\"woocommerce-product-short-description.default\">\n<div class=\"elementor-widget-container\">\n<div class=\"woocommerce-product-details__short-description\">\n<div class=\"elementor-element elementor-element-13c1b043 elementor-widget elementor-widget-woocommerce-product-short-description\" data-id=\"13c1b043\" data-element_type=\"widget\" data-widget_type=\"woocommerce-product-short-description.default\">\n<div class=\"elementor-widget-container\">\n<div class=\"woocommerce-product-details__short-description\">\n<div class=\"elementor-element elementor-element-13c1b043 elementor-widget elementor-widget-woocommerce-product-short-description\" data-id=\"13c1b043\" data-element_type=\"widget\" data-widget_type=\"woocommerce-product-short-description.default\">\n<div class=\"elementor-widget-container\">\n<div class=\"woocommerce-product-details__short-description\">\n<div class=\"elementor-element elementor-element-13c1b043 elementor-widget elementor-widget-woocommerce-product-short-description\" data-id=\"13c1b043\" data-element_type=\"widget\" data-widget_type=\"woocommerce-product-short-description.default\">\n<div class=\"elementor-widget-container\">\n<div class=\"woocommerce-product-details__short-description\">\n<div class=\"elementor-element elementor-element-13c1b043 elementor-widget elementor-widget-woocommerce-product-short-description\" data-id=\"13c1b043\" data-element_type=\"widget\" data-widget_type=\"woocommerce-product-short-description.default\">\n<div class=\"elementor-widget-container\">\n<div class=\"woocommerce-product-details__short-description\">\n<div class=\"elementor-element elementor-element-13c1b043 elementor-widget elementor-widget-woocommerce-product-short-description\" data-id=\"13c1b043\" data-element_type=\"widget\" data-widget_type=\"woocommerce-product-short-description.default\">\n<div class=\"elementor-widget-container\">\n<div class=\"woocommerce-product-details__short-description\">\n<p>EAN: 4005176521980<\/p>\n<p>SKU:31613DC0<\/p>\n<p>Svoris: 3.205 kg<\/p>\n<\/div>\n<\/div>\n<\/div>\n<\/div>\n<\/div>\n<\/div>\n<\/div>\n<\/div>\n<\/div>\n<\/div>\n<\/div>\n<\/div>\n<\/div>\n<\/div>\n<\/div>\n<\/div>\n<\/div>\n<\/div>\n<div class=\"elementor-element elementor-element-512045f elementor-add-to-cart--layout-auto e-add-to-cart--show-quantity-yes elementor-widget elementor-widget-woocommerce-product-add-to-cart\" data-id=\"512045f\" data-element_type=\"widget\" data-widget_type=\"woocommerce-product-add-to-cart.default\">\n<div class=\"elementor-widget-container\">\n<div class=\"elementor-add-to-cart elementor-product-simple\"><\/div>\n<\/div>\n<\/div>\n<div class=\"elementor-element elementor-element-200667d9 elementor-widget-divider--view-line elementor-widget elementor-widget-divider\" data-id=\"200667d9\" data-element_type=\"widget\" data-widget_type=\"divider.default\">\n<div class=\"elementor-widget-container\">\n<div class=\"elementor-divider\"><\/div>\n<\/div>\n<\/div>","protected":false},"featured_media":1437,"comment_status":"closed","ping_status":"closed","template":"","meta":[],"product_cat":[27,201],"product_tag":[],"class_list":{"0":"post-1436","1":"product","2":"type-product","3":"status-publish","4":"has-post-thumbnail","6":"produktu-serija-minta-smartcontrol","7":"produkto-gamintojas-grohe","8":"product_cat-virtuve","9":"product_cat-virtuves-maisytuvai","11":"first","12":"instock","13":"sale","14":"taxable","15":"shipping-taxable","16":"purchasable","17":"product-type-simple"},"_links":{"self":[{"href":"https:\/\/vonia24.com\/ru\/wp-json\/wp\/v2\/product\/1436","targetHints":{"allow":["GET"]}}],"collection":[{"href":"https:\/\/vonia24.com\/ru\/wp-json\/wp\/v2\/product"}],"about":[{"href":"https:\/\/vonia24.com\/ru\/wp-json\/wp\/v2\/types\/product"}],"replies":[{"embeddable":true,"href":"https:\/\/vonia24.com\/ru\/wp-json\/wp\/v2\/comments?post=1436"}],"wp:featuredmedia":[{"embeddable":true,"href":"https:\/\/vonia24.com\/ru\/wp-json\/wp\/v2\/media\/1437"}],"wp:attachment":[{"href":"https:\/\/vonia24.com\/ru\/wp-json\/wp\/v2\/media?parent=1436"}],"wp:term":[{"taxonomy":"product_cat","embeddable":true,"href":"https:\/\/vonia24.com\/ru\/wp-json\/wp\/v2\/product_cat?post=1436"},{"taxonomy":"product_tag","embeddable":true,"href":"https:\/\/vonia24.com\/ru\/wp-json\/wp\/v2\/product_tag?post=1436"}],"curies":[{"name":"wp","href":"https:\/\/api.w.org\/{rel}","templated":true}]}}