{"id":1444,"date":"2023-10-19T14:41:10","date_gmt":"2023-10-19T12:41:10","guid":{"rendered":"https:\/\/vonia24.com\/?post_type=product&#038;p=1444"},"modified":"2024-07-22T12:14:06","modified_gmt":"2024-07-22T10:14:06","slug":"rainshower-cosmopolitan-310-with-ceiling-culvert-142-mm-1-jet-stainless-steel-flow-limiter-9-5-l-min-metal","status":"publish","type":"product","link":"https:\/\/vonia24.com\/ru\/product\/rainshower-cosmopolitan-310-with-ceiling-culvert-142-mm-1-jet-stainless-steel-flow-limiter-9-5-l-min-metal\/","title":{"rendered":"RAINSHOWER COSMOPOLITAN 310 DU\u0160O GALVUT\u0116 SU I\u0160\u0116JIMU \u012e LUBAS 142 MM, 1 PURK\u0160TUKAS, NER\u016aDIJANTIS PLIENAS, 9,5 L\/MIN SRAUTO RIBOTUVAS, METALAS"},"content":{"rendered":"<p>Sudedamosios dalys:<br \/>\nLietaus du\u0161as Rainshower Cosmopolitan 310 (27 478)<br \/>\nmed\u017eiaga: metalas<br \/>\nsrov\u0117 Rain<br \/>\nRainshower lub\u0173 \u012fleid\u017eiamoji grotel\u0117 142 mm (28 724 000)<br \/>\nGROHE EcoJoy, srauto ribotuvas 9,5 l\/min<br \/>\nGROHE DreamSpray tobulas purk\u0161tuvas<br \/>\nGROHE StarLight chromuota danga<br \/>\nSpeedClean sistema nuo kalki\u0173 nuos\u0117d\u0173<br \/>\nTinka momentiniams vandens \u0161ildytuvams<br \/>\nminimalus rekomenduojamas sl\u0117gis 1,0 bar<\/p>","protected":false},"excerpt":{"rendered":"<p>EAN: 4005176371189<\/p>\n<p>SKU:26067DC0<\/p>\n<p>Svoris: 4.595 kg<\/p>","protected":false},"featured_media":1445,"comment_status":"closed","ping_status":"closed","template":"","meta":[],"product_cat":[26,166,164,146,215],"product_tag":[],"class_list":{"0":"post-1444","1":"product","2":"type-product","3":"status-publish","4":"has-post-thumbnail","6":"produktu-serija-rainshower-cosmopolitan-metal","7":"produkto-gamintojas-grohe","8":"product_cat-vonios-kambarys","9":"product_cat-vandens-maisytuvai","10":"product_cat-lietaus-duso-galvos","11":"product_cat-dusai","12":"product_cat-lietaus-duso-galvos-dusai","14":"first","15":"instock","16":"sale","17":"taxable","18":"shipping-taxable","19":"purchasable","20":"product-type-simple"},"_links":{"self":[{"href":"https:\/\/vonia24.com\/ru\/wp-json\/wp\/v2\/product\/1444","targetHints":{"allow":["GET"]}}],"collection":[{"href":"https:\/\/vonia24.com\/ru\/wp-json\/wp\/v2\/product"}],"about":[{"href":"https:\/\/vonia24.com\/ru\/wp-json\/wp\/v2\/types\/product"}],"replies":[{"embeddable":true,"href":"https:\/\/vonia24.com\/ru\/wp-json\/wp\/v2\/comments?post=1444"}],"wp:featuredmedia":[{"embeddable":true,"href":"https:\/\/vonia24.com\/ru\/wp-json\/wp\/v2\/media\/1445"}],"wp:attachment":[{"href":"https:\/\/vonia24.com\/ru\/wp-json\/wp\/v2\/media?parent=1444"}],"wp:term":[{"taxonomy":"product_cat","embeddable":true,"href":"https:\/\/vonia24.com\/ru\/wp-json\/wp\/v2\/product_cat?post=1444"},{"taxonomy":"product_tag","embeddable":true,"href":"https:\/\/vonia24.com\/ru\/wp-json\/wp\/v2\/product_tag?post=1444"}],"curies":[{"name":"wp","href":"https:\/\/api.w.org\/{rel}","templated":true}]}}