{"id":1451,"date":"2023-10-19T15:39:35","date_gmt":"2023-10-19T13:39:35","guid":{"rendered":"https:\/\/vonia24.com\/?post_type=product&#038;p=1451"},"modified":"2024-07-22T12:14:02","modified_gmt":"2024-07-22T10:14:02","slug":"rainshower-system-smartcontrol-360-mono-shower-system-with-thermostat-for-wall-mounting","status":"publish","type":"product","link":"https:\/\/vonia24.com\/ru\/product\/rainshower-system-smartcontrol-360-mono-shower-system-with-thermostat-for-wall-mounting\/","title":{"rendered":"RAINSHOWER SYSTEM SMARTCONTROL 360 MONO DU\u0160O SISTEMA SU TERMOSTATU, SKIRTA MONTUOTI ANT SIENOS"},"content":{"rendered":"<p>Sudedamosios dalys:<br \/>\nhorizontalus du\u0161o porankis 500 mm<br \/>\nSmartControl termostatas<br \/>\nPerjungiklis: lietaus du\u0161as \/ rankinis du\u0161as<br \/>\nRainshower Mono 360 chromuota lietaus du\u0161o galvut\u0117<br \/>\npurk\u0161tuk\u0173 tipai: GROHE PureRain\/GROHE Rain O2 purk\u0161tukas<br \/>\nRankinis du\u0161as Power Soul 130&#8243; (27 673 LS0), baltas rankinio du\u0161o diskas<br \/>\n4 pur\u0161kimo re\u017eimai: GROHE Rain O2, Rain, Bokoma Spray, Jet<br \/>\nRankinio du\u0161o laikiklis (27 055)<br \/>\nSilverflex du\u0161o \u017earna 1750 mm (28 388)<br \/>\nMa\u017eiausias srautas 10 l\/min<br \/>\nGROHE DreamSpray tobulas purk\u0161tuvas<br \/>\nGROHE StarLight chromo apdaila<br \/>\nGROHE TurboStat termostatinis rankinis du\u0161as<br \/>\nGROHE EcoJoy suma\u017eintas vandens suvartojimas<br \/>\nGROHE SafeStop blokavimas esant 38 \u00b0C temperat\u016brai<br \/>\nGROHE SafeStop Plus \u012ftrauktas pasirenkamas temperat\u016bros ribotuvas 43\u00b0C<br \/>\nSmartControl jungiklis<br \/>\nGROHE EasyReach du\u0161o lentyn\u0117l\u0117<br \/>\nSpeedClean apsaugos nuo kalk\u0117jimo sistema<br \/>\nVidinis vandens kanalas<br \/>\nTinka momentiniams vandens \u0161ildytuvams min. 18 kW<br \/>\nTwistfree sistema, apsauganti du\u0161o \u017earn\u0105 nuo susisukimo<br \/>\nGamyklinis nustatymas: GROHE PureRain purk\u0161tuvas<br \/>\nchromo spalva<\/p>","protected":false},"excerpt":{"rendered":"<p>EAN: 4005176347580<\/p>\n<p>SKU:26361000<\/p>\n<p>Svoris: 10.6 kg<\/p>","protected":false},"featured_media":1452,"comment_status":"closed","ping_status":"closed","template":"","meta":[],"product_cat":[26,146,163,213],"product_tag":[],"class_list":{"0":"post-1451","1":"product","2":"type-product","3":"status-publish","4":"has-post-thumbnail","6":"produktu-serija-rainshower-smartcontrol","7":"produkto-gamintojas-grohe","8":"product_cat-vonios-kambarys","9":"product_cat-dusai","10":"product_cat-duso-komplektai-ir-sistemos","11":"product_cat-virstinkines-duso-sistemos","13":"first","14":"instock","15":"sale","16":"taxable","17":"shipping-taxable","18":"purchasable","19":"product-type-simple"},"_links":{"self":[{"href":"https:\/\/vonia24.com\/ru\/wp-json\/wp\/v2\/product\/1451","targetHints":{"allow":["GET"]}}],"collection":[{"href":"https:\/\/vonia24.com\/ru\/wp-json\/wp\/v2\/product"}],"about":[{"href":"https:\/\/vonia24.com\/ru\/wp-json\/wp\/v2\/types\/product"}],"replies":[{"embeddable":true,"href":"https:\/\/vonia24.com\/ru\/wp-json\/wp\/v2\/comments?post=1451"}],"wp:featuredmedia":[{"embeddable":true,"href":"https:\/\/vonia24.com\/ru\/wp-json\/wp\/v2\/media\/1452"}],"wp:attachment":[{"href":"https:\/\/vonia24.com\/ru\/wp-json\/wp\/v2\/media?parent=1451"}],"wp:term":[{"taxonomy":"product_cat","embeddable":true,"href":"https:\/\/vonia24.com\/ru\/wp-json\/wp\/v2\/product_cat?post=1451"},{"taxonomy":"product_tag","embeddable":true,"href":"https:\/\/vonia24.com\/ru\/wp-json\/wp\/v2\/product_tag?post=1451"}],"curies":[{"name":"wp","href":"https:\/\/api.w.org\/{rel}","templated":true}]}}