{"id":1488,"date":"2023-10-21T12:53:31","date_gmt":"2023-10-21T10:53:31","guid":{"rendered":"https:\/\/vonia24.com\/?post_type=product&#038;p=1488"},"modified":"2024-07-22T12:13:48","modified_gmt":"2024-07-22T10:13:48","slug":"grohtherm-smartcontrol-thermostatic-mixer-for-three-water-outlets-brushed-hard-graphite-safety-lock-metal-round-rosette-smartcontrol-switch-wall-mount-concealed","status":"publish","type":"product","link":"https:\/\/vonia24.com\/ru\/product\/grohtherm-smartcontrol-thermostatic-mixer-for-three-water-outlets-brushed-hard-graphite-safety-lock-metal-round-rosette-smartcontrol-switch-wall-mount-concealed\/","title":{"rendered":"GROHTHERM SMARTCONTROL TERMOSTATINIS MAI\u0160YTUVAS, SKIRTAS TRIMS VANDENS I\u0160LEIDIMO ANGOMS VALDYTI, \u0160LIFUOTAS KIETAS GRAFITAS, APSAUGINIS U\u017dRAKTAS, METALAS, APVALI ROZET\u0116, SMARTCONTROL JUNGIKLIS, SIENINIS, POTINKINIS MONTAVIMAS"},"content":{"rendered":"<p>Skirta montuoti su \u012fleistiniu elementu (u\u017esakoma atskirai):<br \/>\nGROHE Rapido SmartBox (35 600 000\/35 604 000)<br \/>\nMetalin\u0117 sienin\u0117 rozet\u0117 su GROHE FastFixation (pasl\u0117ptas sandarinimas<br \/>\nrozet\u0117s ir koto jungtis), 6\u00b0 reguliuojama<br \/>\nGROHE StarLight chromuota danga<br \/>\nSmartControl jungiklis, vandens srauto reguliavimas: nuo ma\u017eo srauto EcoJoy iki pilno srauto Full Flow<br \/>\nKei\u010diami simboliai: vonia, du\u0161as, lietaus du\u0161as, purk\u0161tukai<br \/>\nGROHE TurboStat termostatin\u0117 galvut\u0117<br \/>\nGROHE SafeStop 38\u00b0C blokavimo mechanizmas<br \/>\nGROHE SafeStop Plus \u012ftrauktas papildomas temperat\u016bros ribotuvas 43\u00b0C \/ 46\u00b0C<br \/>\nIntegruoti atbuliniai vo\u017etuvai ir ne\u0161varum\u0173 sieteliai<br \/>\nGalimyb\u0117 vienu metu naudoti kelias vandens i\u0161leidimo angas<br \/>\nMontavimo elementas u\u017esakomas atskirai<br \/>\nSrauto talpa<br \/>\nA i\u0161leidimo anga = 23 l\/min<br \/>\nB lizdas = 27 l\/min<br \/>\ni\u0161\u0117jimas C = 23 l\/min<br \/>\ni\u0161\u0117jimo anga A + B = 33 l\/min<br \/>\nA + B + C = 36 l\/min<\/p>","protected":false},"excerpt":{"rendered":"<p>EAN: 4005176455100<\/p>\n<p>SKU:29121AL0<\/p>\n<p>Svoris: 1.76 kg<\/p>","protected":false},"featured_media":1489,"comment_status":"closed","ping_status":"closed","template":"","meta":[],"product_cat":[26,166,174,169],"product_tag":[],"class_list":{"0":"post-1488","1":"product","2":"type-product","3":"status-publish","4":"has-post-thumbnail","6":"produktu-serija-grohtherm-smartcontrol","7":"produkto-gamintojas-grohe","8":"product_cat-vonios-kambarys","9":"product_cat-vandens-maisytuvai","10":"product_cat-termostatiniai-maisytuvai","11":"product_cat-vonios-maisytuvai-vandens-maisytuvai","13":"first","14":"instock","15":"sale","16":"taxable","17":"shipping-taxable","18":"purchasable","19":"product-type-simple"},"_links":{"self":[{"href":"https:\/\/vonia24.com\/ru\/wp-json\/wp\/v2\/product\/1488","targetHints":{"allow":["GET"]}}],"collection":[{"href":"https:\/\/vonia24.com\/ru\/wp-json\/wp\/v2\/product"}],"about":[{"href":"https:\/\/vonia24.com\/ru\/wp-json\/wp\/v2\/types\/product"}],"replies":[{"embeddable":true,"href":"https:\/\/vonia24.com\/ru\/wp-json\/wp\/v2\/comments?post=1488"}],"wp:featuredmedia":[{"embeddable":true,"href":"https:\/\/vonia24.com\/ru\/wp-json\/wp\/v2\/media\/1489"}],"wp:attachment":[{"href":"https:\/\/vonia24.com\/ru\/wp-json\/wp\/v2\/media?parent=1488"}],"wp:term":[{"taxonomy":"product_cat","embeddable":true,"href":"https:\/\/vonia24.com\/ru\/wp-json\/wp\/v2\/product_cat?post=1488"},{"taxonomy":"product_tag","embeddable":true,"href":"https:\/\/vonia24.com\/ru\/wp-json\/wp\/v2\/product_tag?post=1488"}],"curies":[{"name":"wp","href":"https:\/\/api.w.org\/{rel}","templated":true}]}}