{"id":1490,"date":"2023-10-21T13:03:35","date_gmt":"2023-10-21T11:03:35","guid":{"rendered":"https:\/\/vonia24.com\/?post_type=product&#038;p=1490"},"modified":"2024-07-22T12:07:52","modified_gmt":"2024-07-22T10:07:52","slug":"rainshower-system-210-shower-system-with-wall-mounted-thermostatic-mixer","status":"publish","type":"product","link":"https:\/\/vonia24.com\/ru\/product\/rainshower-system-210-shower-system-with-wall-mounted-thermostatic-mixer\/","title":{"rendered":"RAINSHOWER SYSTEM 210 &#8211; DU\u0160O SISTEMA SU SIENINIU TERMOSTATINIU MAI\u0160YTUVU"},"content":{"rendered":"<p>Rainshower System 210<br \/>\nDu\u0161o sistema su termostatu, montuojama ant sienos<br \/>\nkomponentai:<br \/>\nhorizontali pasukama rankena 450 mm<br \/>\natviras termostatas su Aquadimmer funkcija<br \/>\nleid\u017eia perjungti:<br \/>\nRainshower Cosmopolitan 210 (28 368 000)<br \/>\nsu rutuline jungtimi<br \/>\nsu 20\u00b0 pasukimo kampu<br \/>\nrankin\u012f du\u0161\u0105 Sena (28 034 000)<br \/>\nsu valdymu stumdom\u0105ja du\u0161o rankena (12 140 000)<br \/>\nmetalin\u0117 du\u0161o \u017earna 1750 mm (27 178 000)<br \/>\nmin. srautas 7 l\/min.<br \/>\nChromo danga su GROHE StarLight<br \/>\nGROHE CoolTouch<br \/>\ntinka momentiniams vandens \u0161ildytuvams su min. 18 kW<br \/>\nSpeedClean sistema nuo kalki\u0173 nuos\u0117d\u0173<br \/>\nVidinis vandens kanalas<\/p>","protected":false},"excerpt":{"rendered":"<p>EAN: 4005176877155<\/p>\n<p>SKU:27032001<\/p>\n<p>Svoris: 7.7 kg<\/p>","protected":false},"featured_media":1491,"comment_status":"closed","ping_status":"closed","template":"","meta":[],"product_cat":[26,146,163,213],"product_tag":[],"class_list":{"0":"post-1490","1":"product","2":"type-product","3":"status-publish","4":"has-post-thumbnail","6":"produktu-serija-rainshower-system","7":"produkto-gamintojas-grohe","8":"product_cat-vonios-kambarys","9":"product_cat-dusai","10":"product_cat-duso-komplektai-ir-sistemos","11":"product_cat-virstinkines-duso-sistemos","13":"first","14":"instock","15":"sale","16":"taxable","17":"shipping-taxable","18":"purchasable","19":"product-type-simple"},"_links":{"self":[{"href":"https:\/\/vonia24.com\/ru\/wp-json\/wp\/v2\/product\/1490","targetHints":{"allow":["GET"]}}],"collection":[{"href":"https:\/\/vonia24.com\/ru\/wp-json\/wp\/v2\/product"}],"about":[{"href":"https:\/\/vonia24.com\/ru\/wp-json\/wp\/v2\/types\/product"}],"replies":[{"embeddable":true,"href":"https:\/\/vonia24.com\/ru\/wp-json\/wp\/v2\/comments?post=1490"}],"wp:featuredmedia":[{"embeddable":true,"href":"https:\/\/vonia24.com\/ru\/wp-json\/wp\/v2\/media\/1491"}],"wp:attachment":[{"href":"https:\/\/vonia24.com\/ru\/wp-json\/wp\/v2\/media?parent=1490"}],"wp:term":[{"taxonomy":"product_cat","embeddable":true,"href":"https:\/\/vonia24.com\/ru\/wp-json\/wp\/v2\/product_cat?post=1490"},{"taxonomy":"product_tag","embeddable":true,"href":"https:\/\/vonia24.com\/ru\/wp-json\/wp\/v2\/product_tag?post=1490"}],"curies":[{"name":"wp","href":"https:\/\/api.w.org\/{rel}","templated":true}]}}