{"id":1492,"date":"2023-10-21T13:40:35","date_gmt":"2023-10-21T11:40:35","guid":{"rendered":"https:\/\/vonia24.com\/?post_type=product&#038;p=1492"},"modified":"2024-07-22T12:13:46","modified_gmt":"2024-07-22T10:13:46","slug":"euphoria-system-310-shower-system-with-wall-mounted-thermostat-2","status":"publish","type":"product","link":"https:\/\/vonia24.com\/ru\/product\/euphoria-system-310-shower-system-with-wall-mounted-thermostat-2\/","title":{"rendered":"EUPHORIA SYSTEM 310 DU\u0160O SISTEMA SU SIENINIU TERMOSTATU"},"content":{"rendered":"<p>Sudedamosios dalys:<br \/>\nhorizontali pasukama ranka 450 mm<br \/>\natviras termostatas su Aquadimmer funkcija<br \/>\nnukreipiklis: lietaus du\u0161as \/ rankinis du\u0161as<br \/>\nRainshower Cosmopolitan 310 metalin\u0117 du\u0161o galvut\u0117 (27 477 000)<br \/>\npurk\u0161tuvo tipas: Rain<br \/>\nsu rutuliniu \u0161arnyru<br \/>\npasukimo kampas \u00b1 15\u00b0.<br \/>\nRankinis du\u0161as Euphoria 110 Massage (27 221 000)<br \/>\nReguliuojama du\u0161o atrama<br \/>\nSilverflex du\u0161o \u017earna 1750 mm (28 388)<br \/>\nGROHE TurboStat termostatin\u0117 du\u0161o galvut\u0117<br \/>\nGROHE SafeStop 38\u00b0C blokavimo mechanizmas<br \/>\nGROHE SafeStop Plus \u012ftrauktas pasirenkamas temperat\u016bros ribotuvas 43\u00b0C<br \/>\nGROHE DreamSpray, kad du\u0161o poj\u016btis b\u016bt\u0173 tobulas<br \/>\nGROHE StarLight danga, vidinis vandens kanalas<br \/>\nSpeedClean sistema nuo apna\u0161\u0173 susidarymo<br \/>\nTwistfree sistema, apsauganti du\u0161o \u017earn\u0105 nuo susisukimo<br \/>\nGROHE MetalGrip ergonomi\u0161kos rankenos<br \/>\nTinka momentiniams vandens \u0161ildytuvams su min. 18 kW<br \/>\nmin. srautas 7 l\/min.<br \/>\nmin. rekomenduojamas sl\u0117gis 1,0 bar<br \/>\npapildomi priedai GROHE EasyReach lentyna (26 362 LN0), u\u017esakoma atskirai<br \/>\nkieto grafito spalva<\/p>","protected":false},"excerpt":{"rendered":"<p>EAN: 4005176425387<\/p>\n<p>SKU:26075A00<\/p>\n<p>Svoris: 10.36 kg<\/p>","protected":false},"featured_media":1494,"comment_status":"closed","ping_status":"closed","template":"","meta":[],"product_cat":[26,146,163,213],"product_tag":[],"class_list":{"0":"post-1492","1":"product","2":"type-product","3":"status-publish","4":"has-post-thumbnail","6":"produktu-serija-euphoria-system","7":"produkto-gamintojas-grohe","8":"product_cat-vonios-kambarys","9":"product_cat-dusai","10":"product_cat-duso-komplektai-ir-sistemos","11":"product_cat-virstinkines-duso-sistemos","13":"first","14":"instock","15":"sale","16":"taxable","17":"shipping-taxable","18":"purchasable","19":"product-type-simple"},"_links":{"self":[{"href":"https:\/\/vonia24.com\/ru\/wp-json\/wp\/v2\/product\/1492","targetHints":{"allow":["GET"]}}],"collection":[{"href":"https:\/\/vonia24.com\/ru\/wp-json\/wp\/v2\/product"}],"about":[{"href":"https:\/\/vonia24.com\/ru\/wp-json\/wp\/v2\/types\/product"}],"replies":[{"embeddable":true,"href":"https:\/\/vonia24.com\/ru\/wp-json\/wp\/v2\/comments?post=1492"}],"wp:featuredmedia":[{"embeddable":true,"href":"https:\/\/vonia24.com\/ru\/wp-json\/wp\/v2\/media\/1494"}],"wp:attachment":[{"href":"https:\/\/vonia24.com\/ru\/wp-json\/wp\/v2\/media?parent=1492"}],"wp:term":[{"taxonomy":"product_cat","embeddable":true,"href":"https:\/\/vonia24.com\/ru\/wp-json\/wp\/v2\/product_cat?post=1492"},{"taxonomy":"product_tag","embeddable":true,"href":"https:\/\/vonia24.com\/ru\/wp-json\/wp\/v2\/product_tag?post=1492"}],"curies":[{"name":"wp","href":"https:\/\/api.w.org\/{rel}","templated":true}]}}