{"id":2187,"date":"2024-02-15T12:47:05","date_gmt":"2024-02-15T11:47:05","guid":{"rendered":"https:\/\/vonia24.com\/?post_type=product&#038;p=2187"},"modified":"2024-07-24T11:19:41","modified_gmt":"2024-07-24T09:19:41","slug":"geberit-sigma60-nuleidimo-mygtukas-priekinis-chromas","status":"publish","type":"product","link":"https:\/\/vonia24.com\/ru\/product\/geberit-sigma60-nuleidimo-mygtukas-priekinis-chromas\/","title":{"rendered":"GEBERIT SIGMA60 NULEIDIMO MYGTUKAS, PRIEKINIS, CHROMAS"},"content":{"rendered":"<p>2016 m. serija<br \/>\nPriekin\u0117 pavara<br \/>\nPavaros yra vienoje plok\u0161tumoje su sienos pavir\u0161iumi<br \/>\nAkusti\u0161kai izoliuoti st\u016bmikliai, greitas montavimas be \u012franki\u0173<\/p>","protected":false},"excerpt":{"rendered":"<p>EAN: 4025416546788<\/p>\n<p>SKU: 115.640.GH.1<\/p>\n<p>Svoris: 1.397 kg<\/p>","protected":false},"featured_media":2188,"comment_status":"closed","ping_status":"closed","template":"","meta":[],"product_cat":[26,178,193,195,200],"product_tag":[],"class_list":{"0":"post-2187","1":"product","2":"type-product","3":"status-publish","4":"has-post-thumbnail","6":"produktu-serija-sigma-60","7":"produkto-gamintojas-geberit","8":"product_cat-vonios-kambarys","9":"product_cat-santechnine-keramika","10":"product_cat-potinkiniai-remai-ir-klavisai","11":"product_cat-potinkiniai-remai","12":"product_cat-klavisai-ir-tvirtinimai","14":"first","15":"instock","16":"sale","17":"taxable","18":"shipping-taxable","19":"purchasable","20":"product-type-simple"},"_links":{"self":[{"href":"https:\/\/vonia24.com\/ru\/wp-json\/wp\/v2\/product\/2187","targetHints":{"allow":["GET"]}}],"collection":[{"href":"https:\/\/vonia24.com\/ru\/wp-json\/wp\/v2\/product"}],"about":[{"href":"https:\/\/vonia24.com\/ru\/wp-json\/wp\/v2\/types\/product"}],"replies":[{"embeddable":true,"href":"https:\/\/vonia24.com\/ru\/wp-json\/wp\/v2\/comments?post=2187"}],"wp:featuredmedia":[{"embeddable":true,"href":"https:\/\/vonia24.com\/ru\/wp-json\/wp\/v2\/media\/2188"}],"wp:attachment":[{"href":"https:\/\/vonia24.com\/ru\/wp-json\/wp\/v2\/media?parent=2187"}],"wp:term":[{"taxonomy":"product_cat","embeddable":true,"href":"https:\/\/vonia24.com\/ru\/wp-json\/wp\/v2\/product_cat?post=2187"},{"taxonomy":"product_tag","embeddable":true,"href":"https:\/\/vonia24.com\/ru\/wp-json\/wp\/v2\/product_tag?post=2187"}],"curies":[{"name":"wp","href":"https:\/\/api.w.org\/{rel}","templated":true}]}}