{"id":2215,"date":"2024-02-16T11:13:39","date_gmt":"2024-02-16T10:13:39","guid":{"rendered":"https:\/\/vonia24.com\/?post_type=product&#038;p=2215"},"modified":"2024-07-24T11:19:34","modified_gmt":"2024-07-24T09:19:34","slug":"geberit-delta50-nuleidimo-mygtukas-priekinis-blizgus-chromas","status":"publish","type":"product","link":"https:\/\/vonia24.com\/ru\/product\/geberit-delta50-nuleidimo-mygtukas-priekinis-blizgus-chromas\/","title":{"rendered":"GEBERIT DELTA50 NULEIDIMO MYGTUKAS, PRIEKINIS, BLIZGUS CHROMAS"},"content":{"rendered":"<p>\u0428\u0438\u0440\u0438\u043d\u0430: 164 \u043c\u043c<br \/>\nPriekiniam valdymui: taip<br \/>\n\u012ejungimui i\u0161 vir\u0161aus (lentynoje): ne<br \/>\nAtsparus vandalizmui: ne<br \/>\nIlgis: 246 mm<\/p>","protected":false},"excerpt":{"rendered":"<p>EAN: 4025410652300<\/p>\n<p>SKU:115.119.21.1<\/p>\n<p>Svoris: 0.404 kg<\/p>","protected":false},"featured_media":2216,"comment_status":"closed","ping_status":"closed","template":"","meta":[],"product_cat":[26,178,193,195,200],"product_tag":[],"class_list":{"0":"post-2215","1":"product","2":"type-product","3":"status-publish","4":"has-post-thumbnail","6":"produktu-serija-delta-50","7":"produkto-gamintojas-geberit","8":"product_cat-vonios-kambarys","9":"product_cat-santechnine-keramika","10":"product_cat-potinkiniai-remai-ir-klavisai","11":"product_cat-potinkiniai-remai","12":"product_cat-klavisai-ir-tvirtinimai","14":"first","15":"instock","16":"sale","17":"taxable","18":"shipping-taxable","19":"purchasable","20":"product-type-simple"},"_links":{"self":[{"href":"https:\/\/vonia24.com\/ru\/wp-json\/wp\/v2\/product\/2215","targetHints":{"allow":["GET"]}}],"collection":[{"href":"https:\/\/vonia24.com\/ru\/wp-json\/wp\/v2\/product"}],"about":[{"href":"https:\/\/vonia24.com\/ru\/wp-json\/wp\/v2\/types\/product"}],"replies":[{"embeddable":true,"href":"https:\/\/vonia24.com\/ru\/wp-json\/wp\/v2\/comments?post=2215"}],"wp:featuredmedia":[{"embeddable":true,"href":"https:\/\/vonia24.com\/ru\/wp-json\/wp\/v2\/media\/2216"}],"wp:attachment":[{"href":"https:\/\/vonia24.com\/ru\/wp-json\/wp\/v2\/media?parent=2215"}],"wp:term":[{"taxonomy":"product_cat","embeddable":true,"href":"https:\/\/vonia24.com\/ru\/wp-json\/wp\/v2\/product_cat?post=2215"},{"taxonomy":"product_tag","embeddable":true,"href":"https:\/\/vonia24.com\/ru\/wp-json\/wp\/v2\/product_tag?post=2215"}],"curies":[{"name":"wp","href":"https:\/\/api.w.org\/{rel}","templated":true}]}}