{"id":2219,"date":"2024-02-16T11:27:52","date_gmt":"2024-02-16T10:27:52","guid":{"rendered":"https:\/\/vonia24.com\/?post_type=product&#038;p=2219"},"modified":"2024-07-24T11:19:32","modified_gmt":"2024-07-24T09:19:32","slug":"geberit-duofix-basic-praustuvo-remas-h112","status":"publish","type":"product","link":"https:\/\/vonia24.com\/ru\/product\/geberit-duofix-basic-praustuvo-remas-h112\/","title":{"rendered":"GEBERIT DUOFIX BASIC &#8211; PRAUSTUVO R\u0116MAS, H112"},"content":{"rendered":"<p>Savaime i\u0161silaikantis r\u0117mas, da\u017eytas milteliniu b\u016bdu<br \/>\nR\u0117mas su \u00f8 9 mm i\u0161gr\u0119\u017eta skyle tvirtinimui medin\u0117je konstrukcijoje<br \/>\nCinkuotos tvirtinimo kojel\u0117s<br \/>\nMontuojamosios kojel\u0117s reguliuojamos 0-20 cm diapazone<br \/>\nPlastiko lydiniai<br \/>\nKoj\u0173 gylis, tinkamas montuoti \u012f U UW 50 profilius<br \/>\nAtstumas tarp praustuvo tvirtinimo detali\u0173 5-38 cm<br \/>\nTvirtinimo elementai drena\u017eo i\u0161lenkimui, reguliuojamo auk\u0161\u010dio ir garso izoliacijos<br \/>\nTraversa, skirta reguliuojamo auk\u0161\u010dio ir gylio armat\u016brai<\/p>","protected":false},"excerpt":{"rendered":"<p>EAN: 4025416657859<\/p>\n<p>SKU:111.471.00.1<\/p>\n<p>Svoris: 10.934 kg<\/p>","protected":false},"featured_media":2220,"comment_status":"closed","ping_status":"closed","template":"","meta":[],"product_cat":[26,178,193,195,198],"product_tag":[],"class_list":{"0":"post-2219","1":"product","2":"type-product","3":"status-publish","4":"has-post-thumbnail","6":"produktu-serija-duofix","7":"produkto-gamintojas-geberit","8":"product_cat-vonios-kambarys","9":"product_cat-santechnine-keramika","10":"product_cat-potinkiniai-remai-ir-klavisai","11":"product_cat-potinkiniai-remai","12":"product_cat-praustuvui","14":"first","15":"instock","16":"sale","17":"taxable","18":"shipping-taxable","19":"purchasable","20":"product-type-simple"},"_links":{"self":[{"href":"https:\/\/vonia24.com\/ru\/wp-json\/wp\/v2\/product\/2219","targetHints":{"allow":["GET"]}}],"collection":[{"href":"https:\/\/vonia24.com\/ru\/wp-json\/wp\/v2\/product"}],"about":[{"href":"https:\/\/vonia24.com\/ru\/wp-json\/wp\/v2\/types\/product"}],"replies":[{"embeddable":true,"href":"https:\/\/vonia24.com\/ru\/wp-json\/wp\/v2\/comments?post=2219"}],"wp:featuredmedia":[{"embeddable":true,"href":"https:\/\/vonia24.com\/ru\/wp-json\/wp\/v2\/media\/2220"}],"wp:attachment":[{"href":"https:\/\/vonia24.com\/ru\/wp-json\/wp\/v2\/media?parent=2219"}],"wp:term":[{"taxonomy":"product_cat","embeddable":true,"href":"https:\/\/vonia24.com\/ru\/wp-json\/wp\/v2\/product_cat?post=2219"},{"taxonomy":"product_tag","embeddable":true,"href":"https:\/\/vonia24.com\/ru\/wp-json\/wp\/v2\/product_tag?post=2219"}],"curies":[{"name":"wp","href":"https:\/\/api.w.org\/{rel}","templated":true}]}}