{"id":2224,"date":"2024-02-16T12:10:24","date_gmt":"2024-02-16T11:10:24","guid":{"rendered":"https:\/\/vonia24.com\/?post_type=product&#038;p=2224"},"modified":"2024-07-24T11:19:30","modified_gmt":"2024-07-24T09:19:30","slug":"geberit-duofix-basic-klozeto-remelis-delta-12cm-h112","status":"publish","type":"product","link":"https:\/\/vonia24.com\/ru\/product\/geberit-duofix-basic-klozeto-remelis-delta-12cm-h112\/","title":{"rendered":"GEBERIT DUOFIX BASIC &#8211; KLOZETO R\u0116MELIS, DELTA 12CM, H112"},"content":{"rendered":"<p>Savaime i\u0161silaikantis r\u0117mas, da\u017eytas milteliniu b\u016bdu<br \/>\nR\u0117mas su \u00f8 9 mm i\u0161gr\u0119\u017eta skyle tvirtinimui medin\u0117je konstrukcijoje<br \/>\nR\u0117mas paruo\u0161tas klozet\u0173 su nedideliu s\u0105ly\u010dio plotu atramoms<br \/>\nCinkuotos tvirtinimo kojel\u0117s<br \/>\nMontavimo kojel\u0117s reguliuojamos 0-20 cm diapazone<br \/>\nPlastiko lydiniai<br \/>\nKoj\u0173 gylis, tinkamas montuoti \u012f U UW 50 profilius<br \/>\nPrijungimo alk\u016bn\u0117 su galimybe montuoti nenaudojant \u012franki\u0173<br \/>\nPasl\u0117ptas bakelis, valdomas i\u0161 priekio<br \/>\nPasl\u0117ptas bakelis su antikondensacine izoliacija<br \/>\nGalimyb\u0117 i\u0161 karto pakartotinai nuleisti vanden\u012f esant gamykliniams nustatymams<br \/>\nVandens jungtis gale arba vir\u0161uje per vidur\u012f<br \/>\n\u012erengtas apsauginis vamzdelis, skirtas greitai prijungti vanden\u012f prie Geberit AquaClean du\u0161o klozet\u0173<br \/>\nSu galimybe sumontuoti elektros jungt\u012f<\/p>","protected":false},"excerpt":{"rendered":"<p>EAN: 4025416799832<\/p>\n<p>SKU:111.153.00.1<\/p>\n<p>Svoris: 14.468 kg<\/p>","protected":false},"featured_media":2229,"comment_status":"closed","ping_status":"closed","template":"","meta":[],"product_cat":[26,178,193,195,196],"product_tag":[],"class_list":{"0":"post-2224","1":"product","2":"type-product","3":"status-publish","4":"has-post-thumbnail","6":"produktu-serija-duofix","7":"produkto-gamintojas-geberit","8":"product_cat-vonios-kambarys","9":"product_cat-santechnine-keramika","10":"product_cat-potinkiniai-remai-ir-klavisai","11":"product_cat-potinkiniai-remai","12":"product_cat-klozetui","14":"first","15":"instock","16":"sale","17":"taxable","18":"shipping-taxable","19":"purchasable","20":"product-type-simple"},"_links":{"self":[{"href":"https:\/\/vonia24.com\/ru\/wp-json\/wp\/v2\/product\/2224","targetHints":{"allow":["GET"]}}],"collection":[{"href":"https:\/\/vonia24.com\/ru\/wp-json\/wp\/v2\/product"}],"about":[{"href":"https:\/\/vonia24.com\/ru\/wp-json\/wp\/v2\/types\/product"}],"replies":[{"embeddable":true,"href":"https:\/\/vonia24.com\/ru\/wp-json\/wp\/v2\/comments?post=2224"}],"wp:featuredmedia":[{"embeddable":true,"href":"https:\/\/vonia24.com\/ru\/wp-json\/wp\/v2\/media\/2229"}],"wp:attachment":[{"href":"https:\/\/vonia24.com\/ru\/wp-json\/wp\/v2\/media?parent=2224"}],"wp:term":[{"taxonomy":"product_cat","embeddable":true,"href":"https:\/\/vonia24.com\/ru\/wp-json\/wp\/v2\/product_cat?post=2224"},{"taxonomy":"product_tag","embeddable":true,"href":"https:\/\/vonia24.com\/ru\/wp-json\/wp\/v2\/product_tag?post=2224"}],"curies":[{"name":"wp","href":"https:\/\/api.w.org\/{rel}","templated":true}]}}