{"id":2290,"date":"2024-02-19T15:13:30","date_gmt":"2024-02-19T14:13:30","guid":{"rendered":"https:\/\/vonia24.com\/?post_type=product&#038;p=2290"},"modified":"2024-07-24T11:19:23","modified_gmt":"2024-07-24T09:19:23","slug":"geberit-duofix-remas-klozetui-sigma-12cm-h112","status":"publish","type":"product","link":"https:\/\/vonia24.com\/ru\/product\/geberit-duofix-remas-klozetui-sigma-12cm-h112\/","title":{"rendered":"GEBERIT DUOFIX R\u0116MAS KLOZETUI, SIGMA 12CM, H112"},"content":{"rendered":"<p>Savaime i\u0161silaikantis r\u0117mas, da\u017eytas milteliniu b\u016bdu<br \/>\nR\u0117mas su \u00f8 9 mm i\u0161gr\u0119\u017eta skyle tvirtinimui medin\u0117je konstrukcijoje<br \/>\nR\u0117mas paruo\u0161tas klozet\u0173 su nedideliu s\u0105ly\u010dio plotu atramoms<br \/>\nCinkuotos tvirtinimo kojel\u0117s<br \/>\nMontavimo kojel\u0117s reguliuojamos 0-20 cm diapazone<br \/>\nMontavimo kojel\u0117s su savaiminio stabdymo funkcija<br \/>\nPad\u0117ties nustatymo normos<br \/>\nKoj\u0173 gylis tinka montuoti \u012f U UW 50 ir UW 75 profilius ir Geberit Duofix sistemos b\u0117gius<br \/>\nPrijungimo alk\u016bn\u0117 su galimybe montuoti \u012fvairiame gylyje nenaudojant \u012franki\u0173, reguliavimo diapazonas 45 mm<br \/>\nJungiamosios alk\u016bn\u0117s tvirtinimas su garso izoliacija<br \/>\nPasl\u0117ptas i\u0161 priekio valdomas bakelis<br \/>\nPasl\u0117ptas bakeliukas su antikondensacine izoliacija<br \/>\nGamyklini\u0173 nustatym\u0173 atveju i\u0161 karto galima pakartotinai nuleisti vanden\u012f<br \/>\nNuplovimo t\u016br\u012f galima suma\u017einti iki 4\/2 l<br \/>\nPasl\u0117pto bakelio montavimo ir aptarnavimo darbai nenaudojant \u012franki\u0173<br \/>\nVandens jungtis gale arba vir\u0161uje per vidur\u012f<br \/>\nAp\u017ei\u016bros angos apsauginis dangtelis apsaugo nuo dr\u0117gm\u0117s ir purvo<br \/>\nAp\u017ei\u016bros angos apsauginis dangtelis su galimybe sutrumpinti<br \/>\n\u012erengtas apsauginis vamzdelis, skirtas greitai prijungti vanden\u012f prie Geberit AquaClean du\u0161o klozet\u0173<br \/>\nSu galimybe sumontuoti elektros jungt\u012f<\/p>","protected":false},"excerpt":{"rendered":"<p>EAN: 4025416857631<\/p>\n<p>SKU:111.320.00.5<\/p>\n<p>Svoris: 15.33 kg<\/p>","protected":false},"featured_media":2291,"comment_status":"closed","ping_status":"closed","template":"","meta":[],"product_cat":[26,178,193,195,196],"product_tag":[],"class_list":{"0":"post-2290","1":"product","2":"type-product","3":"status-publish","4":"has-post-thumbnail","6":"produktu-serija-duofix","7":"produkto-gamintojas-geberit","8":"product_cat-vonios-kambarys","9":"product_cat-santechnine-keramika","10":"product_cat-potinkiniai-remai-ir-klavisai","11":"product_cat-potinkiniai-remai","12":"product_cat-klozetui","14":"first","15":"instock","16":"sale","17":"taxable","18":"shipping-taxable","19":"purchasable","20":"product-type-simple"},"_links":{"self":[{"href":"https:\/\/vonia24.com\/ru\/wp-json\/wp\/v2\/product\/2290","targetHints":{"allow":["GET"]}}],"collection":[{"href":"https:\/\/vonia24.com\/ru\/wp-json\/wp\/v2\/product"}],"about":[{"href":"https:\/\/vonia24.com\/ru\/wp-json\/wp\/v2\/types\/product"}],"replies":[{"embeddable":true,"href":"https:\/\/vonia24.com\/ru\/wp-json\/wp\/v2\/comments?post=2290"}],"wp:featuredmedia":[{"embeddable":true,"href":"https:\/\/vonia24.com\/ru\/wp-json\/wp\/v2\/media\/2291"}],"wp:attachment":[{"href":"https:\/\/vonia24.com\/ru\/wp-json\/wp\/v2\/media?parent=2290"}],"wp:term":[{"taxonomy":"product_cat","embeddable":true,"href":"https:\/\/vonia24.com\/ru\/wp-json\/wp\/v2\/product_cat?post=2290"},{"taxonomy":"product_tag","embeddable":true,"href":"https:\/\/vonia24.com\/ru\/wp-json\/wp\/v2\/product_tag?post=2290"}],"curies":[{"name":"wp","href":"https:\/\/api.w.org\/{rel}","templated":true}]}}