{"id":2294,"date":"2024-02-20T10:21:37","date_gmt":"2024-02-20T09:21:37","guid":{"rendered":"https:\/\/vonia24.com\/?post_type=product&#038;p=2294"},"modified":"2024-07-24T11:19:22","modified_gmt":"2024-07-24T09:19:22","slug":"geberit-duofix-remas-wc-sigma-8cm-h112","status":"publish","type":"product","link":"https:\/\/vonia24.com\/ru\/product\/geberit-duofix-remas-wc-sigma-8cm-h112\/","title":{"rendered":"GEBERIT DUOFIX R\u0116MAS WC, SIGMA 8CM, H112"},"content":{"rendered":"<p>2016 m. serija<br \/>\nSavaime i\u0161silaikantis r\u0117mas, da\u017eytas milteliniu b\u016bdu<br \/>\nR\u0117mas su \u00f8 9 mm i\u0161gr\u0119\u017eta skyle tvirtinimui medin\u0117je konstrukcijoje<br \/>\nGalimyb\u0117 montuoti klozetus su nedideliu s\u0105ly\u010dio plotu (esant patvariai sien\u0173 dangai)<br \/>\nCinkuotos tvirtinimo kojel\u0117s<br \/>\nSkland\u017eiai reguliuojamas tvirtinimo kojeli\u0173 laikikli\u0173 auk\u0161tis<br \/>\nMontavimo kojel\u0117s su savaiminio stabdymo funkcija<br \/>\nKoj\u0173 gylis, tinkamas montuoti \u012f U UW 50 profilius ir Geberit Duofix sistemos b\u0117gelius<br \/>\n\u012eranki\u0173 nereikalaujantis nutek\u0117jimo alk\u016bn\u0117s tvirtinimas su reguliuojamu gyliu<br \/>\nPailginta jungiamoji alk\u016bn\u0117, skirta prijungti prie grind\u0173<br \/>\nPrijungimo alk\u016bn\u0117s tvirtinimas su garso izoliacija<br \/>\nI\u0161 priekio valdomas pasl\u0117ptas bakelis<br \/>\nPasl\u0117ptas bakeliukas su antikondensacine izoliacija<br \/>\nGamyklini\u0173 nustatym\u0173 atveju galima i\u0161 karto i\u0161plauti pakartotinai<br \/>\nPasl\u0117pto bakelio montavimo ir aptarnavimo darbai nenaudojant \u012franki\u0173<br \/>\nVandens jungtis vir\u0161uje kair\u0117je<br \/>\nAp\u017ei\u016bros angos apsauginis dangtelis apsaugo nuo dr\u0117gm\u0117s ir purvo<br \/>\nApsauginis korpusas su galimybe sutrumpinti, priglud\u0119s prie sienos pavir\u0161iaus, valdymo mygtukai priglunda prie sienos pavir\u0161iaus<br \/>\n\u012erengtas apsauginis vamzdelis, skirtas greitai prijungti vanden\u012f prie Geberit AquaClean du\u0161o klozet\u0173<br \/>\nSu galimybe sumontuoti elektros jungt\u012f<\/p>","protected":false},"excerpt":{"rendered":"<p>EAN: 4025416351788<\/p>\n<p>SKU:111.796.00.1<\/p>\n<p>Svoris: 16.615 kg<\/p>","protected":false},"featured_media":2295,"comment_status":"closed","ping_status":"closed","template":"","meta":[],"product_cat":[26,178,193,195,196],"product_tag":[],"class_list":{"0":"post-2294","1":"product","2":"type-product","3":"status-publish","4":"has-post-thumbnail","6":"produktu-serija-duofix","7":"produkto-gamintojas-geberit","8":"product_cat-vonios-kambarys","9":"product_cat-santechnine-keramika","10":"product_cat-potinkiniai-remai-ir-klavisai","11":"product_cat-potinkiniai-remai","12":"product_cat-klozetui","14":"first","15":"instock","16":"sale","17":"taxable","18":"shipping-taxable","19":"purchasable","20":"product-type-simple"},"_links":{"self":[{"href":"https:\/\/vonia24.com\/ru\/wp-json\/wp\/v2\/product\/2294","targetHints":{"allow":["GET"]}}],"collection":[{"href":"https:\/\/vonia24.com\/ru\/wp-json\/wp\/v2\/product"}],"about":[{"href":"https:\/\/vonia24.com\/ru\/wp-json\/wp\/v2\/types\/product"}],"replies":[{"embeddable":true,"href":"https:\/\/vonia24.com\/ru\/wp-json\/wp\/v2\/comments?post=2294"}],"wp:featuredmedia":[{"embeddable":true,"href":"https:\/\/vonia24.com\/ru\/wp-json\/wp\/v2\/media\/2295"}],"wp:attachment":[{"href":"https:\/\/vonia24.com\/ru\/wp-json\/wp\/v2\/media?parent=2294"}],"wp:term":[{"taxonomy":"product_cat","embeddable":true,"href":"https:\/\/vonia24.com\/ru\/wp-json\/wp\/v2\/product_cat?post=2294"},{"taxonomy":"product_tag","embeddable":true,"href":"https:\/\/vonia24.com\/ru\/wp-json\/wp\/v2\/product_tag?post=2294"}],"curies":[{"name":"wp","href":"https:\/\/api.w.org\/{rel}","templated":true}]}}