{"id":2303,"date":"2024-02-20T11:10:09","date_gmt":"2024-02-20T10:10:09","guid":{"rendered":"https:\/\/vonia24.com\/?post_type=product&#038;p=2303"},"modified":"2024-07-24T11:19:20","modified_gmt":"2024-07-24T09:19:20","slug":"geberit-duofix-remas-pisuarui-universalus-skirtas-pasleptai-armaturai-skirtas-virsutiniam-dusui-h112-130","status":"publish","type":"product","link":"https:\/\/vonia24.com\/ru\/product\/geberit-duofix-remas-pisuarui-universalus-skirtas-pasleptai-armaturai-skirtas-virsutiniam-dusui-h112-130\/","title":{"rendered":"GEBERIT DUOFIX R\u0116MAS PISUARUI UNIVERSALUS, SKIRTAS PASL\u0116PTAI ARMAT\u016aRAI, SKIRTAS VIR\u0160UTINIAM DU\u0160UI, H112-130"},"content":{"rendered":"<p>Savaime i\u0161silaikantis r\u0117mas, da\u017eytas milteliniu b\u016bdu<br \/>\nR\u0117mas su \u00f8 9 mm i\u0161gr\u0119\u017eta skyle tvirtinimui medin\u0117je konstrukcijoje<br \/>\nCinkuotos tvirtinimo kojel\u0117s<br \/>\nMontavimo kojel\u0117s reguliuojamos 0-20 cm diapazone<br \/>\nMontavimo kojel\u0117s su savaiminio stabdymo funkcija<br \/>\nPad\u0117ties nustatymo normos<br \/>\nKoj\u0173 gylis tinka montuoti \u012f U UW 50 ir UW 75 profilius ir Geberit Duofix sistemos b\u0117gius<br \/>\nElemento auk\u0161tis, reguliuojamas pagal pisuar\u0105, 112-130 cm<br \/>\nI\u0161ankstinis nustatymas, skirtas prijungti Geberit Preda pisuar\u0105<br \/>\nUniversali montavimo d\u0117\u017eut\u0117 Geberit pisuar\u0173 nuleidimo vo\u017etuvams<br \/>\nGnybt\u0173 blokas elektros jung\u010diai, dedamas \u012f universali\u0105 montavimo d\u0117\u017eut\u0119<br \/>\nDe\u0161inioji vandens jungtis universalioje montavimo d\u0117\u017eut\u0117je<br \/>\nMasterFix ir MeplaFix vandens jungtis<br \/>\nPrijungimo alk\u016bn\u0119 galima sumontuoti be \u012franki\u0173<br \/>\nU\u017edaromasis vo\u017etuvas su apribojimu, i\u0161 anksto sumontuotas<br \/>\nI\u0161 anksto sumontuotas vamzdis \u012frenginiui praplauti<br \/>\nApsauginis korpusas ap\u017ei\u016bros angai 10,5 x 10,5 cm, galima sutrumpinti nenaudojant \u012franki\u0173<br \/>\nLankstus praplovimo vamzdis<br \/>\nPraplovimo vamzdelis, \u012fstatytas \u012f kreipian\u010di\u0105j\u0105, neleid\u017eiantis vandeniui u\u017esistov\u0117ti<br \/>\nReguliuojamo auk\u0161\u010dio ir plo\u010dio 1\/2&#8221; Rp lizdas<br \/>\nDrena\u017eo alk\u016bn\u0117s tvirtinimas, reguliuojamo auk\u0161\u010dio ir garso izoliacija<br \/>\nM8 pisuaro tvirtinimo detal\u0117s, reguliuojamo plo\u010dio ir auk\u0161\u010dio<br \/>\nKry\u017emin\u0117s sijos su pa\u017eym\u0117tu centru, reguliuojama pad\u0117tis nenaudojant \u012franki\u0173<br \/>\n\u017dymekliai ant skersini\u0173 sij\u0173 nustatym\u0173, skirt\u0173 Geberit Preda ir Selva pisuarams sujungti<\/p>","protected":false},"excerpt":{"rendered":"<p>EAN: 4025416537403<\/p>\n<p>SKU:111.676.00.1<\/p>\n<p>Svoris: 14 kg<\/p>","protected":false},"featured_media":2304,"comment_status":"closed","ping_status":"closed","template":"","meta":[],"product_cat":[26,178,193,195,199],"product_tag":[],"class_list":{"0":"post-2303","1":"product","2":"type-product","3":"status-publish","4":"has-post-thumbnail","6":"produktu-serija-duofix","7":"produkto-gamintojas-geberit","8":"product_cat-vonios-kambarys","9":"product_cat-santechnine-keramika","10":"product_cat-potinkiniai-remai-ir-klavisai","11":"product_cat-potinkiniai-remai","12":"product_cat-pisuarui","14":"first","15":"instock","16":"sale","17":"taxable","18":"shipping-taxable","19":"purchasable","20":"product-type-simple"},"_links":{"self":[{"href":"https:\/\/vonia24.com\/ru\/wp-json\/wp\/v2\/product\/2303","targetHints":{"allow":["GET"]}}],"collection":[{"href":"https:\/\/vonia24.com\/ru\/wp-json\/wp\/v2\/product"}],"about":[{"href":"https:\/\/vonia24.com\/ru\/wp-json\/wp\/v2\/types\/product"}],"replies":[{"embeddable":true,"href":"https:\/\/vonia24.com\/ru\/wp-json\/wp\/v2\/comments?post=2303"}],"wp:featuredmedia":[{"embeddable":true,"href":"https:\/\/vonia24.com\/ru\/wp-json\/wp\/v2\/media\/2304"}],"wp:attachment":[{"href":"https:\/\/vonia24.com\/ru\/wp-json\/wp\/v2\/media?parent=2303"}],"wp:term":[{"taxonomy":"product_cat","embeddable":true,"href":"https:\/\/vonia24.com\/ru\/wp-json\/wp\/v2\/product_cat?post=2303"},{"taxonomy":"product_tag","embeddable":true,"href":"https:\/\/vonia24.com\/ru\/wp-json\/wp\/v2\/product_tag?post=2303"}],"curies":[{"name":"wp","href":"https:\/\/api.w.org\/{rel}","templated":true}]}}