{"id":2311,"date":"2024-02-20T12:00:56","date_gmt":"2024-02-20T11:00:56","guid":{"rendered":"https:\/\/vonia24.com\/?post_type=product&#038;p=2311"},"modified":"2024-07-24T11:19:17","modified_gmt":"2024-07-24T09:19:17","slug":"geberit-kombifix-basic-remas-klozetui-delta-12-cm-h108","status":"publish","type":"product","link":"https:\/\/vonia24.com\/ru\/product\/geberit-kombifix-basic-remas-klozetui-delta-12-cm-h108\/","title":{"rendered":"GEBERIT KOMBIFIX BASIC R\u0116MAS KLOZETUI, DELTA 12 CM, H108"},"content":{"rendered":"<p>Cinkuotas montavimo elemento r\u0117mas<br \/>\nMontavimo r\u0117mas su keturiais tvirtinimo spaustukais<br \/>\nPrijungimo alk\u016bn\u0117 su galimybe montuoti nenaudojant \u012franki\u0173<br \/>\nI\u0161 priekio valdomas pasl\u0117ptas bakelis<br \/>\nPasl\u0117ptas bakelis su antikondensacine izoliacija<br \/>\nGamyklini\u0173 nustatym\u0173 atveju galima i\u0161 karto pakartotinai nuleisti vanden\u012f<br \/>\nVandens jungtis gale arba vir\u0161uje per vidur\u012f<br \/>\nGalimyb\u0117 prijungti jungiam\u0105j\u0105 \u017earn\u0105 prie kampinio vo\u017etuvo nenaudojant \u012franki\u0173<br \/>\n\u012erengta apsaugin\u0117 \u017earnel\u0117, skirta greitai prijungti vanden\u012f prie Geberit AquaClean du\u0161o klozet\u0173<br \/>\nSu galimybe sumontuoti elektros jungt\u012f<\/p>","protected":false},"excerpt":{"rendered":"<p>EAN: 4025416799856<\/p>\n<p>SKU:110.100.00.1<\/p>\n<p>Svoris: 7.527 kg<\/p>","protected":false},"featured_media":2312,"comment_status":"closed","ping_status":"closed","template":"","meta":[],"product_cat":[26,178,193,195,196],"product_tag":[],"class_list":{"0":"post-2311","1":"product","2":"type-product","3":"status-publish","4":"has-post-thumbnail","6":"produktu-serija-kombifix","7":"produkto-gamintojas-geberit","8":"product_cat-vonios-kambarys","9":"product_cat-santechnine-keramika","10":"product_cat-potinkiniai-remai-ir-klavisai","11":"product_cat-potinkiniai-remai","12":"product_cat-klozetui","14":"first","15":"instock","16":"sale","17":"taxable","18":"shipping-taxable","19":"purchasable","20":"product-type-simple"},"_links":{"self":[{"href":"https:\/\/vonia24.com\/ru\/wp-json\/wp\/v2\/product\/2311","targetHints":{"allow":["GET"]}}],"collection":[{"href":"https:\/\/vonia24.com\/ru\/wp-json\/wp\/v2\/product"}],"about":[{"href":"https:\/\/vonia24.com\/ru\/wp-json\/wp\/v2\/types\/product"}],"replies":[{"embeddable":true,"href":"https:\/\/vonia24.com\/ru\/wp-json\/wp\/v2\/comments?post=2311"}],"wp:featuredmedia":[{"embeddable":true,"href":"https:\/\/vonia24.com\/ru\/wp-json\/wp\/v2\/media\/2312"}],"wp:attachment":[{"href":"https:\/\/vonia24.com\/ru\/wp-json\/wp\/v2\/media?parent=2311"}],"wp:term":[{"taxonomy":"product_cat","embeddable":true,"href":"https:\/\/vonia24.com\/ru\/wp-json\/wp\/v2\/product_cat?post=2311"},{"taxonomy":"product_tag","embeddable":true,"href":"https:\/\/vonia24.com\/ru\/wp-json\/wp\/v2\/product_tag?post=2311"}],"curies":[{"name":"wp","href":"https:\/\/api.w.org\/{rel}","templated":true}]}}