{"id":2441,"date":"2024-03-06T11:34:15","date_gmt":"2024-03-06T10:34:15","guid":{"rendered":"https:\/\/vonia24.com\/?post_type=product&#038;p=2441"},"modified":"2024-07-24T11:18:41","modified_gmt":"2024-07-24T09:18:41","slug":"geberit-sigma10-nuleidimo-mygtukas-priekinis-baltas-blizgus-chromas-baltas","status":"publish","type":"product","link":"https:\/\/vonia24.com\/ru\/product\/geberit-sigma10-nuleidimo-mygtukas-priekinis-baltas-blizgus-chromas-baltas\/","title":{"rendered":"GEBERIT SIGMA10 NULEIDIMO MYGTUKAS, PRIEKINIS, BALTAS-BLIZGUS CHROMAS-BALTAS"},"content":{"rendered":"<p>Priekinis \u012fjungimas<br \/>\nAkusti\u0161kai izoliuoti st\u016bmikliai, greitas montavimas be \u012franki\u0173<\/p>","protected":false},"excerpt":{"rendered":"<p>EAN: 4025416197898<\/p>\n<p>SKU:115.758.KJ.5<\/p>\n<p>Svoris: 0.412 kg<\/p>","protected":false},"featured_media":2442,"comment_status":"closed","ping_status":"closed","template":"","meta":[],"product_cat":[26,178,193,195,200],"product_tag":[],"class_list":{"0":"post-2441","1":"product","2":"type-product","3":"status-publish","4":"has-post-thumbnail","6":"produktu-serija-sigma-10","7":"produkto-gamintojas-geberit","8":"product_cat-vonios-kambarys","9":"product_cat-santechnine-keramika","10":"product_cat-potinkiniai-remai-ir-klavisai","11":"product_cat-potinkiniai-remai","12":"product_cat-klavisai-ir-tvirtinimai","14":"first","15":"instock","16":"sale","17":"taxable","18":"shipping-taxable","19":"purchasable","20":"product-type-simple"},"_links":{"self":[{"href":"https:\/\/vonia24.com\/ru\/wp-json\/wp\/v2\/product\/2441","targetHints":{"allow":["GET"]}}],"collection":[{"href":"https:\/\/vonia24.com\/ru\/wp-json\/wp\/v2\/product"}],"about":[{"href":"https:\/\/vonia24.com\/ru\/wp-json\/wp\/v2\/types\/product"}],"replies":[{"embeddable":true,"href":"https:\/\/vonia24.com\/ru\/wp-json\/wp\/v2\/comments?post=2441"}],"wp:featuredmedia":[{"embeddable":true,"href":"https:\/\/vonia24.com\/ru\/wp-json\/wp\/v2\/media\/2442"}],"wp:attachment":[{"href":"https:\/\/vonia24.com\/ru\/wp-json\/wp\/v2\/media?parent=2441"}],"wp:term":[{"taxonomy":"product_cat","embeddable":true,"href":"https:\/\/vonia24.com\/ru\/wp-json\/wp\/v2\/product_cat?post=2441"},{"taxonomy":"product_tag","embeddable":true,"href":"https:\/\/vonia24.com\/ru\/wp-json\/wp\/v2\/product_tag?post=2441"}],"curies":[{"name":"wp","href":"https:\/\/api.w.org\/{rel}","templated":true}]}}