{"id":2472,"date":"2024-03-07T13:10:07","date_gmt":"2024-03-07T12:10:07","guid":{"rendered":"https:\/\/vonia24.com\/?post_type=product&#038;p=2472"},"modified":"2024-07-24T11:18:26","modified_gmt":"2024-07-24T09:18:26","slug":"geberit-variform-praustuvas-po-stalvirsiu-ovalus-plotis-495-cm-aukstis-18-cm-gylis-42-cm-su-perpylimu-su-ciaupo-anga","status":"publish","type":"product","link":"https:\/\/vonia24.com\/ru\/product\/geberit-variform-praustuvas-po-stalvirsiu-ovalus-plotis-495-cm-aukstis-18-cm-gylis-42-cm-su-perpylimu-su-ciaupo-anga\/","title":{"rendered":"GEBERIT VARIFORM PRAUSTUVAS PO STALVIR\u0160IU, OVALUS, PLOTIS 49,5 CM, AUK\u0160TIS 18 CM, GYLIS 42 CM, SU PERPYLIMO, BE KRAN\u0172 ANGOS"},"content":{"rendered":"<p>Plotis \/ skersmuo: 495 mm<br \/>\nAuk\u0161tis: 180 mm<br \/>\nGylis: 420 mm<\/p>","protected":false},"excerpt":{"rendered":"<p>EAN: 4025416770909<\/p>\n<p>SKU:500.748.01.2<\/p>\n<p>Svoris: 7.355 kg<\/p>","protected":false},"featured_media":2473,"comment_status":"closed","ping_status":"closed","template":"","meta":[],"product_cat":[26,178,180,182],"product_tag":[],"class_list":{"0":"post-2472","1":"product","2":"type-product","3":"status-publish","4":"has-post-thumbnail","6":"produktu-serija-variform","7":"produkto-gamintojas-geberit","8":"product_cat-vonios-kambarys","9":"product_cat-santechnine-keramika","10":"product_cat-praustuvai","11":"product_cat-po-stalvirsiu-praustuvai","13":"first","14":"instock","15":"sale","16":"taxable","17":"shipping-taxable","18":"purchasable","19":"product-type-simple"},"_links":{"self":[{"href":"https:\/\/vonia24.com\/ru\/wp-json\/wp\/v2\/product\/2472","targetHints":{"allow":["GET"]}}],"collection":[{"href":"https:\/\/vonia24.com\/ru\/wp-json\/wp\/v2\/product"}],"about":[{"href":"https:\/\/vonia24.com\/ru\/wp-json\/wp\/v2\/types\/product"}],"replies":[{"embeddable":true,"href":"https:\/\/vonia24.com\/ru\/wp-json\/wp\/v2\/comments?post=2472"}],"wp:featuredmedia":[{"embeddable":true,"href":"https:\/\/vonia24.com\/ru\/wp-json\/wp\/v2\/media\/2473"}],"wp:attachment":[{"href":"https:\/\/vonia24.com\/ru\/wp-json\/wp\/v2\/media?parent=2472"}],"wp:term":[{"taxonomy":"product_cat","embeddable":true,"href":"https:\/\/vonia24.com\/ru\/wp-json\/wp\/v2\/product_cat?post=2472"},{"taxonomy":"product_tag","embeddable":true,"href":"https:\/\/vonia24.com\/ru\/wp-json\/wp\/v2\/product_tag?post=2472"}],"curies":[{"name":"wp","href":"https:\/\/api.w.org\/{rel}","templated":true}]}}