{"id":2505,"date":"2024-03-15T13:22:05","date_gmt":"2024-03-15T12:22:05","guid":{"rendered":"https:\/\/vonia24.com\/?post_type=product&#038;p=2505"},"modified":"2024-07-24T11:18:15","modified_gmt":"2024-07-24T09:18:15","slug":"geberit-smyle-square-klozeto-sedyne-montuojama-is-virsaus-letai-uzsidaranti-su-nuimamais-vyriais-su-matoma-sedyne","status":"publish","type":"product","link":"https:\/\/vonia24.com\/ru\/product\/geberit-smyle-square-klozeto-sedyne-montuojama-is-virsaus-letai-uzsidaranti-su-nuimamais-vyriais-su-matoma-sedyne\/","title":{"rendered":"GEBERIT SMYLE SQUARE KLOZETO S\u0116DYN\u0116, MONTUOJAMA I\u0160 VIR\u0160AUS, L\u0116TAI U\u017dSIDARANTI, SU NUIMAMAIS VYRIAIS, SU MATOMA S\u0116DYNE"},"content":{"rendered":"<p>Laisvo kritimo vyriai: taip<\/p>","protected":false},"excerpt":{"rendered":"<p>EAN:4025416224587<\/p>\n<p>SKU:500.688.01.1<\/p>\n<p>Svoris: 3.184 kg<\/p>","protected":false},"featured_media":2506,"comment_status":"closed","ping_status":"closed","template":"","meta":[],"product_cat":[26,178,186,190],"product_tag":[],"class_list":{"0":"post-2505","1":"product","2":"type-product","3":"status-publish","4":"has-post-thumbnail","6":"produktu-serija-smyle","7":"produkto-gamintojas-geberit","8":"product_cat-vonios-kambarys","9":"product_cat-santechnine-keramika","10":"product_cat-klozetai-ir-dangciai","11":"product_cat-tualeto-dangciai-ir-sedynes","13":"first","14":"instock","15":"sale","16":"taxable","17":"shipping-taxable","18":"purchasable","19":"product-type-simple"},"_links":{"self":[{"href":"https:\/\/vonia24.com\/ru\/wp-json\/wp\/v2\/product\/2505","targetHints":{"allow":["GET"]}}],"collection":[{"href":"https:\/\/vonia24.com\/ru\/wp-json\/wp\/v2\/product"}],"about":[{"href":"https:\/\/vonia24.com\/ru\/wp-json\/wp\/v2\/types\/product"}],"replies":[{"embeddable":true,"href":"https:\/\/vonia24.com\/ru\/wp-json\/wp\/v2\/comments?post=2505"}],"wp:featuredmedia":[{"embeddable":true,"href":"https:\/\/vonia24.com\/ru\/wp-json\/wp\/v2\/media\/2506"}],"wp:attachment":[{"href":"https:\/\/vonia24.com\/ru\/wp-json\/wp\/v2\/media?parent=2505"}],"wp:term":[{"taxonomy":"product_cat","embeddable":true,"href":"https:\/\/vonia24.com\/ru\/wp-json\/wp\/v2\/product_cat?post=2505"},{"taxonomy":"product_tag","embeddable":true,"href":"https:\/\/vonia24.com\/ru\/wp-json\/wp\/v2\/product_tag?post=2505"}],"curies":[{"name":"wp","href":"https:\/\/api.w.org\/{rel}","templated":true}]}}