{"id":2517,"date":"2024-03-18T11:45:49","date_gmt":"2024-03-18T10:45:49","guid":{"rendered":"https:\/\/vonia24.com\/?post_type=product&#038;p=2517"},"modified":"2024-07-24T11:18:09","modified_gmt":"2024-07-24T09:18:09","slug":"geberit-aquaclean-4000-duso-klozetas-sieninis-klozetas-baltas","status":"publish","type":"product","link":"https:\/\/vonia24.com\/ru\/product\/geberit-aquaclean-4000-duso-klozetas-sieninis-klozetas-baltas\/","title":{"rendered":"GEBERIT AQUACLEAN 4000 DU\u0160O KLOZETAS, SIENINIS KLOZETAS, BALTAS"},"content":{"rendered":"<p>Klozetas be kra\u0161to<br \/>\nKeraminis klozeto dubuo, kurio pavir\u0161ius padengtas rafinuota glaz\u016bra<br \/>\nLaisvai krintantis klozeto s\u0117dyn\u0117 ir dangtis<br \/>\nIntegruotas bakelis su vandens \u0161ildytuvu<br \/>\nI\u0161traukiama purk\u0161tuvo rankena su antgaliu intymioms k\u016bno vietoms plauti<br \/>\nGalimyb\u0117 reguliuoti srov\u0117s intensyvum\u0105 penkiomis pakopomis<br \/>\nAutomatinis antgalio valymas vandeniu prie\u0161 ir po purk\u0161tuvo naudojimo<br \/>\nPlaunant pur\u0161kimo srov\u0117 l\u0117tai ir nepertraukiamai atv\u0117sta<br \/>\nGalima reguliuoti buitinio kar\u0161to vandens rezervuaro veikimo re\u017eim\u0105 (\u012fjungta \/ i\u0161jungta \/ energijos taupymo re\u017eimas)<br \/>\nVartotojo nustatomas kar\u0161to vandens \u0161ildymas<br \/>\nPaskutiniai naudoti nustatymai \u012fsimenami automati\u0161kai<br \/>\nVandens jungtis kair\u0117je pus\u0117je<br \/>\nElektros jungtis gale, pasl\u0117pta, kabel\u012f galima tiesti kair\u0117je arba de\u0161in\u0117je pus\u0117je<br \/>\nMaitinimo kabelis su galimybe sutrumpinti<\/p>","protected":false},"excerpt":{"rendered":"<p>EAN:4025416340904<\/p>\n<p>SKU:146.135.11.1<\/p>\n<p>Svoris: 21 kg<\/p>","protected":false},"featured_media":2518,"comment_status":"closed","ping_status":"closed","template":"","meta":[],"product_cat":[26,178,186,188],"product_tag":[],"class_list":{"0":"post-2517","1":"product","2":"type-product","3":"status-publish","4":"has-post-thumbnail","6":"produktu-serija-aquaclean","7":"produkto-gamintojas-geberit","8":"product_cat-vonios-kambarys","9":"product_cat-santechnine-keramika","10":"product_cat-klozetai-ir-dangciai","11":"product_cat-pakabinami-klozetai","13":"first","14":"instock","15":"sale","16":"taxable","17":"shipping-taxable","18":"purchasable","19":"product-type-simple"},"_links":{"self":[{"href":"https:\/\/vonia24.com\/ru\/wp-json\/wp\/v2\/product\/2517","targetHints":{"allow":["GET"]}}],"collection":[{"href":"https:\/\/vonia24.com\/ru\/wp-json\/wp\/v2\/product"}],"about":[{"href":"https:\/\/vonia24.com\/ru\/wp-json\/wp\/v2\/types\/product"}],"replies":[{"embeddable":true,"href":"https:\/\/vonia24.com\/ru\/wp-json\/wp\/v2\/comments?post=2517"}],"wp:featuredmedia":[{"embeddable":true,"href":"https:\/\/vonia24.com\/ru\/wp-json\/wp\/v2\/media\/2518"}],"wp:attachment":[{"href":"https:\/\/vonia24.com\/ru\/wp-json\/wp\/v2\/media?parent=2517"}],"wp:term":[{"taxonomy":"product_cat","embeddable":true,"href":"https:\/\/vonia24.com\/ru\/wp-json\/wp\/v2\/product_cat?post=2517"},{"taxonomy":"product_tag","embeddable":true,"href":"https:\/\/vonia24.com\/ru\/wp-json\/wp\/v2\/product_tag?post=2517"}],"curies":[{"name":"wp","href":"https:\/\/api.w.org\/{rel}","templated":true}]}}