{"id":2520,"date":"2024-03-18T12:10:50","date_gmt":"2024-03-18T11:10:50","guid":{"rendered":"https:\/\/vonia24.com\/?post_type=product&#038;p=2520"},"modified":"2024-07-24T11:18:07","modified_gmt":"2024-07-24T09:18:07","slug":"geberit-duofix-remas-bide-h112-2","status":"publish","type":"product","link":"https:\/\/vonia24.com\/ru\/product\/geberit-duofix-remas-bide-h112-2\/","title":{"rendered":"GEBERIT DUOFIX R\u0116MAS BID\u0116, H112"},"content":{"rendered":"<p>Savaranki\u0161kai laikantis r\u0117mas, da\u017eytas milteliniu b\u016bdu<br \/>\nR\u0117mas su \u00f8 9 mm i\u0161gr\u0119\u017eta skyle tvirtinimui medin\u0117je konstrukcijoje<br \/>\nCinkuotos tvirtinimo kojel\u0117s<br \/>\nMontuojamosios kojel\u0117s reguliuojamos 0-20 cm diapazonu<br \/>\nReguliuojamo auk\u0161\u010dio bid\u0117 tvirtinimo \u012ftaisas<br \/>\nPlastiko lydiniai<br \/>\nKoj\u0173 gylis, tinkamas montuoti U UW 50 profiliuose<br \/>\nTvirtinimo detal\u0117 drena\u017eo alk\u016bnei, reguliuojamo auk\u0161\u010dio ir garso izoliacijos<br \/>\nBaterijos laikikliai, reguliuojami pagal gyl\u012f ir auk\u0161t\u012f<\/p>","protected":false},"excerpt":{"rendered":"<p>EAN: 4025416657699<\/p>\n<p>SKU:111.534.00.1<\/p>\n<p>Svoris: 12.156 kg<\/p>","protected":false},"featured_media":2521,"comment_status":"closed","ping_status":"closed","template":"","meta":[],"product_cat":[26,178,193,195,197],"product_tag":[],"class_list":{"0":"post-2520","1":"product","2":"type-product","3":"status-publish","4":"has-post-thumbnail","6":"produktu-serija-duofix","7":"produkto-gamintojas-geberit","8":"product_cat-vonios-kambarys","9":"product_cat-santechnine-keramika","10":"product_cat-potinkiniai-remai-ir-klavisai","11":"product_cat-potinkiniai-remai","12":"product_cat-bide-potinkiniai-remai","14":"first","15":"instock","16":"sale","17":"taxable","18":"shipping-taxable","19":"purchasable","20":"product-type-simple"},"_links":{"self":[{"href":"https:\/\/vonia24.com\/ru\/wp-json\/wp\/v2\/product\/2520","targetHints":{"allow":["GET"]}}],"collection":[{"href":"https:\/\/vonia24.com\/ru\/wp-json\/wp\/v2\/product"}],"about":[{"href":"https:\/\/vonia24.com\/ru\/wp-json\/wp\/v2\/types\/product"}],"replies":[{"embeddable":true,"href":"https:\/\/vonia24.com\/ru\/wp-json\/wp\/v2\/comments?post=2520"}],"wp:featuredmedia":[{"embeddable":true,"href":"https:\/\/vonia24.com\/ru\/wp-json\/wp\/v2\/media\/2521"}],"wp:attachment":[{"href":"https:\/\/vonia24.com\/ru\/wp-json\/wp\/v2\/media?parent=2520"}],"wp:term":[{"taxonomy":"product_cat","embeddable":true,"href":"https:\/\/vonia24.com\/ru\/wp-json\/wp\/v2\/product_cat?post=2520"},{"taxonomy":"product_tag","embeddable":true,"href":"https:\/\/vonia24.com\/ru\/wp-json\/wp\/v2\/product_tag?post=2520"}],"curies":[{"name":"wp","href":"https:\/\/api.w.org\/{rel}","templated":true}]}}