{"id":2568,"date":"2024-03-20T12:18:32","date_gmt":"2024-03-20T11:18:32","guid":{"rendered":"https:\/\/vonia24.com\/?post_type=product&#038;p=2568"},"modified":"2024-07-24T11:24:10","modified_gmt":"2024-07-24T09:24:10","slug":"kludi-zenta-sl-potinkinis-duso-maisytuvas","status":"publish","type":"product","link":"https:\/\/vonia24.com\/ru\/product\/kludi-zenta-sl-potinkinis-duso-maisytuvas\/","title":{"rendered":"KLUDI ZENTA SL POTINKINIS DU\u0160O MAI\u0160YTUVAS"},"content":{"rendered":"<p>Potinkinis du\u0161o mai\u0161ytuvas<\/p>","protected":false},"excerpt":{"rendered":"<p>EAN: 4021344094803<\/p>\n<p>SKU:486550565<\/p>\n<p>Svoris: 1.98 kg<\/p>","protected":false},"featured_media":2569,"comment_status":"closed","ping_status":"closed","template":"","meta":[],"product_cat":[26,166,170],"product_tag":[],"class_list":{"0":"post-2568","1":"product","2":"type-product","3":"status-publish","4":"has-post-thumbnail","6":"produktu-serija-zenta-sl","7":"produkto-gamintojas-kludi","8":"product_cat-vonios-kambarys","9":"product_cat-vandens-maisytuvai","10":"product_cat-duso-maisytuvai-vandens-maisytuvai","12":"first","13":"instock","14":"sale","15":"taxable","16":"shipping-taxable","17":"purchasable","18":"product-type-simple"},"_links":{"self":[{"href":"https:\/\/vonia24.com\/ru\/wp-json\/wp\/v2\/product\/2568","targetHints":{"allow":["GET"]}}],"collection":[{"href":"https:\/\/vonia24.com\/ru\/wp-json\/wp\/v2\/product"}],"about":[{"href":"https:\/\/vonia24.com\/ru\/wp-json\/wp\/v2\/types\/product"}],"replies":[{"embeddable":true,"href":"https:\/\/vonia24.com\/ru\/wp-json\/wp\/v2\/comments?post=2568"}],"wp:featuredmedia":[{"embeddable":true,"href":"https:\/\/vonia24.com\/ru\/wp-json\/wp\/v2\/media\/2569"}],"wp:attachment":[{"href":"https:\/\/vonia24.com\/ru\/wp-json\/wp\/v2\/media?parent=2568"}],"wp:term":[{"taxonomy":"product_cat","embeddable":true,"href":"https:\/\/vonia24.com\/ru\/wp-json\/wp\/v2\/product_cat?post=2568"},{"taxonomy":"product_tag","embeddable":true,"href":"https:\/\/vonia24.com\/ru\/wp-json\/wp\/v2\/product_tag?post=2568"}],"curies":[{"name":"wp","href":"https:\/\/api.w.org\/{rel}","templated":true}]}}