{"id":2590,"date":"2024-03-20T15:10:24","date_gmt":"2024-03-20T14:10:24","guid":{"rendered":"https:\/\/vonia24.com\/?post_type=product&#038;p=2590"},"modified":"2024-07-24T11:23:55","modified_gmt":"2024-07-24T09:23:55","slug":"kludi-zenta-sl-vieno-sverto-praustuvo-maisytuvas-100-su-nuoteku-rinkiniu","status":"publish","type":"product","link":"https:\/\/vonia24.com\/ru\/product\/kludi-zenta-sl-vieno-sverto-praustuvo-maisytuvas-100-su-nuoteku-rinkiniu\/","title":{"rendered":"KLUDI ZENTA SL &#8211; VIENO SVERTO PRAUSTUVO MAI\u0160YTUVAS 100, SU NUOTEK\u0172 RINKINIU"},"content":{"rendered":"<p>KLUDI ZENTA SL vieno sverto praustuvo mai\u0161ytuvas 100 DN 15<br \/>\ntiesi rankena<br \/>\nvienos angos mazgas<br \/>\nKeramin\u0117 galvut\u0117 su kar\u0161to vandens i\u0161leidimo ribotuvu<br \/>\nM 24 x 1 aeratorius<br \/>\nvandens srautas 7 l\/min, kai sl\u0117gis 3 bar<br \/>\ni\u0161leidimo rinkinys G 1 1\/4<br \/>\nlanks\u010dios sl\u0117gin\u0117s \u017earnos G 3\/8<br \/>\ngreito montavimo sistema<br \/>\nECO funkcija, vandens taupymas 40 %<\/p>","protected":false},"excerpt":{"rendered":"<p>EAN: 4017080089814<\/p>\n<p>SKU:482900565<\/p>\n<p>Svoris: 1.856 kg<\/p>","protected":false},"featured_media":2591,"comment_status":"closed","ping_status":"closed","template":"","meta":[],"product_cat":[26,166,185],"product_tag":[],"class_list":{"0":"post-2590","1":"product","2":"type-product","3":"status-publish","4":"has-post-thumbnail","6":"produktu-serija-zenta-sl","7":"produkto-gamintojas-kludi","8":"product_cat-vonios-kambarys","9":"product_cat-vandens-maisytuvai","10":"product_cat-praustuvo-maisytuvai-praustuvai","12":"first","13":"instock","14":"sale","15":"taxable","16":"shipping-taxable","17":"purchasable","18":"product-type-simple"},"_links":{"self":[{"href":"https:\/\/vonia24.com\/ru\/wp-json\/wp\/v2\/product\/2590","targetHints":{"allow":["GET"]}}],"collection":[{"href":"https:\/\/vonia24.com\/ru\/wp-json\/wp\/v2\/product"}],"about":[{"href":"https:\/\/vonia24.com\/ru\/wp-json\/wp\/v2\/types\/product"}],"replies":[{"embeddable":true,"href":"https:\/\/vonia24.com\/ru\/wp-json\/wp\/v2\/comments?post=2590"}],"wp:featuredmedia":[{"embeddable":true,"href":"https:\/\/vonia24.com\/ru\/wp-json\/wp\/v2\/media\/2591"}],"wp:attachment":[{"href":"https:\/\/vonia24.com\/ru\/wp-json\/wp\/v2\/media?parent=2590"}],"wp:term":[{"taxonomy":"product_cat","embeddable":true,"href":"https:\/\/vonia24.com\/ru\/wp-json\/wp\/v2\/product_cat?post=2590"},{"taxonomy":"product_tag","embeddable":true,"href":"https:\/\/vonia24.com\/ru\/wp-json\/wp\/v2\/product_tag?post=2590"}],"curies":[{"name":"wp","href":"https:\/\/api.w.org\/{rel}","templated":true}]}}