{"id":2602,"date":"2024-03-21T11:27:37","date_gmt":"2024-03-21T10:27:37","guid":{"rendered":"https:\/\/vonia24.com\/?post_type=product&#038;p=2602"},"modified":"2024-07-24T11:23:45","modified_gmt":"2024-07-24T09:23:45","slug":"kludi-nova-fonte-puristic-sieninis-praustuvo-maisytuvas-180-mm-snapelis-tiesios-rankeneles-matines-juodos-spalvos","status":"publish","type":"product","link":"https:\/\/vonia24.com\/ru\/product\/kludi-nova-fonte-puristic-sieninis-praustuvo-maisytuvas-180-mm-snapelis-tiesios-rankeneles-matines-juodos-spalvos\/","title":{"rendered":"KLUDI NOVA FONTE PURISTIC SIENINIS PRAUSTUVO MAI\u0160YTUVAS, 180 MM SNAPELIS, TIESIOS RANKEN\u0116L\u0116S, MATIN\u0116S JUODOS SPALVOS"},"content":{"rendered":"<p>Ranken\u0173 skai\u010dius: 2 rankenos<br \/>\nPagrindin\u0117 spalva: juoda<\/p>","protected":false},"excerpt":{"rendered":"<p>EAN: 4021344099327<\/p>\n<p>SKU:201443915<\/p>\n<p>Svoris: 2.952 kg<\/p>","protected":false},"featured_media":2603,"comment_status":"closed","ping_status":"closed","template":"","meta":[],"product_cat":[26,166,185],"product_tag":[],"class_list":{"0":"post-2602","1":"product","2":"type-product","3":"status-publish","4":"has-post-thumbnail","6":"produktu-serija-nova-fonte","7":"produkto-gamintojas-kludi","8":"product_cat-vonios-kambarys","9":"product_cat-vandens-maisytuvai","10":"product_cat-praustuvo-maisytuvai-praustuvai","12":"first","13":"instock","14":"sale","15":"taxable","16":"shipping-taxable","17":"purchasable","18":"product-type-simple"},"_links":{"self":[{"href":"https:\/\/vonia24.com\/ru\/wp-json\/wp\/v2\/product\/2602","targetHints":{"allow":["GET"]}}],"collection":[{"href":"https:\/\/vonia24.com\/ru\/wp-json\/wp\/v2\/product"}],"about":[{"href":"https:\/\/vonia24.com\/ru\/wp-json\/wp\/v2\/types\/product"}],"replies":[{"embeddable":true,"href":"https:\/\/vonia24.com\/ru\/wp-json\/wp\/v2\/comments?post=2602"}],"wp:featuredmedia":[{"embeddable":true,"href":"https:\/\/vonia24.com\/ru\/wp-json\/wp\/v2\/media\/2603"}],"wp:attachment":[{"href":"https:\/\/vonia24.com\/ru\/wp-json\/wp\/v2\/media?parent=2602"}],"wp:term":[{"taxonomy":"product_cat","embeddable":true,"href":"https:\/\/vonia24.com\/ru\/wp-json\/wp\/v2\/product_cat?post=2602"},{"taxonomy":"product_tag","embeddable":true,"href":"https:\/\/vonia24.com\/ru\/wp-json\/wp\/v2\/product_tag?post=2602"}],"curies":[{"name":"wp","href":"https:\/\/api.w.org\/{rel}","templated":true}]}}