{"id":2609,"date":"2024-03-21T12:19:45","date_gmt":"2024-03-21T11:19:45","guid":{"rendered":"https:\/\/vonia24.com\/?post_type=product&#038;p=2609"},"modified":"2024-07-24T11:23:42","modified_gmt":"2024-07-24T09:23:42","slug":"kludi-nova-fonte-puristic-potinkinis-vonios-ir-duso-maisytuvas-su-termostatu-juodas-matinis","status":"publish","type":"product","link":"https:\/\/vonia24.com\/ru\/product\/kludi-nova-fonte-puristic-potinkinis-vonios-ir-duso-maisytuvas-su-termostatu-juodas-matinis\/","title":{"rendered":"KLUDI NOVA FONTE PURISTIC POTINKINIS VONIOS IR DU\u0160O MAI\u0160YTUVAS SU TERMOSTATU, JUODAS MATINIS"},"content":{"rendered":"<p>su u\u017edaromuoju vo\u017etuvu<br \/>\nsu sukamuoju vo\u017etuvo jungikliu<br \/>\nvandens temperat\u016bros u\u017eraktas esant 40 \u00b0C temperat\u016brai<br \/>\nvandens srautas 20 l\/min, esant 3 bar\u0173 sl\u0117giui<\/p>","protected":false},"excerpt":{"rendered":"<p>EAN: 4021344099525<\/p>\n<p>SKU:208303915<\/p>\n<p>Svoris: 4.35 kg<\/p>","protected":false},"featured_media":2610,"comment_status":"closed","ping_status":"closed","template":"","meta":[],"product_cat":[26,166,174,169],"product_tag":[],"class_list":{"0":"post-2609","1":"product","2":"type-product","3":"status-publish","4":"has-post-thumbnail","6":"produktu-serija-nova-fonte","7":"produkto-gamintojas-kludi","8":"product_cat-vonios-kambarys","9":"product_cat-vandens-maisytuvai","10":"product_cat-termostatiniai-maisytuvai","11":"product_cat-vonios-maisytuvai-vandens-maisytuvai","13":"first","14":"instock","15":"sale","16":"taxable","17":"shipping-taxable","18":"purchasable","19":"product-type-simple"},"_links":{"self":[{"href":"https:\/\/vonia24.com\/ru\/wp-json\/wp\/v2\/product\/2609","targetHints":{"allow":["GET"]}}],"collection":[{"href":"https:\/\/vonia24.com\/ru\/wp-json\/wp\/v2\/product"}],"about":[{"href":"https:\/\/vonia24.com\/ru\/wp-json\/wp\/v2\/types\/product"}],"replies":[{"embeddable":true,"href":"https:\/\/vonia24.com\/ru\/wp-json\/wp\/v2\/comments?post=2609"}],"wp:featuredmedia":[{"embeddable":true,"href":"https:\/\/vonia24.com\/ru\/wp-json\/wp\/v2\/media\/2610"}],"wp:attachment":[{"href":"https:\/\/vonia24.com\/ru\/wp-json\/wp\/v2\/media?parent=2609"}],"wp:term":[{"taxonomy":"product_cat","embeddable":true,"href":"https:\/\/vonia24.com\/ru\/wp-json\/wp\/v2\/product_cat?post=2609"},{"taxonomy":"product_tag","embeddable":true,"href":"https:\/\/vonia24.com\/ru\/wp-json\/wp\/v2\/product_tag?post=2609"}],"curies":[{"name":"wp","href":"https:\/\/api.w.org\/{rel}","templated":true}]}}