{"id":2624,"date":"2024-03-22T12:08:33","date_gmt":"2024-03-22T11:08:33","guid":{"rendered":"https:\/\/vonia24.com\/?post_type=product&#038;p=2624"},"modified":"2024-07-24T11:23:34","modified_gmt":"2024-07-24T09:23:34","slug":"kludi-l-ine-s-vieno-sverto-virtuves-maisytuvas-su-istraukiamu-snapeliu-matines-juodos-spalvos","status":"publish","type":"product","link":"https:\/\/vonia24.com\/ru\/product\/kludi-l-ine-s-vieno-sverto-virtuves-maisytuvas-su-istraukiamu-snapeliu-matines-juodos-spalvos\/","title":{"rendered":"KLUDI L-INE S VIENO SVERTO VIRTUV\u0116S MAI\u0160YTUVAS SU I\u0160TRAUKIAMU SNAPELIU, MATIN\u0116S JUODOS SPALVOS"},"content":{"rendered":"<p>KLUDI L-INE S Vieno sverto virtuv\u0117s mai\u0161ytuvas su i\u0161traukiamu purk\u0161tuvu, juodas matinis<\/p>\n<p>&nbsp;<\/p>","protected":false},"excerpt":{"rendered":"<p>EAN: 4021344098498<\/p>\n<p>SKU:408513975<\/p>\n<p>Svoris: 2.2 kg<\/p>","protected":false},"featured_media":2625,"comment_status":"closed","ping_status":"closed","template":"","meta":[],"product_cat":[27,201],"product_tag":[],"class_list":{"0":"post-2624","1":"product","2":"type-product","3":"status-publish","4":"has-post-thumbnail","6":"produktu-serija-l-ine","7":"produkto-gamintojas-kludi","8":"product_cat-virtuve","9":"product_cat-virtuves-maisytuvai","11":"first","12":"instock","13":"sale","14":"taxable","15":"shipping-taxable","16":"purchasable","17":"product-type-simple"},"_links":{"self":[{"href":"https:\/\/vonia24.com\/ru\/wp-json\/wp\/v2\/product\/2624","targetHints":{"allow":["GET"]}}],"collection":[{"href":"https:\/\/vonia24.com\/ru\/wp-json\/wp\/v2\/product"}],"about":[{"href":"https:\/\/vonia24.com\/ru\/wp-json\/wp\/v2\/types\/product"}],"replies":[{"embeddable":true,"href":"https:\/\/vonia24.com\/ru\/wp-json\/wp\/v2\/comments?post=2624"}],"wp:featuredmedia":[{"embeddable":true,"href":"https:\/\/vonia24.com\/ru\/wp-json\/wp\/v2\/media\/2625"}],"wp:attachment":[{"href":"https:\/\/vonia24.com\/ru\/wp-json\/wp\/v2\/media?parent=2624"}],"wp:term":[{"taxonomy":"product_cat","embeddable":true,"href":"https:\/\/vonia24.com\/ru\/wp-json\/wp\/v2\/product_cat?post=2624"},{"taxonomy":"product_tag","embeddable":true,"href":"https:\/\/vonia24.com\/ru\/wp-json\/wp\/v2\/product_tag?post=2624"}],"curies":[{"name":"wp","href":"https:\/\/api.w.org\/{rel}","templated":true}]}}