{"id":2652,"date":"2024-03-25T12:46:36","date_gmt":"2024-03-25T11:46:36","guid":{"rendered":"https:\/\/vonia24.com\/?post_type=product&#038;p=2652"},"modified":"2024-07-24T11:23:16","modified_gmt":"2024-07-24T09:23:16","slug":"kludi-bingo-star-xs-virtuves-maisytuvas-matines-juodos-spalvos","status":"publish","type":"product","link":"https:\/\/vonia24.com\/ru\/product\/kludi-bingo-star-xs-virtuves-maisytuvas-matines-juodos-spalvos\/","title":{"rendered":"KLUDI BINGO STAR XS VIRTUV\u0116S MAI\u0160YTUVAS, MATIN\u0116S JUODOS SPALVOS"},"content":{"rendered":"<p>KLUDI BINGO STAR XS virtuv\u0117s mai\u0161ytuvas, matin\u0117s juodos spalvos<br \/>\nI\u0161traukiamasis purk\u0161tuvas: ne<\/p>","protected":false},"excerpt":{"rendered":"<div class=\"elementor-element elementor-element-379fa5a elementor-widget elementor-widget-woocommerce-product-short-description\" data-id=\"379fa5a\" data-element_type=\"widget\" data-widget_type=\"woocommerce-product-short-description.default\">\n<div class=\"elementor-widget-container\">\n<div class=\"woocommerce-product-details__short-description\">\n<div class=\"elementor-element elementor-element-379fa5a elementor-widget elementor-widget-woocommerce-product-short-description\" data-id=\"379fa5a\" data-element_type=\"widget\" data-widget_type=\"woocommerce-product-short-description.default\">\n<div class=\"elementor-widget-container\">\n<div class=\"woocommerce-product-details__short-description\">\n<div class=\"elementor-element elementor-element-13c1b043 elementor-widget elementor-widget-woocommerce-product-short-description\" data-id=\"13c1b043\" data-element_type=\"widget\" data-widget_type=\"woocommerce-product-short-description.default\">\n<div class=\"elementor-widget-container\">\n<div class=\"woocommerce-product-details__short-description\">\n<div class=\"elementor-element elementor-element-13c1b043 elementor-widget elementor-widget-woocommerce-product-short-description\" data-id=\"13c1b043\" data-element_type=\"widget\" data-widget_type=\"woocommerce-product-short-description.default\">\n<div class=\"elementor-widget-container\">\n<div class=\"woocommerce-product-details__short-description\">\n<div class=\"elementor-element elementor-element-13c1b043 elementor-widget elementor-widget-woocommerce-product-short-description\" data-id=\"13c1b043\" data-element_type=\"widget\" data-widget_type=\"woocommerce-product-short-description.default\">\n<div class=\"elementor-widget-container\">\n<div class=\"woocommerce-product-details__short-description\">\n<div class=\"elementor-element elementor-element-13c1b043 elementor-widget elementor-widget-woocommerce-product-short-description\" data-id=\"13c1b043\" data-element_type=\"widget\" data-widget_type=\"woocommerce-product-short-description.default\">\n<div class=\"elementor-widget-container\">\n<div class=\"woocommerce-product-details__short-description\">\n<div class=\"elementor-element elementor-element-13c1b043 elementor-widget elementor-widget-woocommerce-product-short-description\" data-id=\"13c1b043\" data-element_type=\"widget\" data-widget_type=\"woocommerce-product-short-description.default\">\n<div class=\"elementor-widget-container\">\n<div class=\"woocommerce-product-details__short-description\">\n<div class=\"elementor-element elementor-element-13c1b043 elementor-widget elementor-widget-woocommerce-product-short-description\" data-id=\"13c1b043\" data-element_type=\"widget\" data-widget_type=\"woocommerce-product-short-description.default\">\n<div class=\"elementor-widget-container\">\n<div class=\"woocommerce-product-details__short-description\">\n<p>EAN:4021344098528<\/p>\n<p>SKU:468033978<\/p>\n<p>Svoris: 1.64 kg<\/p>\n<\/div>\n<\/div>\n<\/div>\n<\/div>\n<\/div>\n<\/div>\n<\/div>\n<\/div>\n<\/div>\n<\/div>\n<\/div>\n<\/div>\n<\/div>\n<\/div>\n<\/div>\n<\/div>\n<\/div>\n<\/div>\n<\/div>\n<\/div>\n<\/div>\n<\/div>\n<\/div>\n<\/div>","protected":false},"featured_media":2653,"comment_status":"closed","ping_status":"closed","template":"","meta":[],"product_cat":[27,201],"product_tag":[],"class_list":{"0":"post-2652","1":"product","2":"type-product","3":"status-publish","4":"has-post-thumbnail","6":"produktu-serija-bingo-star-xs","7":"produkto-gamintojas-kludi","8":"product_cat-virtuve","9":"product_cat-virtuves-maisytuvai","11":"first","12":"instock","13":"sale","14":"taxable","15":"shipping-taxable","16":"purchasable","17":"product-type-simple"},"_links":{"self":[{"href":"https:\/\/vonia24.com\/ru\/wp-json\/wp\/v2\/product\/2652","targetHints":{"allow":["GET"]}}],"collection":[{"href":"https:\/\/vonia24.com\/ru\/wp-json\/wp\/v2\/product"}],"about":[{"href":"https:\/\/vonia24.com\/ru\/wp-json\/wp\/v2\/types\/product"}],"replies":[{"embeddable":true,"href":"https:\/\/vonia24.com\/ru\/wp-json\/wp\/v2\/comments?post=2652"}],"wp:featuredmedia":[{"embeddable":true,"href":"https:\/\/vonia24.com\/ru\/wp-json\/wp\/v2\/media\/2653"}],"wp:attachment":[{"href":"https:\/\/vonia24.com\/ru\/wp-json\/wp\/v2\/media?parent=2652"}],"wp:term":[{"taxonomy":"product_cat","embeddable":true,"href":"https:\/\/vonia24.com\/ru\/wp-json\/wp\/v2\/product_cat?post=2652"},{"taxonomy":"product_tag","embeddable":true,"href":"https:\/\/vonia24.com\/ru\/wp-json\/wp\/v2\/product_tag?post=2652"}],"curies":[{"name":"wp","href":"https:\/\/api.w.org\/{rel}","templated":true}]}}