{"id":2663,"date":"2024-03-25T13:59:59","date_gmt":"2024-03-25T12:59:59","guid":{"rendered":"https:\/\/vonia24.com\/?post_type=product&#038;p=2663"},"modified":"2024-07-24T11:23:10","modified_gmt":"2024-07-24T09:23:10","slug":"kludi-balance-vieno-sverto-praustuvo-maisytuvas-su-nuoteku-rinkiniu-matines-juodos-spalvos","status":"publish","type":"product","link":"https:\/\/vonia24.com\/ru\/product\/kludi-balance-vieno-sverto-praustuvo-maisytuvas-su-nuoteku-rinkiniu-matines-juodos-spalvos\/","title":{"rendered":"KLUDI BALANCE VIENO SVERTO PRAUSTUVO MAI\u0160YTUVAS SU NUOTEK\u0172 RINKINIU, MATIN\u0116S JUODOS SPALVOS"},"content":{"rendered":"<p>KLUDI BALANCE vieno sverto praustuvo mai\u0161ytuvas su nuotek\u0173 rinkiniu, matin\u0117s juodos spalvos<\/p>","protected":false},"excerpt":{"rendered":"<div class=\"elementor-element elementor-element-379fa5a elementor-widget elementor-widget-woocommerce-product-short-description\" data-id=\"379fa5a\" data-element_type=\"widget\" data-widget_type=\"woocommerce-product-short-description.default\">\n<div class=\"elementor-widget-container\">\n<div class=\"woocommerce-product-details__short-description\">\n<div class=\"elementor-element elementor-element-379fa5a elementor-widget elementor-widget-woocommerce-product-short-description\" data-id=\"379fa5a\" data-element_type=\"widget\" data-widget_type=\"woocommerce-product-short-description.default\">\n<div class=\"elementor-widget-container\">\n<div class=\"woocommerce-product-details__short-description\">\n<div class=\"elementor-element elementor-element-13c1b043 elementor-widget elementor-widget-woocommerce-product-short-description\" data-id=\"13c1b043\" data-element_type=\"widget\" data-widget_type=\"woocommerce-product-short-description.default\">\n<div class=\"elementor-widget-container\">\n<div class=\"woocommerce-product-details__short-description\">\n<div class=\"elementor-element elementor-element-13c1b043 elementor-widget elementor-widget-woocommerce-product-short-description\" data-id=\"13c1b043\" data-element_type=\"widget\" data-widget_type=\"woocommerce-product-short-description.default\">\n<div class=\"elementor-widget-container\">\n<div class=\"woocommerce-product-details__short-description\">\n<div class=\"elementor-element elementor-element-13c1b043 elementor-widget elementor-widget-woocommerce-product-short-description\" data-id=\"13c1b043\" data-element_type=\"widget\" data-widget_type=\"woocommerce-product-short-description.default\">\n<div class=\"elementor-widget-container\">\n<div class=\"woocommerce-product-details__short-description\">\n<div class=\"elementor-element elementor-element-13c1b043 elementor-widget elementor-widget-woocommerce-product-short-description\" data-id=\"13c1b043\" data-element_type=\"widget\" data-widget_type=\"woocommerce-product-short-description.default\">\n<div class=\"elementor-widget-container\">\n<div class=\"woocommerce-product-details__short-description\">\n<div class=\"elementor-element elementor-element-13c1b043 elementor-widget elementor-widget-woocommerce-product-short-description\" data-id=\"13c1b043\" data-element_type=\"widget\" data-widget_type=\"woocommerce-product-short-description.default\">\n<div class=\"elementor-widget-container\">\n<div class=\"woocommerce-product-details__short-description\">\n<div class=\"elementor-element elementor-element-13c1b043 elementor-widget elementor-widget-woocommerce-product-short-description\" data-id=\"13c1b043\" data-element_type=\"widget\" data-widget_type=\"woocommerce-product-short-description.default\">\n<div class=\"elementor-widget-container\">\n<div class=\"woocommerce-product-details__short-description\">\n<p>EAN:4017080086561<\/p>\n<p>SKU:520238775<\/p>\n<p>Svoris: 2.006 kg<\/p>\n<\/div>\n<\/div>\n<\/div>\n<\/div>\n<\/div>\n<\/div>\n<\/div>\n<\/div>\n<\/div>\n<\/div>\n<\/div>\n<\/div>\n<\/div>\n<\/div>\n<\/div>\n<\/div>\n<\/div>\n<\/div>\n<\/div>\n<\/div>\n<\/div>\n<\/div>\n<\/div>\n<\/div>","protected":false},"featured_media":2664,"comment_status":"closed","ping_status":"closed","template":"","meta":[],"product_cat":[26,166,185],"product_tag":[],"class_list":{"0":"post-2663","1":"product","2":"type-product","3":"status-publish","4":"has-post-thumbnail","6":"produktu-serija-balance","7":"produkto-gamintojas-kludi","8":"product_cat-vonios-kambarys","9":"product_cat-vandens-maisytuvai","10":"product_cat-praustuvo-maisytuvai-praustuvai","12":"first","13":"instock","14":"sale","15":"taxable","16":"shipping-taxable","17":"purchasable","18":"product-type-simple"},"_links":{"self":[{"href":"https:\/\/vonia24.com\/ru\/wp-json\/wp\/v2\/product\/2663","targetHints":{"allow":["GET"]}}],"collection":[{"href":"https:\/\/vonia24.com\/ru\/wp-json\/wp\/v2\/product"}],"about":[{"href":"https:\/\/vonia24.com\/ru\/wp-json\/wp\/v2\/types\/product"}],"replies":[{"embeddable":true,"href":"https:\/\/vonia24.com\/ru\/wp-json\/wp\/v2\/comments?post=2663"}],"wp:featuredmedia":[{"embeddable":true,"href":"https:\/\/vonia24.com\/ru\/wp-json\/wp\/v2\/media\/2664"}],"wp:attachment":[{"href":"https:\/\/vonia24.com\/ru\/wp-json\/wp\/v2\/media?parent=2663"}],"wp:term":[{"taxonomy":"product_cat","embeddable":true,"href":"https:\/\/vonia24.com\/ru\/wp-json\/wp\/v2\/product_cat?post=2663"},{"taxonomy":"product_tag","embeddable":true,"href":"https:\/\/vonia24.com\/ru\/wp-json\/wp\/v2\/product_tag?post=2663"}],"curies":[{"name":"wp","href":"https:\/\/api.w.org\/{rel}","templated":true}]}}